{"id":103,"date":"2020-03-09T18:58:28","date_gmt":"2020-03-09T18:58:28","guid":{"rendered":"https:\/\/molnarmariann-homeopatia.eu\/WP\/?page_id=103"},"modified":"2025-11-22T20:02:22","modified_gmt":"2025-11-22T20:02:22","slug":"arak","status":"publish","type":"page","link":"http:\/\/www.molnarmariann-homeopatia.eu\/WP\/arak\/","title":{"rendered":"\u00c1rak"},"content":{"rendered":"<div class=\"boldgrid-section\">\n<div class=\"container\">\n<div class=\"row\">\n<div class=\"col-lg-12 col-md-12 col-xs-12 col-sm-12\">\n<h2 class=\"\"><a href=\"http:\/\/www.molnarmariann-homeopatia.eu\/WP\/wp-content\/uploads\/2025\/11\/2o25.12.o1-tol-Homeopatias-vizsgalat-es-tanacsadas-dijai.pdf\" target=\"_blank\" rel=\"noopener\">Homeop\u00e1ti\u00e1s vizsg\u00e1lat \u00e9s tan\u00e1csad\u00e1s d\u00edjai 2025. december 1-t\u0151l<\/a><\/h2>\n<\/div>\n<\/div>\n<\/div>\n<\/div>\n","protected":false},"excerpt":{"rendered":"<p>Homeop\u00e1ti\u00e1s vizsg\u00e1lat \u00e9s tan\u00e1csad\u00e1s d\u00edjai 2025. december 1-t\u0151l<\/p>\n","protected":false},"author":2,"featured_media":0,"parent":0,"menu_order":0,"comment_status":"closed","ping_status":"closed","template":"template-without-title.php","meta":{"bgseo_title":"","bgseo_description":"","bgseo_robots_index":"index","bgseo_robots_follow":"follow","footnotes":""},"class_list":["post-103","page","type-page","status-publish","hentry"],"_links":{"self":[{"href":"http:\/\/www.molnarmariann-homeopatia.eu\/WP\/wp-json\/wp\/v2\/pages\/103","targetHints":{"allow":["GET"]}}],"collection":[{"href":"http:\/\/www.molnarmariann-homeopatia.eu\/WP\/wp-json\/wp\/v2\/pages"}],"about":[{"href":"http:\/\/www.molnarmariann-homeopatia.eu\/WP\/wp-json\/wp\/v2\/types\/page"}],"author":[{"embeddable":true,"href":"http:\/\/www.molnarmariann-homeopatia.eu\/WP\/wp-json\/wp\/v2\/users\/2"}],"replies":[{"embeddable":true,"href":"http:\/\/www.molnarmariann-homeopatia.eu\/WP\/wp-json\/wp\/v2\/comments?post=103"}],"version-history":[{"count":10,"href":"http:\/\/www.molnarmariann-homeopatia.eu\/WP\/wp-json\/wp\/v2\/pages\/103\/revisions"}],"predecessor-version":[{"id":1625,"href":"http:\/\/www.molnarmariann-homeopatia.eu\/WP\/wp-json\/wp\/v2\/pages\/103\/revisions\/1625"}],"wp:attachment":[{"href":"http:\/\/www.molnarmariann-homeopatia.eu\/WP\/wp-json\/wp\/v2\/media?parent=103"}],"curies":[{"name":"wp","href":"https:\/\/api.w.org\/{rel}","templated":true}]}}