{"id":1358,"date":"2024-08-30T19:12:00","date_gmt":"2024-08-30T19:12:00","guid":{"rendered":"http:\/\/www.molnarmariann-homeopatia.eu\/WP\/?page_id=1358"},"modified":"2024-08-30T19:12:00","modified_gmt":"2024-08-30T19:12:00","slug":"moev","status":"publish","type":"page","link":"http:\/\/www.molnarmariann-homeopatia.eu\/WP\/moev\/","title":{"rendered":"moev"},"content":{"rendered":"<div class=\"boldgrid-section\">\n<div class=\"container\">\n<div class=\"row\">\n<div class=\"col-lg-12 col-md-12 col-xs-12 col-sm-12\">\n<p class=\"\"><a href=\"http:\/\/www.molnarmariann-homeopatia.eu\/WP\/wp-content\/uploads\/2024\/08\/1.handoutnak-Szelid-biztonsagos-megis-hatasos-eszkozokkel-boron-jelentkezo-tunetek-eseten.pdf\" target=\"_blank\" rel=\"noopener\">Handout &#8211; Szel\u00edd, biztons\u00e1gos, m\u00e9gis hat\u00e1sos eszk\u00f6z\u00f6kkel b\u0151r\u00f6n jelentkez\u0151 t\u00fcnetek eset\u00e9n<\/a><\/p>\n<p class=\"\"><a href=\"http:\/\/www.molnarmariann-homeopatia.eu\/WP\/wp-content\/uploads\/2024\/08\/absztrakt-magyar-angol-mm.pdf\" target=\"_blank\" rel=\"noopener\">Absztrakt magyar-angol<\/a><\/p>\n<\/div>\n<\/div>\n<\/div>\n<\/div>\n","protected":false},"excerpt":{"rendered":"<p>Handout &#8211; Szel\u00edd, biztons\u00e1gos, m\u00e9gis hat\u00e1sos eszk\u00f6z\u00f6kkel b\u0151r\u00f6n jelentkez\u0151 t\u00fcnetek eset\u00e9n Absztrakt magyar-angol<\/p>\n","protected":false},"author":2,"featured_media":0,"parent":0,"menu_order":0,"comment_status":"closed","ping_status":"closed","template":"template\/page\/fullwidth.php","meta":{"bgseo_title":"","bgseo_description":"","bgseo_robots_index":"index","bgseo_robots_follow":"follow","footnotes":""},"class_list":["post-1358","page","type-page","status-publish","hentry"],"_links":{"self":[{"href":"http:\/\/www.molnarmariann-homeopatia.eu\/WP\/wp-json\/wp\/v2\/pages\/1358","targetHints":{"allow":["GET"]}}],"collection":[{"href":"http:\/\/www.molnarmariann-homeopatia.eu\/WP\/wp-json\/wp\/v2\/pages"}],"about":[{"href":"http:\/\/www.molnarmariann-homeopatia.eu\/WP\/wp-json\/wp\/v2\/types\/page"}],"author":[{"embeddable":true,"href":"http:\/\/www.molnarmariann-homeopatia.eu\/WP\/wp-json\/wp\/v2\/users\/2"}],"replies":[{"embeddable":true,"href":"http:\/\/www.molnarmariann-homeopatia.eu\/WP\/wp-json\/wp\/v2\/comments?post=1358"}],"version-history":[{"count":1,"href":"http:\/\/www.molnarmariann-homeopatia.eu\/WP\/wp-json\/wp\/v2\/pages\/1358\/revisions"}],"predecessor-version":[{"id":1363,"href":"http:\/\/www.molnarmariann-homeopatia.eu\/WP\/wp-json\/wp\/v2\/pages\/1358\/revisions\/1363"}],"wp:attachment":[{"href":"http:\/\/www.molnarmariann-homeopatia.eu\/WP\/wp-json\/wp\/v2\/media?parent=1358"}],"curies":[{"name":"wp","href":"https:\/\/api.w.org\/{rel}","templated":true}]}}