{"id":149,"date":"2020-03-19T07:25:43","date_gmt":"2020-03-19T07:25:43","guid":{"rendered":"https:\/\/molnarmariann-homeopatia.eu\/WP\/?page_id=149"},"modified":"2022-10-16T07:33:47","modified_gmt":"2022-10-16T07:33:47","slug":"covid19","status":"publish","type":"page","link":"http:\/\/www.molnarmariann-homeopatia.eu\/WP\/covid19\/","title":{"rendered":"Covid-19"},"content":{"rendered":"<div class=\"boldgrid-section\">\n<div class=\"container\">\n<div class=\"row\">\n<div class=\"col-md-12 col-xs-12 col-sm-12 col-lg-12\">\n<p style=\"text-align: left;\" align=\"center\"><span style=\"color: #ff0000;\"><strong><a style=\"color: #ff0000;\" href=\"http:\/\/www.molnarmariann-homeopatia.eu\/WP\/wp-content\/uploads\/2022\/10\/MIMSZ-Ahogy-en-probaltam-evezni-a-covid-hullamain.pdf\" target=\"_blank\" rel=\"noopener\">MIMSZ Kongresszus 2022.10.15. &#8211; Ahogy \u00e9n pr\u00f3b\u00e1ltam evezni a covid hull\u00e1main<\/a><\/strong><\/span><\/p>\n<p class=\"\"><strong><span style=\"color: #ff0000;\">El\u0151ad\u00e1som 2021.06.19-\u00e9n a Magyar Homeopata Orvosi Egyes\u00fclet \u00e1ltal szervezett &#8220;J\u00e1rv\u00e1nyon innen \u00e9s t\u00fal&#8221; webin\u00e1riumon<\/span><br \/>\n<\/strong><a href=\"http:\/\/www.molnarmariann-homeopatia.eu\/WP\/wp-content\/uploads\/2021\/06\/MHOE-Ahogy-en-probaltam-evezni-a-covid-hullamain.pdf\" target=\"_blank\" rel=\"noopener\">MHOE &#8211; Ahogy \u00e9n pr\u00f3b\u00e1ltam evezni a covid hull\u00e1main<\/a><br \/>\n<a href=\"http:\/\/www.molnarmariann-homeopatia.eu\/WP\/wp-content\/uploads\/2021\/06\/link-ajanlo.pdf\">link-aj\u00e1nl\u00f3<\/a><br \/>\n<a href=\"http:\/\/www.molnarmariann-homeopatia.eu\/WP\/wp-content\/uploads\/2021\/06\/Worse-Than-the-Disease.pdf\">Worse Than the Disease<\/a><br \/>\n<a href=\"http:\/\/www.molnarmariann-homeopatia.eu\/WP\/wp-content\/uploads\/2021\/06\/postcovid19szindroma_protokoll.pdf\">postcovid19szindroma_protokoll<\/a><strong><br \/>\n<\/strong><\/p>\n<p class=\"\">&nbsp;<\/p>\n<p class=\"\"><a href=\"http:\/\/www.molnarmariann-homeopatia.eu\/WP\/wp-content\/uploads\/2021\/12\/spike-protein-detox-pdf.pdf\" target=\"_blank\" rel=\"noopener\">A spike protein (t\u00fcskefeh\u00e9rje) kitakar\u00edt\u00e1sa a szervezetb\u0151l<\/a><\/p>\n<p class=\"\"><a href=\"http:\/\/www.molnarmariann-homeopatia.eu\/WP\/wp-content\/uploads\/2021\/12\/2o21-dec.-covidos-gondolataim-mm.pdf\" target=\"_blank\" rel=\"noopener\">2o21 december &#8211;&nbsp; covidos gondolataim<\/a><\/p>\n<p class=\"mod-reset\"><a href=\"http:\/\/www.gyogyszeresztortenet.hu\/covid-19\/\" target=\"_blank\" rel=\"noopener noreferrer\" data-saferedirecturl=\"https:\/\/www.google.com\/url?q=http:\/\/www.gyogyszeresztortenet.hu\/covid-19\/&amp;source=gmail&amp;ust=1611662942220000&amp;usg=AFQjCNGyqffuDwGzs9qGDcG8ykC8hy54Zg\">COVID-19 \u2013 Magyar Gy\u00f3gyszer\u00e9szt\u00f6rt\u00e9neti T\u00e1rsas\u00e1g (gyogyszeresztortenet.hu)<\/a><\/p>\n<p class=\"mod-reset\"><a href=\"http:\/\/www.molnarmariann-homeopatia.eu\/WP\/wp-content\/uploads\/2020\/10\/kiegeszito_javaslatok_2020oktober_covid19_2.pdf\" target=\"_blank\" rel=\"noopener noreferrer\">Kieg\u00e9sz\u00edt\u0151 javaslataim 2020 okt\u00f3ber\u00e9ben a Covid19 kapcs\u00e1n<\/a><\/p>\n<p class=\"mod-reset\"><a href=\"http:\/\/www.molnarmariann-homeopatia.eu\/WP\/wp-content\/uploads\/2020\/11\/COVID-19-betegtajekoztato-2020-11-26.pdf\">A Semmelweis Egyetem aj\u00e1nl\u00e1sa 2020 november<\/a><\/p>\n<p class=\"\">koronav\u00edrus kisokos: <a href=\"https:\/\/koronavirus-kisokos.eu\/\" target=\"_blank\" rel=\"noopener noreferrer\">https:\/\/koronavirus-kisokos.eu\/<\/a><\/p>\n<p class=\"\">hivatalos magyar inform\u00e1ci\u00f3s oldal: <a href=\"https:\/\/koronavirus.gov.hu\/\" target=\"_blank\" rel=\"noopener noreferrer\">https:\/\/koronavirus.gov.hu\/<\/a><\/p>\n<p class=\"\"><a href=\"https:\/\/www.covid1001.hu\/\" target=\"_blank\" rel=\"noopener noreferrer\">https:\/\/www.covid1001.hu\/<\/a><\/p>\n<p class=\"\"><img loading=\"lazy\" decoding=\"async\" class=\"alignnone wp-image-699\" src=\"http:\/\/www.molnarmariann-homeopatia.eu\/WP\/wp-content\/uploads\/2020\/11\/20201102_dontesi_folyamat_covid_gyerek-300x215.jpg\" alt=\"\" width=\"1023\" height=\"733\" srcset=\"http:\/\/www.molnarmariann-homeopatia.eu\/WP\/wp-content\/uploads\/2020\/11\/20201102_dontesi_folyamat_covid_gyerek-300x215.jpg 300w, http:\/\/www.molnarmariann-homeopatia.eu\/WP\/wp-content\/uploads\/2020\/11\/20201102_dontesi_folyamat_covid_gyerek-1024x734.jpg 1024w, http:\/\/www.molnarmariann-homeopatia.eu\/WP\/wp-content\/uploads\/2020\/11\/20201102_dontesi_folyamat_covid_gyerek-768x551.jpg 768w, http:\/\/www.molnarmariann-homeopatia.eu\/WP\/wp-content\/uploads\/2020\/11\/20201102_dontesi_folyamat_covid_gyerek-1170x839.jpg 1170w, http:\/\/www.molnarmariann-homeopatia.eu\/WP\/wp-content\/uploads\/2020\/11\/20201102_dontesi_folyamat_covid_gyerek-250x179.jpg 250w, http:\/\/www.molnarmariann-homeopatia.eu\/WP\/wp-content\/uploads\/2020\/11\/20201102_dontesi_folyamat_covid_gyerek-550x394.jpg 550w, http:\/\/www.molnarmariann-homeopatia.eu\/WP\/wp-content\/uploads\/2020\/11\/20201102_dontesi_folyamat_covid_gyerek-800x574.jpg 800w, http:\/\/www.molnarmariann-homeopatia.eu\/WP\/wp-content\/uploads\/2020\/11\/20201102_dontesi_folyamat_covid_gyerek-251x180.jpg 251w, http:\/\/www.molnarmariann-homeopatia.eu\/WP\/wp-content\/uploads\/2020\/11\/20201102_dontesi_folyamat_covid_gyerek-418x300.jpg 418w, http:\/\/www.molnarmariann-homeopatia.eu\/WP\/wp-content\/uploads\/2020\/11\/20201102_dontesi_folyamat_covid_gyerek-697x500.jpg 697w, http:\/\/www.molnarmariann-homeopatia.eu\/WP\/wp-content\/uploads\/2020\/11\/20201102_dontesi_folyamat_covid_gyerek-210x150.jpg 210w, http:\/\/www.molnarmariann-homeopatia.eu\/WP\/wp-content\/uploads\/2020\/11\/20201102_dontesi_folyamat_covid_gyerek.jpg 1280w\" sizes=\"auto, (max-width: 1023px) 100vw, 1023px\" \/><\/p>\n<\/div>\n<\/div>\n<\/div>\n<\/div>\n","protected":false},"excerpt":{"rendered":"<p>MIMSZ Kongresszus 2022.10.15. &#8211; Ahogy \u00e9n pr\u00f3b\u00e1ltam evezni a covid hull\u00e1main El\u0151ad\u00e1som 2021.06.19-\u00e9n a Magyar Homeopata Orvosi Egyes\u00fclet \u00e1ltal szervezett &#8220;J\u00e1rv\u00e1nyon innen \u00e9s t\u00fal&#8221; webin\u00e1riumon MHOE &#8211; Ahogy \u00e9n pr\u00f3b\u00e1ltam evezni a covid hull\u00e1main link-aj\u00e1nl\u00f3 Worse Than the Disease postcovid19szindroma_protokoll&#8230;<br \/><a class=\"read-more-button\" href=\"http:\/\/www.molnarmariann-homeopatia.eu\/WP\/covid19\/\">Read more<\/a><\/p>\n","protected":false},"author":2,"featured_media":0,"parent":0,"menu_order":0,"comment_status":"closed","ping_status":"closed","template":"template-without-title.php","meta":{"bgseo_title":"","bgseo_description":"","bgseo_robots_index":"index","bgseo_robots_follow":"follow","footnotes":""},"class_list":["post-149","page","type-page","status-publish","hentry"],"_links":{"self":[{"href":"http:\/\/www.molnarmariann-homeopatia.eu\/WP\/wp-json\/wp\/v2\/pages\/149","targetHints":{"allow":["GET"]}}],"collection":[{"href":"http:\/\/www.molnarmariann-homeopatia.eu\/WP\/wp-json\/wp\/v2\/pages"}],"about":[{"href":"http:\/\/www.molnarmariann-homeopatia.eu\/WP\/wp-json\/wp\/v2\/types\/page"}],"author":[{"embeddable":true,"href":"http:\/\/www.molnarmariann-homeopatia.eu\/WP\/wp-json\/wp\/v2\/users\/2"}],"replies":[{"embeddable":true,"href":"http:\/\/www.molnarmariann-homeopatia.eu\/WP\/wp-json\/wp\/v2\/comments?post=149"}],"version-history":[{"count":10,"href":"http:\/\/www.molnarmariann-homeopatia.eu\/WP\/wp-json\/wp\/v2\/pages\/149\/revisions"}],"predecessor-version":[{"id":1021,"href":"http:\/\/www.molnarmariann-homeopatia.eu\/WP\/wp-json\/wp\/v2\/pages\/149\/revisions\/1021"}],"wp:attachment":[{"href":"http:\/\/www.molnarmariann-homeopatia.eu\/WP\/wp-json\/wp\/v2\/media?parent=149"}],"curies":[{"name":"wp","href":"https:\/\/api.w.org\/{rel}","templated":true}]}}