{"id":306,"date":"2020-08-02T11:43:23","date_gmt":"2020-08-02T11:43:23","guid":{"rendered":"http:\/\/www.molnarmariann-homeopatia.eu\/WP\/?page_id=306"},"modified":"2020-08-02T11:43:23","modified_gmt":"2020-08-02T11:43:23","slug":"bemutatkozas-2","status":"publish","type":"page","link":"http:\/\/www.molnarmariann-homeopatia.eu\/WP\/bemutatkozas-2\/","title":{"rendered":"Bemutatkoz\u00e1s"},"content":{"rendered":"<div class=\"boldgrid-section\">\n<div class=\"container\">\n<div class=\"row\">\n<div class=\"col-md-12 col-xs-12 col-sm-12\">\n<p class=\"\" style=\"margin: 0cm 0cm 0pt;\"><span style=\"color: navy; font-family: 'Comic Sans MS'; font-size: 10pt; mso-bidi-font-family: Comic Sans MS;\">Moln\u00e1r Mariann<\/span><\/p>\n<p class=\"\"><img loading=\"lazy\" decoding=\"async\" class=\"alignnone  wp-image-308\" src=\"http:\/\/www.molnarmariann-homeopatia.eu\/WP\/wp-content\/uploads\/2020\/08\/unnamed-218x300.jpg\" alt=\"\" width=\"179\" height=\"246\" srcset=\"http:\/\/www.molnarmariann-homeopatia.eu\/WP\/wp-content\/uploads\/2020\/08\/unnamed-218x300.jpg 218w, http:\/\/www.molnarmariann-homeopatia.eu\/WP\/wp-content\/uploads\/2020\/08\/unnamed-250x345.jpg 250w, http:\/\/www.molnarmariann-homeopatia.eu\/WP\/wp-content\/uploads\/2020\/08\/unnamed-131x180.jpg 131w, http:\/\/www.molnarmariann-homeopatia.eu\/WP\/wp-content\/uploads\/2020\/08\/unnamed.jpg 351w\" sizes=\"auto, (max-width: 179px) 100vw, 179px\" \/><\/p>\n<p class=\"\" style=\"margin: 0cm 0cm 0pt;\"><span style=\"color: navy; font-family: 'Comic Sans MS'; font-size: 10pt; mso-bidi-font-family: Comic Sans MS;\">1955-ben sz\u00fclettem Budapesten.&nbsp;<\/span><\/p>\n<p class=\"\" style=\"margin: 0cm 0cm 0pt;\"><span style=\"color: navy; font-family: 'Comic Sans MS'; font-size: 10pt; mso-bidi-font-family: Comic Sans MS;\">A Semmelweis Orvostudom\u00e1nyi Egyetem \u00c1ltal\u00e1nos Orvostudom\u00e1nyi kar\u00e1n 1979-ben szereztem \u201esumma cum laude\u201d diplom\u00e1t, csecsem\u0151-gyermekgy\u00f3gy\u00e1szatb\u00f3l 1983-ban szakvizsg\u00e1ztam jeles eredm\u00e9nnyel.<br \/>\n<\/span><\/p>\n<p>&nbsp;<\/p>\n<p class=\"\" style=\"margin: 0cm 0cm 0pt;\"><span style=\"color: navy; font-family: 'Comic Sans MS'; font-size: 10pt; mso-bidi-font-family: Comic Sans MS;\">Az Ajkai K\u00f3rh\u00e1z Csecsem\u0151-gyermekoszt\u00e1ly\u00e1n dolgoztam, majd Gy\u00e1lon lettem k\u00f6rzeti gyermekorvos. A R\u00e1kospalotai Le\u00e1nynevel\u0151 Int\u00e9zetben int\u00e9zeti orvosk\u00e9nt t\u00f6lt\u00f6ttem 3,5 \u00e9vet.<\/span><\/p>\n<p>&nbsp;<\/p>\n<p style=\"margin: 0cm 0cm 0pt;\"><span style=\"color: navy; font-family: 'Comic Sans MS'; font-size: 10pt; mso-bidi-font-family: Comic Sans MS;\">1993-ban kezdtem f\u0151\u00e1ll\u00e1sban a homeop\u00e1ti\u00e1s \u00e9s gyermekorvosi mag\u00e1nrendel\u00e9st Zugl\u00f3ban, majd 1996-t\u00f3l <\/span><span style=\"color: #333399; font-family: 'Comic Sans MS'; font-size: 10pt; mso-bidi-font-family: Comic Sans MS;\">\u00dajpesten <span style=\"mso-bidi-font-weight: bold;\">folytattam. <\/span><\/span><\/p>\n<p>&nbsp;<\/p>\n<p style=\"margin: 0cm 0cm 0pt;\"><span style=\"color: navy; font-family: 'Comic Sans MS'; font-size: 10pt; mso-bidi-font-family: Comic Sans MS;\">T\u00f6bb alternat\u00edv gy\u00f3gym\u00f3d megismer\u00e9se ut\u00e1n tal\u00e1ltam r\u00e1 a \u201ehasonl\u00f3t hasonl\u00f3val\u201d gy\u00f3gy\u00edt\u00e1s \u00fatj\u00e1ra.<\/span><\/p>\n<p>&nbsp;<\/p>\n<p style=\"margin: 0cm 0cm 0pt;\"><span style=\"color: navy; font-family: 'Comic Sans MS'; font-size: 10pt; mso-bidi-font-family: Comic Sans MS;\">Els\u0151 homeop\u00e1ti\u00e1s tanfolyamaimon m\u00e9g a tilt\u00e1s idej\u00e9n a Meridian Centrum, majd 1991-ben az Eurosana szervez\u00e9s\u00e9ben vettem r\u00e9szt. 1992-t\u0151l lettem hallgat\u00f3ja a Magyar Homeopata Orvosi Egyes\u00fclet \u00e1ltal szervezett alapk\u00e9pz\u00e9snek \u00e9s rendszeresen magyar \u00e9s neves k\u00fclf\u00f6ldi oktat\u00f3kkal szervezett kieg\u00e9sz\u00edt\u0151 tanfolyamoknak, eljutottam t\u00f6bb k\u00fclf\u00f6ldi kurzusra \u00e9s kongresszusra is.<\/span><\/p>\n<p>&nbsp;<\/p>\n<p class=\"\" style=\"margin: 0cm 0cm 0pt;\"><span style=\"color: navy; font-family: 'Comic Sans MS'; font-size: 10pt; mso-bidi-font-family: Comic Sans MS;\">Term\u00e9szetesen a csecsem\u0151-gyermekgy\u00f3gy\u00e1szati tud\u00e1somat is folyamatosan karbantartom.<\/span><\/p>\n<p>&nbsp;<\/p>\n<p class=\"\" style=\"margin: 0cm 0cm 0pt;\"><span style=\"color: navy; font-family: 'Comic Sans MS'; font-size: 10pt; mso-bidi-font-family: Comic Sans MS;\">1997-ben London College of Classical Homoeopathy Diplom\u00e1j\u00e1t, 2000-ben a Semmelweis Egyetem Licence vizsg\u00e1j\u00e1t szereztem meg. 2007-t\u0151l az ECH Diplom\u00e1t, mint \u201ehonoris causa\u201d kaptam meg.<\/span><\/p>\n<p>&nbsp;<\/p>\n<p style=\"margin: 0cm 0cm 0pt;\"><span style=\"color: navy; font-family: 'Comic Sans MS'; font-size: 10pt; mso-bidi-font-family: Comic Sans MS;\">1993-t\u00f3l a Magyar Homeopata Orvosi Egyes\u00fclet alaptanfolyamainak, bevezet\u0151- \u00e9s kieg\u00e9sz\u00edt\u0151 kurzusainak t\u00e1rsaimmal oktat\u00f3ja \u00e9s felel\u0151se, a tanfolyami jegyzeteknek t\u00e1rsszerz\u0151je voltam.<\/span><\/p>\n<p>&nbsp;<\/p>\n<p style=\"margin: 0cm 0cm 0pt;\"><span style=\"color: navy; font-family: 'Comic Sans MS'; font-size: 10pt; mso-bidi-font-family: Comic Sans MS;\">1993-2001-ig vezet\u0151s\u00e9gi tagk\u00e9nt, ezt k\u00f6vet\u0151en t\u00e1mogat\u00f3k\u00e9nt is r\u00e9szt vettem az Egyes\u00fclet munk\u00e1j\u00e1ban. Mintegy t\u00edz allop\u00e1ti\u00e1s kongresszuson tartottam homeop\u00e1ti\u00e1s el\u0151ad\u00e1st. 1992-t\u0151l rendszeresen tartok ismeretterjeszt\u0151 el\u0151ad\u00e1sokat term\u00e9szetgy\u00f3gy\u00e1szoknak, laikusoknak is, publik\u00e1lok foly\u00f3iratokban, interneten.<\/span><\/p>\n<p>&nbsp;<\/p>\n<p style=\"margin: 0cm 0cm 0pt;\"><span style=\"color: navy; font-family: 'Comic Sans MS'; font-size: 10pt; mso-bidi-font-family: Comic Sans MS;\">P\u00e1cienseimet el\u0151zetes telefonos id\u0151pont-egyeztet\u00e9s ut\u00e1n, kr\u00f3nikus esetekben egy r\u00e9szletes anamn\u00e9zis-lap kit\u00f6lt\u00e9s\u00e9t k\u00f6vet\u0151en \u00fajpesti rendel\u0151mben v\u00e1rom szeretettel.<\/span><\/p>\n<\/div>\n<\/div>\n<\/div>\n<\/div>\n","protected":false},"excerpt":{"rendered":"<p>Moln\u00e1r Mariann 1955-ben sz\u00fclettem Budapesten.&nbsp; A Semmelweis Orvostudom\u00e1nyi Egyetem \u00c1ltal\u00e1nos Orvostudom\u00e1nyi kar\u00e1n 1979-ben szereztem \u201esumma cum laude\u201d diplom\u00e1t, csecsem\u0151-gyermekgy\u00f3gy\u00e1szatb\u00f3l 1983-ban szakvizsg\u00e1ztam jeles eredm\u00e9nnyel. &nbsp; Az Ajkai K\u00f3rh\u00e1z Csecsem\u0151-gyermekoszt\u00e1ly\u00e1n dolgoztam, majd Gy\u00e1lon lettem k\u00f6rzeti gyermekorvos. A R\u00e1kospalotai Le\u00e1nynevel\u0151 Int\u00e9zetben int\u00e9zeti orvosk\u00e9nt&#8230;<br \/><a class=\"read-more-button\" href=\"http:\/\/www.molnarmariann-homeopatia.eu\/WP\/bemutatkozas-2\/\">Read more<\/a><\/p>\n","protected":false},"author":2,"featured_media":0,"parent":0,"menu_order":0,"comment_status":"closed","ping_status":"closed","template":"template\/page\/fullwidth.php","meta":{"bgseo_title":"","bgseo_description":"","bgseo_robots_index":"index","bgseo_robots_follow":"follow","footnotes":""},"class_list":["post-306","page","type-page","status-publish","hentry"],"_links":{"self":[{"href":"http:\/\/www.molnarmariann-homeopatia.eu\/WP\/wp-json\/wp\/v2\/pages\/306","targetHints":{"allow":["GET"]}}],"collection":[{"href":"http:\/\/www.molnarmariann-homeopatia.eu\/WP\/wp-json\/wp\/v2\/pages"}],"about":[{"href":"http:\/\/www.molnarmariann-homeopatia.eu\/WP\/wp-json\/wp\/v2\/types\/page"}],"author":[{"embeddable":true,"href":"http:\/\/www.molnarmariann-homeopatia.eu\/WP\/wp-json\/wp\/v2\/users\/2"}],"replies":[{"embeddable":true,"href":"http:\/\/www.molnarmariann-homeopatia.eu\/WP\/wp-json\/wp\/v2\/comments?post=306"}],"version-history":[{"count":1,"href":"http:\/\/www.molnarmariann-homeopatia.eu\/WP\/wp-json\/wp\/v2\/pages\/306\/revisions"}],"predecessor-version":[{"id":309,"href":"http:\/\/www.molnarmariann-homeopatia.eu\/WP\/wp-json\/wp\/v2\/pages\/306\/revisions\/309"}],"wp:attachment":[{"href":"http:\/\/www.molnarmariann-homeopatia.eu\/WP\/wp-json\/wp\/v2\/media?parent=306"}],"curies":[{"name":"wp","href":"https:\/\/api.w.org\/{rel}","templated":true}]}}