{"id":326,"date":"2020-08-02T11:53:37","date_gmt":"2020-08-02T11:53:37","guid":{"rendered":"http:\/\/www.molnarmariann-homeopatia.eu\/WP\/?page_id=326"},"modified":"2020-08-02T11:53:37","modified_gmt":"2020-08-02T11:53:37","slug":"bejelentkezett-pacienseknek","status":"publish","type":"page","link":"http:\/\/www.molnarmariann-homeopatia.eu\/WP\/bejelentkezett-pacienseknek\/","title":{"rendered":"Bejelentkezett p\u00e1cienseknek"},"content":{"rendered":"<div class=\"boldgrid-section\">\n<div class=\"container\">\n<div class=\"row\">\n<div class=\"col-md-12 col-xs-12 col-sm-12\">\n<p class=\"\"><strong><span style=\"font-size: 10.0pt; font-family: 'Comic Sans MS'; color: #333399;\">Kedves \u00c9rdekl\u0151d\u0151!<\/span><\/strong><\/p>\n<p class=\"\"><span style=\"font-size: 10.0pt; font-family: 'Comic Sans MS'; color: #333399;\">K\u00f6sz\u00f6n\u00f6m, hogy megtisztelt bizalm\u00e1val! K\u00e9rem, legyen sz\u00edves, n\u00e9zzen k\u00f6r\u00fcl egy kicsit a honlapomon, t\u00e1j\u00e9koz\u00f3djon a homeop\u00e1ti\u00e1r\u00f3l, \u00fagy k\u00f6nnyebb lesz a k\u00f6z\u00f6s c\u00e9l \u00e9rdek\u00e9ben egy\u00fctt dolgoznunk!<\/span><\/p>\n<p><span style=\"font-size: 10.0pt; font-family: 'Comic Sans MS'; color: #333399;\">\u0150szint\u00e9n rem\u00e9lem, hogy telefonos besz\u00e9lget\u00e9s\u00fcnk\u00f6n siker\u00fclt egy\u00e9rtelm\u0171en tiszt\u00e1zni, hogy <strong>nem vagyok var\u00e1zsl\u00f3<\/strong> (egyetlen homeopata sem az), \u00edg\u00e9retet csak az igyekezetemre \u00e9s nem-\u00e1rt\u00e1somra tehetek.<\/span><\/p>\n<p><span style=\"font-size: 10.0pt; font-family: 'Comic Sans MS'; color: #333399;\">Kr\u00f3nikus megbeteged\u00e9s eset\u00e9n, az alkati kezel\u00e9s elind\u00edt\u00e1sa egy meglehet\u0151sen <strong>hossz\u00fa (kb. 1,5 \u00f3r\u00e1s) besz\u00e9lget\u00e9s, a v\u00e9g\u00e9n hagyom\u00e1nyos (tet\u0151t\u0151l talpig) orvosi vizsg\u00e1lattal<\/strong>. Hogy ebben a m\u00e1sf\u00e9l \u00f3r\u00e1ban legyen id\u0151nk a l\u00e9nyeges dolgok alapos megbesz\u00e9l\u00e9s\u00e9re, el\u0151re k\u00e9sz\u00fcl\u00f6k betegeimb\u0151l. Ehhez <strong><span style=\"text-decoration: underline;\">k\u00e9rem, legyen sz\u00edves t\u00f6ltse le \u00e9s nyomtassa ki az anamn\u00e9zis lapot<\/span><\/strong> (sz\u00fcl\u0151k sz\u00e1m\u00e1ra gyermek\u00fckr\u0151l 13, feln\u0151ttek sz\u00e1m\u00e1ra \u00f6nmagukr\u00f3l 14 oldal), <strong><span style=\"text-decoration: underline;\">t\u00f6ltse ki k\u00e9zzel<\/span><\/strong>, a lehet\u0151 legnagyobb alaposs\u00e1ggal, \u00e9s juttassa hozz\u00e1m vissza \u00fagy, hogy <strong><span style=\"text-decoration: underline;\">legal\u00e1bb egy hetem legyen a felk\u00e9sz\u00fcl\u00e9sre<\/span><\/strong>. K\u00e9sz\u00fclj\u00f6n r\u00e1, hogy a \u201eh\u00e1zi feladat\u201d kit\u00f6lt\u00e9se is bizony id\u0151ig\u00e9nyes\u2026 K\u00e9rem, <strong>mell\u00e9kelje fontosabb leleteinek \u00e9s k\u00f3rh\u00e1zi z\u00e1r\u00f3jelent\u00e9s\u00e9nek m\u00e1solat\u00e1t<\/strong>.<\/span><\/p>\n<p><span style=\"font-size: 10.0pt; font-family: 'Comic Sans MS'; color: #333399;\">Els\u0151 tal\u00e1lkoz\u00e1sunkra, k\u00e9rem <strong>hozzon mag\u00e1r\u00f3l illetve gyermek\u00e9r\u0151l n\u00e9h\u00e1ny f\u00e9nyk\u00e9pet<\/strong>, \u00fajsz\u00fcl\u00f6tt kor\u00e1t\u00f3l napjainkig. Ha gyermek\u00e9t hozza, <strong>csomagoljon innival\u00f3t, n\u00e9h\u00e1ny kedves j\u00e1t\u00e9kot, k\u00f6nyvet<\/strong> is, mert a rendel\u0151ben\/v\u00e1r\u00f3ban term\u00e9szetesen vannak ilyenek, de sok gyermeknek a megszokott kincsek biztons\u00e1got is jelentnek.<\/span><\/p>\n<p><strong><span style=\"font-size: 10.0pt; font-family: 'Comic Sans MS'; color: #333399;\">Let\u00f6ltend\u0151 <\/span><\/strong><span style=\"font-size: 10.0pt; font-family: 'Comic Sans MS'; color: #333399;\">anyagok:<\/span><\/p>\n<table style=\"height: 46px;\" width=\"257\">\n<tbody>\n<tr>\n<td><span style=\"font-size: 10.0pt; font-family: 'Comic Sans MS'; color: #333399;\">Anamn\u00e9zislap gyermekek r\u00e9sz\u00e9re<\/span><\/td>\n<\/tr>\n<tr>\n<td><span style=\"font-size: 10.0pt; font-family: 'Comic Sans MS'; color: #333399;\">Anamn\u00e9zislap feln\u0151ttek r\u00e9sz\u00e9re<\/span><\/td>\n<\/tr>\n<\/tbody>\n<\/table>\n<p>&nbsp;<\/p>\n<p><strong><span style=\"font-size: 10.0pt; font-family: 'Comic Sans MS'; color: #333399;\">Let\u00f6lthet\u0151 <\/span><\/strong><span style=\"font-size: 10.0pt; font-family: 'Comic Sans MS'; color: #333399;\">anyagok m\u00e9g:<\/span><\/p>\n<table style=\"height: 67px;\" width=\"416\">\n<tbody>\n<tr>\n<td><span style=\"font-size: 10.0pt; font-family: 'Comic Sans MS'; color: #333399;\">Tan\u00e1csok a homeop\u00e1ti\u00e1s gy\u00f3gyszerek t\u00e1rol\u00e1s\u00e1ra \u00e9s bev\u00e9tel\u00e9re<\/span><\/td>\n<\/tr>\n<tr>\n<td><span style=\"font-size: 10.0pt; font-family: 'Comic Sans MS'; color: #333399;\">T\u00e9rk\u00e9p a rendel\u0151h\u00f6z<\/span><\/td>\n<\/tr>\n<tr>\n<td><span style=\"font-size: 10.0pt; font-family: 'Comic Sans MS'; color: #333399;\">R\u00f6vid ismertet\u0151 a homeop\u00e1ti\u00e1r\u00f3l<\/span><\/td>\n<\/tr>\n<\/tbody>\n<\/table>\n<p>&nbsp;<\/p>\n<p>&nbsp;<\/p>\n<p>&nbsp;<\/p>\n<p>&nbsp;<\/p>\n<\/div>\n<\/div>\n<\/div>\n<\/div>\n","protected":false},"excerpt":{"rendered":"<p>Kedves \u00c9rdekl\u0151d\u0151! K\u00f6sz\u00f6n\u00f6m, hogy megtisztelt bizalm\u00e1val! K\u00e9rem, legyen sz\u00edves, n\u00e9zzen k\u00f6r\u00fcl egy kicsit a honlapomon, t\u00e1j\u00e9koz\u00f3djon a homeop\u00e1ti\u00e1r\u00f3l, \u00fagy k\u00f6nnyebb lesz a k\u00f6z\u00f6s c\u00e9l \u00e9rdek\u00e9ben egy\u00fctt dolgoznunk! \u0150szint\u00e9n rem\u00e9lem, hogy telefonos besz\u00e9lget\u00e9s\u00fcnk\u00f6n siker\u00fclt egy\u00e9rtelm\u0171en tiszt\u00e1zni, hogy nem vagyok var\u00e1zsl\u00f3 (egyetlen&#8230;<br \/><a class=\"read-more-button\" href=\"http:\/\/www.molnarmariann-homeopatia.eu\/WP\/bejelentkezett-pacienseknek\/\">Read more<\/a><\/p>\n","protected":false},"author":2,"featured_media":0,"parent":0,"menu_order":0,"comment_status":"closed","ping_status":"closed","template":"template\/page\/fullwidth.php","meta":{"bgseo_title":"","bgseo_description":"","bgseo_robots_index":"index","bgseo_robots_follow":"follow","footnotes":""},"class_list":["post-326","page","type-page","status-publish","hentry"],"_links":{"self":[{"href":"http:\/\/www.molnarmariann-homeopatia.eu\/WP\/wp-json\/wp\/v2\/pages\/326","targetHints":{"allow":["GET"]}}],"collection":[{"href":"http:\/\/www.molnarmariann-homeopatia.eu\/WP\/wp-json\/wp\/v2\/pages"}],"about":[{"href":"http:\/\/www.molnarmariann-homeopatia.eu\/WP\/wp-json\/wp\/v2\/types\/page"}],"author":[{"embeddable":true,"href":"http:\/\/www.molnarmariann-homeopatia.eu\/WP\/wp-json\/wp\/v2\/users\/2"}],"replies":[{"embeddable":true,"href":"http:\/\/www.molnarmariann-homeopatia.eu\/WP\/wp-json\/wp\/v2\/comments?post=326"}],"version-history":[{"count":1,"href":"http:\/\/www.molnarmariann-homeopatia.eu\/WP\/wp-json\/wp\/v2\/pages\/326\/revisions"}],"predecessor-version":[{"id":328,"href":"http:\/\/www.molnarmariann-homeopatia.eu\/WP\/wp-json\/wp\/v2\/pages\/326\/revisions\/328"}],"wp:attachment":[{"href":"http:\/\/www.molnarmariann-homeopatia.eu\/WP\/wp-json\/wp\/v2\/media?parent=326"}],"curies":[{"name":"wp","href":"https:\/\/api.w.org\/{rel}","templated":true}]}}