{"id":342,"date":"2020-08-02T12:08:15","date_gmt":"2020-08-02T12:08:15","guid":{"rendered":"http:\/\/www.molnarmariann-homeopatia.eu\/WP\/?page_id=342"},"modified":"2020-08-02T12:54:45","modified_gmt":"2020-08-02T12:54:45","slug":"homeopatia","status":"publish","type":"page","link":"http:\/\/www.molnarmariann-homeopatia.eu\/WP\/homeopatia\/","title":{"rendered":"Homeop\u00e1tia"},"content":{"rendered":"<div class=\"boldgrid-section\">\n<div class=\"container\">\n<div class=\"row\">\n<div class=\"col-md-12 col-xs-12 col-sm-12\">\n<p class=\"\"><a href=\"http:\/\/www.molnarmariann-homeopatia.eu\/WP\/wp-content\/uploads\/2020\/08\/ausztral_jelentes_felulbiralata_2019.pdf\" target=\"_blank\" rel=\"noopener noreferrer\">Az ausztr\u00e1l jelent\u00e9s fel\u00fclb\u00edr\u00e1lata &#8211; 2019<\/a><\/p>\n<p class=\"\"><a href=\"http:\/\/www.molnarmariann-homeopatia.eu\/WP\/wp-content\/uploads\/2020\/08\/front-matter.pdf\" target=\"_blank\" rel=\"noopener noreferrer\">Homeopathy in Healthcare \u2013 Effectiveness, Appropriateness, Safety, Costs<\/a><\/p>\n<p class=\"\"><a href=\"http:\/\/www.molnarmariann-homeopatia.eu\/WP\/wp-content\/uploads\/2020\/08\/hormesis-and-homeopathy-BELLE_newsletter.pdf\" target=\"_blank\" rel=\"noopener noreferrer\">Hormesis and homeopathy &#8211; BELLE_newsletter<\/a><\/p>\n<p class=\"\"><a href=\"http:\/\/www.molnarmariann-homeopatia.eu\/WP\/wp-content\/uploads\/2020\/08\/hormezis-a-modern-orvoslasban-15655.pdf\" target=\"_blank\" rel=\"noopener noreferrer\">Hormezis a modern orvosl\u00e1sban<\/a><\/p>\n<p class=\"\"><a href=\"http:\/\/www.molnarmariann-homeopatia.eu\/WP\/wp-content\/uploads\/2020\/08\/Montagnier.pdf\" target=\"_blank\" rel=\"noopener noreferrer\">Montagnier<\/a><\/p>\n<p class=\"\"><a href=\"http:\/\/www.molnarmariann-homeopatia.eu\/WP\/wp-content\/uploads\/2020\/08\/MTA_Komplementer_eljarasok_allasfoglalas2018.pdf\" target=\"_blank\" rel=\"noopener noreferrer\">MTA_Komplementer_eljarasok_allasfoglalas2018<\/a><\/p>\n<p class=\"\"><a href=\"http:\/\/www.molnarmariann-homeopatia.eu\/WP\/wp-content\/uploads\/2020\/08\/Nyi\u0301lt-leve\u0301l-a-Magyar-Tudoma\u0301nyos-Akade\u0301mia-Orvosi-Tudoma\u0301nyok-Oszta\u0301lya\u0301hoz.pdf\" target=\"_blank\" rel=\"noopener noreferrer\">Nyi\u0301lt leve\u0301l a Magyar Tudoma\u0301nyos Akade\u0301mia Orvosi Tudoma\u0301nyok Oszta\u0301lya\u0301hoz<\/a><\/p>\n<p class=\"\"><a href=\"http:\/\/www.molnarmariann-homeopatia.eu\/WP\/wp-content\/uploads\/2020\/08\/PIIS0954611118303706.pdf\" target=\"_blank\" rel=\"noopener noreferrer\">Impact of a homeopathic medication on upper respiratory tract infections in COPD patients: Results of an observational, prospective study (EPOXILO)<\/a><\/p>\n<p class=\"\"><a href=\"http:\/\/www.molnarmariann-homeopatia.eu\/WP\/wp-content\/uploads\/2020\/08\/WHO-772160.pdf\" target=\"_blank\" rel=\"noopener noreferrer\">WHO 77(2)160<\/a><\/p>\n<\/div>\n<\/div>\n<\/div>\n<\/div>\n","protected":false},"excerpt":{"rendered":"<p>Az ausztr\u00e1l jelent\u00e9s fel\u00fclb\u00edr\u00e1lata &#8211; 2019 Homeopathy in Healthcare \u2013 Effectiveness, Appropriateness, Safety, Costs Hormesis and homeopathy &#8211; BELLE_newsletter Hormezis a modern orvosl\u00e1sban Montagnier MTA_Komplementer_eljarasok_allasfoglalas2018 Nyi\u0301lt leve\u0301l a Magyar Tudoma\u0301nyos Akade\u0301mia Orvosi Tudoma\u0301nyok Oszta\u0301lya\u0301hoz Impact of a homeopathic medication on&#8230;<br \/><a class=\"read-more-button\" href=\"http:\/\/www.molnarmariann-homeopatia.eu\/WP\/homeopatia\/\">Read more<\/a><\/p>\n","protected":false},"author":2,"featured_media":0,"parent":0,"menu_order":0,"comment_status":"closed","ping_status":"closed","template":"template\/page\/fullwidth.php","meta":{"bgseo_title":"","bgseo_description":"","bgseo_robots_index":"index","bgseo_robots_follow":"follow","footnotes":""},"class_list":["post-342","page","type-page","status-publish","hentry"],"_links":{"self":[{"href":"http:\/\/www.molnarmariann-homeopatia.eu\/WP\/wp-json\/wp\/v2\/pages\/342","targetHints":{"allow":["GET"]}}],"collection":[{"href":"http:\/\/www.molnarmariann-homeopatia.eu\/WP\/wp-json\/wp\/v2\/pages"}],"about":[{"href":"http:\/\/www.molnarmariann-homeopatia.eu\/WP\/wp-json\/wp\/v2\/types\/page"}],"author":[{"embeddable":true,"href":"http:\/\/www.molnarmariann-homeopatia.eu\/WP\/wp-json\/wp\/v2\/users\/2"}],"replies":[{"embeddable":true,"href":"http:\/\/www.molnarmariann-homeopatia.eu\/WP\/wp-json\/wp\/v2\/comments?post=342"}],"version-history":[{"count":3,"href":"http:\/\/www.molnarmariann-homeopatia.eu\/WP\/wp-json\/wp\/v2\/pages\/342\/revisions"}],"predecessor-version":[{"id":412,"href":"http:\/\/www.molnarmariann-homeopatia.eu\/WP\/wp-json\/wp\/v2\/pages\/342\/revisions\/412"}],"wp:attachment":[{"href":"http:\/\/www.molnarmariann-homeopatia.eu\/WP\/wp-json\/wp\/v2\/media?parent=342"}],"curies":[{"name":"wp","href":"https:\/\/api.w.org\/{rel}","templated":true}]}}