{"id":347,"date":"2020-08-02T12:10:49","date_gmt":"2020-08-02T12:10:49","guid":{"rendered":"http:\/\/www.molnarmariann-homeopatia.eu\/WP\/?page_id=347"},"modified":"2020-08-02T12:10:49","modified_gmt":"2020-08-02T12:10:49","slug":"rovid-osszefoglalo","status":"publish","type":"page","link":"http:\/\/www.molnarmariann-homeopatia.eu\/WP\/rovid-osszefoglalo\/","title":{"rendered":"R\u00f6vid \u00f6sszefoglal\u00f3"},"content":{"rendered":"<div class=\"boldgrid-section\">\n<div class=\"container\">\n<div class=\"row\">\n<div class=\"col-md-12 col-xs-12 col-sm-12\">\n<p class=\"\"><a href=\"http:\/\/www.molnarmariann-homeopatia.eu\/WP\/wp-content\/uploads\/2020\/08\/osszefoglalo.pdf\" target=\"_blank\" rel=\"noopener noreferrer\">\u00d6sszefoglal\u00f3 a homeop\u00e1ti\u00e1r\u00f3l \u2013 Szegedi Gyermekorvos-tov\u00e1bbk\u00e9pz\u00e9s (2001.12.04.)<\/a><\/p>\n<\/div>\n<\/div>\n<\/div>\n<\/div>\n","protected":false},"excerpt":{"rendered":"<p>\u00d6sszefoglal\u00f3 a homeop\u00e1ti\u00e1r\u00f3l \u2013 Szegedi Gyermekorvos-tov\u00e1bbk\u00e9pz\u00e9s (2001.12.04.)<\/p>\n","protected":false},"author":2,"featured_media":0,"parent":0,"menu_order":0,"comment_status":"closed","ping_status":"closed","template":"template\/page\/fullwidth.php","meta":{"bgseo_title":"","bgseo_description":"","bgseo_robots_index":"index","bgseo_robots_follow":"follow","footnotes":""},"class_list":["post-347","page","type-page","status-publish","hentry"],"_links":{"self":[{"href":"http:\/\/www.molnarmariann-homeopatia.eu\/WP\/wp-json\/wp\/v2\/pages\/347","targetHints":{"allow":["GET"]}}],"collection":[{"href":"http:\/\/www.molnarmariann-homeopatia.eu\/WP\/wp-json\/wp\/v2\/pages"}],"about":[{"href":"http:\/\/www.molnarmariann-homeopatia.eu\/WP\/wp-json\/wp\/v2\/types\/page"}],"author":[{"embeddable":true,"href":"http:\/\/www.molnarmariann-homeopatia.eu\/WP\/wp-json\/wp\/v2\/users\/2"}],"replies":[{"embeddable":true,"href":"http:\/\/www.molnarmariann-homeopatia.eu\/WP\/wp-json\/wp\/v2\/comments?post=347"}],"version-history":[{"count":1,"href":"http:\/\/www.molnarmariann-homeopatia.eu\/WP\/wp-json\/wp\/v2\/pages\/347\/revisions"}],"predecessor-version":[{"id":349,"href":"http:\/\/www.molnarmariann-homeopatia.eu\/WP\/wp-json\/wp\/v2\/pages\/347\/revisions\/349"}],"wp:attachment":[{"href":"http:\/\/www.molnarmariann-homeopatia.eu\/WP\/wp-json\/wp\/v2\/media?parent=347"}],"curies":[{"name":"wp","href":"https:\/\/api.w.org\/{rel}","templated":true}]}}