{"id":352,"date":"2020-08-02T12:16:01","date_gmt":"2020-08-02T12:16:01","guid":{"rendered":"http:\/\/www.molnarmariann-homeopatia.eu\/WP\/?page_id=352"},"modified":"2020-08-02T12:18:54","modified_gmt":"2020-08-02T12:18:54","slug":"oktatas","status":"publish","type":"page","link":"http:\/\/www.molnarmariann-homeopatia.eu\/WP\/oktatas\/","title":{"rendered":"Oktat\u00e1s"},"content":{"rendered":"<div class=\"boldgrid-section\">\n<div class=\"container\">\n<div class=\"row\">\n<div class=\"col-md-12 col-xs-12 col-sm-12\">\n<p class=\"\"><strong><a href=\"http:\/\/www.molnarmariann-homeopatia.eu\/WP\/wp-content\/uploads\/2020\/08\/homeopatia_bevezeto_tanfolyam.pdf\" target=\"_blank\" rel=\"noopener noreferrer\">Homeop\u00e1tia &#8211; bevezet\u0151 tanfolyam<\/a><\/strong><\/p>\n<p class=\"\"><strong>homeop\u00e1ti\u00e1s k\u00e9pz\u00e9sek:<\/strong><\/p>\n<p><strong>Homeop\u00e1ti\u00e1s \u00d6ntev\u00e9keny Bar\u00e1ti K\u00f6r<\/strong>: <a href=\"https:\/\/hbk.hu\/tanfolyamok\/#tanfolyamok\">https:\/\/hbk.hu\/tanfolyamok\/#tanfolyamok<\/a><\/p>\n<p class=\"\"><strong>MHOE:<\/strong> <a href=\"https:\/\/www.homeopata.hu\/hu\/content\/tanfolyamaink\">https:\/\/www.homeopata.hu\/hu\/content\/tanfolyamaink<\/a><\/p>\n<p class=\"\"><strong>CHE:<\/strong> <a href=\"http:\/\/www.homeopatiasmaganiskola.eu\/a_che_homeopatias_maganiskola_che_maganiskola_tortenete.html\">http:\/\/www.homeopatiasmaganiskola.eu\/a_che_homeopatias_maganiskola_che_maganiskola_tortenete.html<\/a><\/p>\n<p>&nbsp;<\/p>\n<\/div>\n<\/div>\n<\/div>\n<\/div>\n","protected":false},"excerpt":{"rendered":"<p>Homeop\u00e1tia &#8211; bevezet\u0151 tanfolyam homeop\u00e1ti\u00e1s k\u00e9pz\u00e9sek: Homeop\u00e1ti\u00e1s \u00d6ntev\u00e9keny Bar\u00e1ti K\u00f6r: https:\/\/hbk.hu\/tanfolyamok\/#tanfolyamok MHOE: https:\/\/www.homeopata.hu\/hu\/content\/tanfolyamaink CHE: http:\/\/www.homeopatiasmaganiskola.eu\/a_che_homeopatias_maganiskola_che_maganiskola_tortenete.html &nbsp;<\/p>\n","protected":false},"author":2,"featured_media":0,"parent":0,"menu_order":0,"comment_status":"closed","ping_status":"closed","template":"template\/page\/fullwidth.php","meta":{"bgseo_title":"","bgseo_description":"","bgseo_robots_index":"index","bgseo_robots_follow":"follow","footnotes":""},"class_list":["post-352","page","type-page","status-publish","hentry"],"_links":{"self":[{"href":"http:\/\/www.molnarmariann-homeopatia.eu\/WP\/wp-json\/wp\/v2\/pages\/352","targetHints":{"allow":["GET"]}}],"collection":[{"href":"http:\/\/www.molnarmariann-homeopatia.eu\/WP\/wp-json\/wp\/v2\/pages"}],"about":[{"href":"http:\/\/www.molnarmariann-homeopatia.eu\/WP\/wp-json\/wp\/v2\/types\/page"}],"author":[{"embeddable":true,"href":"http:\/\/www.molnarmariann-homeopatia.eu\/WP\/wp-json\/wp\/v2\/users\/2"}],"replies":[{"embeddable":true,"href":"http:\/\/www.molnarmariann-homeopatia.eu\/WP\/wp-json\/wp\/v2\/comments?post=352"}],"version-history":[{"count":2,"href":"http:\/\/www.molnarmariann-homeopatia.eu\/WP\/wp-json\/wp\/v2\/pages\/352\/revisions"}],"predecessor-version":[{"id":358,"href":"http:\/\/www.molnarmariann-homeopatia.eu\/WP\/wp-json\/wp\/v2\/pages\/352\/revisions\/358"}],"wp:attachment":[{"href":"http:\/\/www.molnarmariann-homeopatia.eu\/WP\/wp-json\/wp\/v2\/media?parent=352"}],"curies":[{"name":"wp","href":"https:\/\/api.w.org\/{rel}","templated":true}]}}