{"id":361,"date":"2020-08-02T12:23:43","date_gmt":"2020-08-02T12:23:43","guid":{"rendered":"http:\/\/www.molnarmariann-homeopatia.eu\/WP\/?page_id=361"},"modified":"2020-08-02T12:23:43","modified_gmt":"2020-08-02T12:23:43","slug":"linkajanlo","status":"publish","type":"page","link":"http:\/\/www.molnarmariann-homeopatia.eu\/WP\/linkajanlo\/","title":{"rendered":"Linkaj\u00e1nl\u00f3"},"content":{"rendered":"<div class=\"boldgrid-section\">\n<div class=\"container\">\n<div class=\"row\">\n<div class=\"col-md-12 col-xs-12 col-sm-12\">\n<p class=\"\"><strong><span style=\"color: #003366;\">Angol:<\/span><\/strong><\/p>\n<table style=\"height: 220px;\" width=\"652\">\n<tbody>\n<tr>\n<td><strong><span style=\"font-family: 'Comic Sans MS'; color: #333399;\">Homeopathy 4 Everyone<\/span><\/strong><\/td>\n<\/tr>\n<tr>\n<td><span style=\"font-family: 'Comic Sans MS';\"><a href=\"http:\/\/hpathy.com\/\">http:\/\/hpathy.com\/<\/a><\/span><\/td>\n<\/tr>\n<tr>\n<td><span style=\"font-family: 'Comic Sans MS';\"><strong><span style=\"font-family: 'Comic Sans MS'; color: #333399;\">Ingyenesen let\u00f6lthet\u0151 homeop\u00e1ti\u00e1s e-book k\u00f6nyvt\u00e1r<br \/>\n<\/span><\/strong><\/span><\/td>\n<\/tr>\n<tr>\n<td><a href=\"https:\/\/hpathy.com\/ebooks\/\">https:\/\/hpathy.com\/ebooks\/<\/a><\/td>\n<\/tr>\n<tr>\n<td><strong><span style=\"font-family: 'Comic Sans MS'; color: #333399;\">Interhomeopathy<\/span><\/strong><\/td>\n<\/tr>\n<tr>\n<td><span style=\"font-family: 'Comic Sans MS';\"><a href=\"http:\/\/www.interhomeopathy.org\/free-international-homeopathy-magazine\">http:\/\/www.interhomeopathy.org\/free-international-homeopathy-magazine<\/a><\/span><\/td>\n<\/tr>\n<tr>\n<td><strong><span style=\"font-family: 'Comic Sans MS'; color: #333399;\">ECH<\/span><\/strong><\/td>\n<\/tr>\n<tr>\n<td><span style=\"font-family: 'Comic Sans MS';\"><a href=\"http:\/\/www.homeopathyeurope.org\/\">http:\/\/www.homeopathyeurope.org\/<\/a><\/span><\/td>\n<\/tr>\n<tr>\n<td><strong><span style=\"font-family: 'Comic Sans MS'; color: #333399;\">LMHI<\/span><\/strong><\/td>\n<\/tr>\n<tr>\n<td><span style=\"font-family: 'Comic Sans MS'; color: #333399;\">http:\/\/liga.iwmh.net\/<\/span><\/td>\n<\/tr>\n<tr>\n<td><a href=\"http:\/\/www.facultyofhomeopathy.org\/\"><strong><span style=\"font-family: 'Comic Sans MS'; color: #333399;\">British Homeopathic Association<\/span><\/strong><\/a><\/td>\n<\/tr>\n<tr>\n<td><a href=\"http:\/\/www.facultyofhomeopathy.org\/\"><span style=\"font-family: 'Comic Sans MS'; color: #333399;\">http:\/\/www.facultyofhomeopathy.org\/<\/span><\/a><\/td>\n<\/tr>\n<tr>\n<td><strong><span style=\"font-family: 'Comic Sans MS'; mso-bidi-font-family: Arial; color: #333399;\">HOMEO PIE<\/span><\/strong><\/td>\n<\/tr>\n<tr>\n<td><em><strong><span style=\"font-family: 'Comic Sans MS'; mso-bidi-font-family: Arial; color: #333399;\">based on the song &#8220;American Pie&#8221;<br \/>\n<\/span><\/strong><\/em><\/td>\n<\/tr>\n<tr>\n<td><a href=\"http:\/\/media.wix.com\/ugd\/872385_2a2835ae502a466a8397f1ce43728e15.pdf\"><em><strong><span style=\"font-family: 'Comic Sans MS'; mso-bidi-font-family: Arial; color: #333399;\">Lyrics by Bara Waters<\/span><\/strong><\/em><\/a><\/td>\n<\/tr>\n<tr>\n<td><a href=\"https:\/\/www.youtube.com\/watch?v=9wX5AswH2wM\"><em><strong><span style=\"font-family: 'Comic Sans MS'; mso-bidi-font-family: Arial; color: #333399;\">Recorded &amp; Performed by Robert Cassard &amp; Bara Waters<\/span><\/strong><\/em><\/a><\/td>\n<\/tr>\n<\/tbody>\n<\/table>\n<p>&nbsp;<\/p>\n<p class=\"\"><strong><span style=\"color: #003366;\">N\u00e9met:<\/span><\/strong><\/p>\n<table style=\"height: 177px;\" width=\"649\">\n<tbody>\n<tr>\n<td><b><span style=\"font-family: 'Comic Sans MS'; color: #333399;\">Hom\u00f6opathie \u2013 was ist das?<\/span><\/b><\/td>\n<\/tr>\n<tr>\n<td><span style=\"font-family: 'Comic Sans MS';\"><a href=\"http:\/\/www.homoeopathie.de\/\">http:\/\/www.homoeopathie.de\/<\/a><\/span><\/td>\n<\/tr>\n<tr>\n<td><b><span style=\"font-family: 'Comic Sans MS'; color: #333399;\">Hom\u00f6opathie-Liste<\/span><\/b><\/td>\n<\/tr>\n<tr>\n<td><span style=\"font-family: 'Comic Sans MS';\"><a href=\"http:\/\/homoeopathie-liste.de\/\">http:\/\/homoeopathie-liste.de\/<\/a><\/span><\/td>\n<\/tr>\n<tr>\n<td><b><span style=\"font-family: 'Comic Sans MS'; color: #333399;\">\u00d6GHM<\/span><\/b><\/td>\n<\/tr>\n<tr>\n<td><span style=\"font-family: 'Comic Sans MS';\"><a href=\"http:\/\/www.homoeopathie.at\/\">http:\/\/www.homoeopathie.at\/<\/a><\/span><\/td>\n<\/tr>\n<tr>\n<td><b><span style=\"font-family: 'Comic Sans MS'; color: #333399;\">DZVHAE<\/span><\/b><\/td>\n<\/tr>\n<tr>\n<td><span style=\"font-family: 'Comic Sans MS';\"><a href=\"https:\/\/www.dzvhae.de\/\">https:\/\/www.dzvhae.de\/<\/a><\/span><\/td>\n<\/tr>\n<\/tbody>\n<\/table>\n<\/div>\n<\/div>\n<\/div>\n<\/div>\n","protected":false},"excerpt":{"rendered":"<p>Angol: Homeopathy 4 Everyone http:\/\/hpathy.com\/ Ingyenesen let\u00f6lthet\u0151 homeop\u00e1ti\u00e1s e-book k\u00f6nyvt\u00e1r https:\/\/hpathy.com\/ebooks\/ Interhomeopathy http:\/\/www.interhomeopathy.org\/free-international-homeopathy-magazine ECH http:\/\/www.homeopathyeurope.org\/ LMHI http:\/\/liga.iwmh.net\/ British Homeopathic Association http:\/\/www.facultyofhomeopathy.org\/ HOMEO PIE based on the song &#8220;American Pie&#8221; Lyrics by Bara Waters Recorded &amp; Performed by Robert Cassard &amp;&#8230;<br \/><a class=\"read-more-button\" href=\"http:\/\/www.molnarmariann-homeopatia.eu\/WP\/linkajanlo\/\">Read more<\/a><\/p>\n","protected":false},"author":2,"featured_media":0,"parent":0,"menu_order":0,"comment_status":"closed","ping_status":"closed","template":"template\/page\/fullwidth.php","meta":{"bgseo_title":"","bgseo_description":"","bgseo_robots_index":"index","bgseo_robots_follow":"follow","footnotes":""},"class_list":["post-361","page","type-page","status-publish","hentry"],"_links":{"self":[{"href":"http:\/\/www.molnarmariann-homeopatia.eu\/WP\/wp-json\/wp\/v2\/pages\/361","targetHints":{"allow":["GET"]}}],"collection":[{"href":"http:\/\/www.molnarmariann-homeopatia.eu\/WP\/wp-json\/wp\/v2\/pages"}],"about":[{"href":"http:\/\/www.molnarmariann-homeopatia.eu\/WP\/wp-json\/wp\/v2\/types\/page"}],"author":[{"embeddable":true,"href":"http:\/\/www.molnarmariann-homeopatia.eu\/WP\/wp-json\/wp\/v2\/users\/2"}],"replies":[{"embeddable":true,"href":"http:\/\/www.molnarmariann-homeopatia.eu\/WP\/wp-json\/wp\/v2\/comments?post=361"}],"version-history":[{"count":1,"href":"http:\/\/www.molnarmariann-homeopatia.eu\/WP\/wp-json\/wp\/v2\/pages\/361\/revisions"}],"predecessor-version":[{"id":363,"href":"http:\/\/www.molnarmariann-homeopatia.eu\/WP\/wp-json\/wp\/v2\/pages\/361\/revisions\/363"}],"wp:attachment":[{"href":"http:\/\/www.molnarmariann-homeopatia.eu\/WP\/wp-json\/wp\/v2\/media?parent=361"}],"curies":[{"name":"wp","href":"https:\/\/api.w.org\/{rel}","templated":true}]}}