{"id":368,"date":"2020-08-02T12:27:48","date_gmt":"2020-08-02T12:27:48","guid":{"rendered":"http:\/\/www.molnarmariann-homeopatia.eu\/WP\/?page_id=368"},"modified":"2023-07-14T09:42:13","modified_gmt":"2023-07-14T09:42:13","slug":"publikacioim","status":"publish","type":"page","link":"http:\/\/www.molnarmariann-homeopatia.eu\/WP\/publikacioim\/","title":{"rendered":"Publik\u00e1ci\u00f3im"},"content":{"rendered":"<div class=\"boldgrid-section\">\n<div class=\"container\">\n<div class=\"row\">\n<div class=\"col-md-12 col-xs-12 col-sm-12 col-lg-12\">\n<p>Publik\u00e1ci\u00f3imb\u00f3l (ami a neten el\u00e9rhet\u0151):<\/p>\n<p class=\"\"><strong>k\u00f6nyvek:<\/strong><\/p>\n<p class=\"\"><strong><em>A homeop\u00e1tia k\u00e9zik\u00f6nyve<\/em><\/strong>: <a href=\"https:\/\/www.libri.hu\/konyv\/a-homeopatia-kezikonyve.html\">https:\/\/www.libri.hu\/konyv\/a-homeopatia-kezikonyve.html<\/a><\/p>\n<p><strong><em>Homeop\u00e1tia di\u00f3h\u00e9jban<\/em><\/strong>: <a href=\"https:\/\/www.libri.hu\/konyv\/dr_borbely_katalin.homeopatia-diohejban.html\">https:\/\/www.libri.hu\/konyv\/dr_borbely_katalin.homeopatia-diohejban.html<\/a><\/p>\n<p class=\"\"><strong><em>Homeop\u00e1tia n\u0151kr\u0151l, n\u0151knek, n\u0151kt\u0151l<\/em><\/strong>: <a href=\"https:\/\/www.lira.hu\/hu\/konyv\/ismeretterjeszto-1\/tarsadalomtudomany\/homeopatia-nokrol-noknek-noktol\">https:\/\/www.lira.hu\/hu\/konyv\/ismeretterjeszto-1\/tarsadalomtudomany\/homeopatia-nokrol-noknek-noktol<\/a><\/p>\n<p class=\"\"><strong><em>Gy\u00f3gy\u00edt\u00e1s a csal\u00e1dban homeop\u00e1ti\u00e1val<\/em><\/strong>: <a href=\"http:\/\/remedium.hu\/homeopatia.php\">http:\/\/remedium.hu\/homeopatia.php<\/a><\/p>\n<p class=\"\">&nbsp;<\/p>\n<p><strong>hanganyag:<\/strong><\/p>\n<p class=\"\" style=\"text-align: left;\"><span style=\"font-size: 9.0pt; font-family: 'Comic Sans MS'; color: navy;\">Szkeptikusok VIII. Orsz\u00e1gos Konferenci\u00e1ja<\/span><\/p>\n<p style=\"text-align: left;\"><em><span style=\"font-size: 9.0pt; font-family: 'Comic Sans MS'; color: navy;\">A Szabadm\u0171vel\u0151d\u00e9s H\u00e1za, <\/span><\/em><\/p>\n<p style=\"text-align: left;\"><em><span style=\"font-size: 9.0pt; font-family: 'Comic Sans MS'; color: navy;\">Sz\u00e9kesfeh\u00e9rv\u00e1r, F\u00fcrd\u0151 sor 3. <\/span><\/em><\/p>\n<ol class=\"\" start=\"2002\">\n<li style=\"text-align: left;\"><em><span style=\"font-size: 9.0pt; font-family: 'Comic Sans MS'; color: navy;\"> november 23. szombat, 10 \u00f3ra <\/span><\/em><\/li>\n<\/ol>\n<p><span style=\"font-size: 9.0pt; font-family: 'Comic Sans MS'; color: navy;\"><a href=\"http:\/\/telapo.datatrans.hu\/szkeptikus\/\"><span style=\"color: navy;\">http:\/\/telapo.datatrans.hu\/szkeptikus\/<\/span><\/a><\/span><\/p>\n<p><strong><span style=\"font-size: 9.0pt; font-family: 'Comic Sans MS'; color: navy;\">12:30 &#8211; 12:50 A homeop\u00e1tia t\u00f6rt\u00e9nete, elm\u00e9leti h\u00e1ttere, alkalmaz\u00e1sa<br \/>\n<\/span><\/strong><em><span style=\"font-size: 9.0pt; font-family: 'Comic Sans MS'; color: navy;\"><a href=\"http:\/\/telapo.datatrans.hu\/szkeptikus\/2002\/rm\/MolnarMariann.rm\"><span style=\"color: navy;\">RealMedia<\/span><\/a> \/ <a href=\"http:\/\/telapo.datatrans.hu\/szkeptikus\/2002\/mp3\/MolnarMariann.mp3\"><span style=\"color: navy;\">mp3<\/span><\/a> (38p)<\/span><\/em><\/p>\n<p class=\"\"><strong><em><span style=\"font-size: 9.0pt; font-family: 'Comic Sans MS'; color: navy;\">Dr. Moln\u00e1r Mariann<\/span><\/em><\/strong><span style=\"font-size: 9.0pt; font-family: 'Comic Sans MS'; color: navy;\">, gyermekorvos-homeopata &#8211; a Magyar Homeopata Orvosi Egyes\u00fclet k\u00e9pvisel\u0151je<\/span><\/p>\n<audio class=\"wp-audio-shortcode\" id=\"audio-368-1\" preload=\"none\" style=\"width: 100%;\" controls=\"controls\"><source type=\"audio\/mpeg\" src=\"http:\/\/telapo.datatrans.hu\/szkeptikus\/2002\/mp3\/MolnarMariann.mp3?_=1\" \/><a href=\"http:\/\/telapo.datatrans.hu\/szkeptikus\/2002\/mp3\/MolnarMariann.mp3\">http:\/\/telapo.datatrans.hu\/szkeptikus\/2002\/mp3\/MolnarMariann.mp3<\/a><\/audio>\n<p class=\"\"><strong>\u00edr\u00e1sos anyagok<\/strong>:<\/p>\n<p>MHOE:<\/p>\n<p class=\"\"><a href=\"https:\/\/www.homeopata.hu\/hu\/content\/pollen-es-egyeb-allergiak-kezelese-homeopatiaval\">https:\/\/www.homeopata.hu\/hu\/content\/pollen-es-egyeb-allergiak-kezelese-homeopatiaval<\/a><\/p>\n<p class=\"\"><a href=\"https:\/\/www.homeopata.hu\/hu\/content\/ujszulott-es-csecsemokori-alvaszavarok-es-nyugtalansagi-allapotok-homeopatias-kezelese\">https:\/\/www.homeopata.hu\/hu\/content\/ujszulott-es-csecsemokori-alvaszavarok-es-nyugtalansagi-allapotok-homeopatias-kezelese<\/a><\/p>\n<p class=\"\"><a href=\"https:\/\/www.homeopata.hu\/hu\/content\/aftak-kezelese-homeopatiaval\">https:\/\/www.homeopata.hu\/hu\/content\/aftak-kezelese-homeopatiaval<\/a><\/p>\n<p><a href=\"https:\/\/www.homeopata.hu\/hu\/content\/herpeszek-kezelese-homeopatiaval\">https:\/\/www.homeopata.hu\/hu\/content\/herpeszek-kezelese-homeopatiaval<\/a><\/p>\n<p><a href=\"https:\/\/www.homeopata.hu\/hu\/content\/torok-gyulladasainak-kezelese-homeopatiaval\">https:\/\/www.homeopata.hu\/hu\/content\/torok-gyulladasainak-kezelese-homeopatiaval<\/a><\/p>\n<p><a href=\"https:\/\/www.homeopata.hu\/hu\/content\/lampalaz-kezelese-homeopatiaval\">https:\/\/www.homeopata.hu\/hu\/content\/lampalaz-kezelese-homeopatiaval<\/a><\/p>\n<p>Paramedica:<\/p>\n<p><a href=\"http:\/\/www.paramedica.hu\/en\/200404en\/index_homeopatia.htm\">http:\/\/www.paramedica.hu\/en\/200404en\/index_homeopatia.htm<\/a><\/p>\n<p>Ide\u00e1l-online:<\/p>\n<p><a href=\"http:\/\/ideal.hu\/sectionegeszseg\/109-termeszetes-gyogymodok\/1401-masnapossag-ellen.html\">http:\/\/ideal.hu\/sectionegeszseg\/109-termeszetes-gyogymodok\/1401-masnapossag-ellen.html<\/a><\/p>\n<p>B\u00e9bi-lap:<\/p>\n<p class=\"\"><a href=\"http:\/\/www.bebilap.hu\/csecsemogondozas\/nemmirontjukel.htm\/\">http:\/\/www.bebilap.hu\/csecsemogondozas\/nemmirontjukel.htm\/<\/a><\/p>\n<p class=\"\"><strong>Egy\u00e9b:<\/strong><\/p>\n<p class=\"\"><a href=\"http:\/\/www.molnarmariann-homeopatia.eu\/WP\/wp-content\/uploads\/2023\/07\/Allergias-korkepek-homeopatias-megkozelitese-22o428.pdf\" target=\"_blank\" rel=\"noopener\">Allergi\u00e1s k\u00f3rk\u00e9pek homeop\u00e1ti\u00e1s megk\u00f6zel\u00edt\u00e9se 22o428<\/a><\/p>\n<p class=\"\"><a href=\"http:\/\/www.molnarmariann-homeopatia.eu\/WP\/wp-content\/uploads\/2020\/08\/Csal\u00e1d-bar\u00e1t-2o14.o2.21.-ha-s\u00edr-a-baba.pdf\" target=\"_blank\" rel=\"noopener noreferrer\">Csal\u00e1d-bar\u00e1t 2o14.o2.21. ha s\u00edr a baba<\/a><\/p>\n<p class=\"\"><a href=\"http:\/\/www.molnarmariann-homeopatia.eu\/WP\/wp-content\/uploads\/2020\/08\/ea.-a-DOTE-n-Homeoptia_a_CAM_palettjn.pdf\" target=\"_blank\" rel=\"noopener noreferrer\">El\u0151ad\u00e1s a DOTE-n &#8211; Homeop\u00e1tia a CAM palett\u00e1j\u00e1n<\/a><\/p>\n<p class=\"\"><a href=\"http:\/\/www.molnarmariann-homeopatia.eu\/WP\/wp-content\/uploads\/2020\/08\/Tiszapartiest\u00e9kosszefoglalo.pdf\" target=\"_blank\" rel=\"noopener noreferrer\">Tiszaparti est\u00e9k &#8211; \u00f6sszefoglal\u00f3<\/a><\/p>\n<\/div>\n<\/div>\n<\/div>\n<\/div>\n","protected":false},"excerpt":{"rendered":"<p>Publik\u00e1ci\u00f3imb\u00f3l (ami a neten el\u00e9rhet\u0151): k\u00f6nyvek: A homeop\u00e1tia k\u00e9zik\u00f6nyve: https:\/\/www.libri.hu\/konyv\/a-homeopatia-kezikonyve.html Homeop\u00e1tia di\u00f3h\u00e9jban: https:\/\/www.libri.hu\/konyv\/dr_borbely_katalin.homeopatia-diohejban.html Homeop\u00e1tia n\u0151kr\u0151l, n\u0151knek, n\u0151kt\u0151l: https:\/\/www.lira.hu\/hu\/konyv\/ismeretterjeszto-1\/tarsadalomtudomany\/homeopatia-nokrol-noknek-noktol Gy\u00f3gy\u00edt\u00e1s a csal\u00e1dban homeop\u00e1ti\u00e1val: http:\/\/remedium.hu\/homeopatia.php &nbsp; hanganyag: Szkeptikusok VIII. Orsz\u00e1gos Konferenci\u00e1ja A Szabadm\u0171vel\u0151d\u00e9s H\u00e1za, Sz\u00e9kesfeh\u00e9rv\u00e1r, F\u00fcrd\u0151 sor 3. november 23. szombat, 10&#8230;<br \/><a class=\"read-more-button\" href=\"http:\/\/www.molnarmariann-homeopatia.eu\/WP\/publikacioim\/\">Read more<\/a><\/p>\n","protected":false},"author":2,"featured_media":0,"parent":0,"menu_order":0,"comment_status":"closed","ping_status":"closed","template":"template\/page\/fullwidth.php","meta":{"bgseo_title":"","bgseo_description":"","bgseo_robots_index":"index","bgseo_robots_follow":"follow","footnotes":""},"class_list":["post-368","page","type-page","status-publish","hentry"],"_links":{"self":[{"href":"http:\/\/www.molnarmariann-homeopatia.eu\/WP\/wp-json\/wp\/v2\/pages\/368","targetHints":{"allow":["GET"]}}],"collection":[{"href":"http:\/\/www.molnarmariann-homeopatia.eu\/WP\/wp-json\/wp\/v2\/pages"}],"about":[{"href":"http:\/\/www.molnarmariann-homeopatia.eu\/WP\/wp-json\/wp\/v2\/types\/page"}],"author":[{"embeddable":true,"href":"http:\/\/www.molnarmariann-homeopatia.eu\/WP\/wp-json\/wp\/v2\/users\/2"}],"replies":[{"embeddable":true,"href":"http:\/\/www.molnarmariann-homeopatia.eu\/WP\/wp-json\/wp\/v2\/comments?post=368"}],"version-history":[{"count":6,"href":"http:\/\/www.molnarmariann-homeopatia.eu\/WP\/wp-json\/wp\/v2\/pages\/368\/revisions"}],"predecessor-version":[{"id":1174,"href":"http:\/\/www.molnarmariann-homeopatia.eu\/WP\/wp-json\/wp\/v2\/pages\/368\/revisions\/1174"}],"wp:attachment":[{"href":"http:\/\/www.molnarmariann-homeopatia.eu\/WP\/wp-json\/wp\/v2\/media?parent=368"}],"curies":[{"name":"wp","href":"https:\/\/api.w.org\/{rel}","templated":true}]}}