{"id":414,"date":"2020-08-02T12:57:43","date_gmt":"2020-08-02T12:57:43","guid":{"rendered":"http:\/\/www.molnarmariann-homeopatia.eu\/WP\/?page_id=414"},"modified":"2020-08-02T12:57:43","modified_gmt":"2020-08-02T12:57:43","slug":"fotoink","status":"publish","type":"page","link":"http:\/\/www.molnarmariann-homeopatia.eu\/WP\/fotoink\/","title":{"rendered":"Fot\u00f3ink"},"content":{"rendered":"<div class=\"boldgrid-section\">\n<div class=\"container\">\n<div class=\"row\">\n<div class=\"col-md-12 col-xs-12 col-sm-12\">\n<p><span style=\"font-family: 'Comic Sans MS'; color: #333399;\">Term\u00e9szetszeret\u0151 \u00e9s vizu\u00e1lis ember vagyok. Mindig \u00e9rdekeltek a \u201emi\u00e9rt\u201d-ek, sz\u00e9p\u00edtve mondhatom azt, \u0151rz\u00f6m magamban a gyermeket. <\/span><\/p>\n<p><span style=\"font-family: 'Comic Sans MS'; color: #333399;\">Megnyugtat\u00f3, hogy az igaz\u00e1n nagy homeopat\u00e1k is egyre t\u00f6bbet foglalkoznak a homeop\u00e1ti\u00e1s gy\u00f3gyszerek kiindul\u00e1si anyagaival, azok rendszertani besorol\u00e1s\u00e1val, k\u00fcllem\u00e9vel, tulajdons\u00e1gaival, term\u00e9szet\u00e9vel.<\/span><\/p>\n<p class=\"\"><span style=\"font-family: 'Comic Sans MS'; color: #333399;\">Szeretn\u00e9k \u00e1tny\u00fajtani egy csokorral azokb\u00f3l a k\u00e9pekb\u0151l, melyeket homeop\u00e1ti\u00e1s gy\u00f3gyszerek alapanyag\u00e1ul szolg\u00e1l\u00f3 n\u00f6v\u00e9nyekr\u0151l, \u00e1sv\u00e1nyokr\u00f3l, \u00e1llatokr\u00f3l k\u00e9sz\u00edtett\u00fcnk \u2013 f\u00e9rjem \u00e9s l\u00e1nyom k\u00f6zrem\u0171k\u00f6d\u00e9s\u00e9vel. A fot\u00f3k t\u00f6bbnyire kir\u00e1ndul\u00e1sokon, a val\u00f3s lel\u0151hely\u00fck\u00f6n k\u00e9sz\u00fcltek, de vannak botanikus kerti \u00e9s patika-m\u00fazeumi felv\u00e9telek is. Ha kedv\u00fck \u00e9s idej\u00fck engedi, gy\u00f6ny\u00f6rk\u00f6djenek benn\u00fck, biztos vagyok benne, hogy k\u00f6zelebb ker\u00fclhetnek \u00edgy (is) a homeop\u00e1tia hangulat\u00e1hoz, l\u00e9nyeg\u00e9hez, szellemis\u00e9g\u00e9hez.<\/span><\/p>\n<p class=\"\"><img loading=\"lazy\" decoding=\"async\" class=\"alignnone size-medium wp-image-416\" src=\"http:\/\/www.molnarmariann-homeopatia.eu\/WP\/wp-content\/uploads\/2020\/08\/bevezeto1-300x234.jpg\" alt=\"\" width=\"300\" height=\"234\" srcset=\"http:\/\/www.molnarmariann-homeopatia.eu\/WP\/wp-content\/uploads\/2020\/08\/bevezeto1-300x234.jpg 300w, http:\/\/www.molnarmariann-homeopatia.eu\/WP\/wp-content\/uploads\/2020\/08\/bevezeto1-1024x798.jpg 1024w, http:\/\/www.molnarmariann-homeopatia.eu\/WP\/wp-content\/uploads\/2020\/08\/bevezeto1-768x598.jpg 768w, http:\/\/www.molnarmariann-homeopatia.eu\/WP\/wp-content\/uploads\/2020\/08\/bevezeto1-250x195.jpg 250w, http:\/\/www.molnarmariann-homeopatia.eu\/WP\/wp-content\/uploads\/2020\/08\/bevezeto1-550x428.jpg 550w, http:\/\/www.molnarmariann-homeopatia.eu\/WP\/wp-content\/uploads\/2020\/08\/bevezeto1-800x623.jpg 800w, http:\/\/www.molnarmariann-homeopatia.eu\/WP\/wp-content\/uploads\/2020\/08\/bevezeto1-231x180.jpg 231w, http:\/\/www.molnarmariann-homeopatia.eu\/WP\/wp-content\/uploads\/2020\/08\/bevezeto1-385x300.jpg 385w, http:\/\/www.molnarmariann-homeopatia.eu\/WP\/wp-content\/uploads\/2020\/08\/bevezeto1-642x500.jpg 642w, http:\/\/www.molnarmariann-homeopatia.eu\/WP\/wp-content\/uploads\/2020\/08\/bevezeto1.jpg 1144w\" sizes=\"auto, (max-width: 300px) 100vw, 300px\" \/><img loading=\"lazy\" decoding=\"async\" class=\"alignnone size-medium wp-image-417\" src=\"http:\/\/www.molnarmariann-homeopatia.eu\/WP\/wp-content\/uploads\/2020\/08\/bevezeto3-300x199.jpg\" alt=\"\" width=\"300\" height=\"199\" srcset=\"http:\/\/www.molnarmariann-homeopatia.eu\/WP\/wp-content\/uploads\/2020\/08\/bevezeto3-300x199.jpg 300w, http:\/\/www.molnarmariann-homeopatia.eu\/WP\/wp-content\/uploads\/2020\/08\/bevezeto3-1024x680.jpg 1024w, http:\/\/www.molnarmariann-homeopatia.eu\/WP\/wp-content\/uploads\/2020\/08\/bevezeto3-768x510.jpg 768w, http:\/\/www.molnarmariann-homeopatia.eu\/WP\/wp-content\/uploads\/2020\/08\/bevezeto3-1170x777.jpg 1170w, http:\/\/www.molnarmariann-homeopatia.eu\/WP\/wp-content\/uploads\/2020\/08\/bevezeto3-250x166.jpg 250w, http:\/\/www.molnarmariann-homeopatia.eu\/WP\/wp-content\/uploads\/2020\/08\/bevezeto3-550x365.jpg 550w, http:\/\/www.molnarmariann-homeopatia.eu\/WP\/wp-content\/uploads\/2020\/08\/bevezeto3-800x531.jpg 800w, http:\/\/www.molnarmariann-homeopatia.eu\/WP\/wp-content\/uploads\/2020\/08\/bevezeto3-271x180.jpg 271w, http:\/\/www.molnarmariann-homeopatia.eu\/WP\/wp-content\/uploads\/2020\/08\/bevezeto3-452x300.jpg 452w, http:\/\/www.molnarmariann-homeopatia.eu\/WP\/wp-content\/uploads\/2020\/08\/bevezeto3-753x500.jpg 753w, http:\/\/www.molnarmariann-homeopatia.eu\/WP\/wp-content\/uploads\/2020\/08\/bevezeto3.jpg 1286w\" sizes=\"auto, (max-width: 300px) 100vw, 300px\" \/><\/p>\n<p><strong><span style=\"font-family: 'Comic Sans MS'; color: #333399;\">K\u00f6nyvaj\u00e1nlat:<\/span><\/strong><\/p>\n<p class=\"\"><span style=\"font-family: 'Comic Sans MS'; color: #333399; mso-bidi-font-weight: bold;\">Andreas Wacker: Gy\u00f3gyn\u00f6v\u00e9nyek a homeop\u00e1ti\u00e1ban<\/span><\/p>\n<p><span style=\"font-family: 'Comic Sans MS'; color: #333399; mso-bidi-font-weight: bold;\"><a href=\"http:\/\/www.libri.hu\/konyv\/andreas_wacker.gyogynovenyek-a-homeopatiaban.html\">http:\/\/www.libri.hu\/konyv\/andreas_wacker.gyogynovenyek-a-homeopatiaban.html<\/a><\/span><\/p>\n<p><a href=\"http:\/\/www.elixirbolt.hu\/hu\/webaruhaz\/termeszetgyogyaszat\/gyogynovenyek_a_homeopatiaban\"><span style=\"font-family: 'Comic Sans MS'; color: #333399; mso-bidi-font-weight: bold;\">http:\/\/www.elixirbolt.hu\/hu\/webaruhaz\/termeszetgyogyaszat\/gyogynovenyek_a_homeopatiaban<\/span><\/a><\/p>\n<p class=\"\">&nbsp;<\/p>\n<p>&nbsp;<\/p>\n<p class=\"\">&nbsp;<\/p>\n<p>&nbsp;<\/p>\n<p>&nbsp;<\/p>\n<p>&nbsp;<\/p>\n<p>&nbsp;<\/p>\n<p>&nbsp;<\/p>\n<p>&nbsp;<\/p>\n<\/div>\n<\/div>\n<\/div>\n<\/div>\n","protected":false},"excerpt":{"rendered":"<p>Term\u00e9szetszeret\u0151 \u00e9s vizu\u00e1lis ember vagyok. Mindig \u00e9rdekeltek a \u201emi\u00e9rt\u201d-ek, sz\u00e9p\u00edtve mondhatom azt, \u0151rz\u00f6m magamban a gyermeket. Megnyugtat\u00f3, hogy az igaz\u00e1n nagy homeopat\u00e1k is egyre t\u00f6bbet foglalkoznak a homeop\u00e1ti\u00e1s gy\u00f3gyszerek kiindul\u00e1si anyagaival, azok rendszertani besorol\u00e1s\u00e1val, k\u00fcllem\u00e9vel, tulajdons\u00e1gaival, term\u00e9szet\u00e9vel. Szeretn\u00e9k \u00e1tny\u00fajtani egy&#8230;<br \/><a class=\"read-more-button\" href=\"http:\/\/www.molnarmariann-homeopatia.eu\/WP\/fotoink\/\">Read more<\/a><\/p>\n","protected":false},"author":2,"featured_media":0,"parent":0,"menu_order":0,"comment_status":"closed","ping_status":"closed","template":"template\/page\/fullwidth.php","meta":{"bgseo_title":"","bgseo_description":"","bgseo_robots_index":"index","bgseo_robots_follow":"follow","footnotes":""},"class_list":["post-414","page","type-page","status-publish","hentry"],"_links":{"self":[{"href":"http:\/\/www.molnarmariann-homeopatia.eu\/WP\/wp-json\/wp\/v2\/pages\/414","targetHints":{"allow":["GET"]}}],"collection":[{"href":"http:\/\/www.molnarmariann-homeopatia.eu\/WP\/wp-json\/wp\/v2\/pages"}],"about":[{"href":"http:\/\/www.molnarmariann-homeopatia.eu\/WP\/wp-json\/wp\/v2\/types\/page"}],"author":[{"embeddable":true,"href":"http:\/\/www.molnarmariann-homeopatia.eu\/WP\/wp-json\/wp\/v2\/users\/2"}],"replies":[{"embeddable":true,"href":"http:\/\/www.molnarmariann-homeopatia.eu\/WP\/wp-json\/wp\/v2\/comments?post=414"}],"version-history":[{"count":1,"href":"http:\/\/www.molnarmariann-homeopatia.eu\/WP\/wp-json\/wp\/v2\/pages\/414\/revisions"}],"predecessor-version":[{"id":418,"href":"http:\/\/www.molnarmariann-homeopatia.eu\/WP\/wp-json\/wp\/v2\/pages\/414\/revisions\/418"}],"wp:attachment":[{"href":"http:\/\/www.molnarmariann-homeopatia.eu\/WP\/wp-json\/wp\/v2\/media?parent=414"}],"curies":[{"name":"wp","href":"https:\/\/api.w.org\/{rel}","templated":true}]}}