{"id":443,"date":"2020-08-02T13:04:58","date_gmt":"2020-08-02T13:04:58","guid":{"rendered":"http:\/\/www.molnarmariann-homeopatia.eu\/WP\/?page_id=443"},"modified":"2021-04-13T07:37:03","modified_gmt":"2021-04-13T07:37:03","slug":"ugyelet","status":"publish","type":"page","link":"http:\/\/www.molnarmariann-homeopatia.eu\/WP\/ugyelet\/","title":{"rendered":"\u00dcgyelet"},"content":{"rendered":"<div class=\"boldgrid-section\">\n<div class=\"container\">\n<div class=\"row\">\n<div class=\"col-md-12 col-xs-12 col-sm-12\">\n<p><strong>MHOE<\/strong>:<\/p>\n<p class=\"\"><a href=\"https:\/\/www.homeopata.hu\/hu\/content\/homeopatias-segelyvonal\">Homeop\u00e1ti\u00e1s seg\u00e9lyvonal<\/a><\/p>\n<p class=\"\">Egyes\u00fclet\u00fcnk orvosai&nbsp;h\u00e9tv\u00e9g\u00e9n \u00e9s \u00fcnnepnapokon &nbsp;9 \u00e9s 14 \u00f3ra k\u00f6z\u00f6tt ny\u00fajtanak seg\u00edts\u00e9get telefonos tan\u00e1csad\u00e1s form\u00e1j\u00e1ban 1996 \u00f3ta.&nbsp;<\/p>\n<p class=\"\"><span style=\"color: #ff0000;\"><strong>Az Egyes\u00fcletnek ez a szolg\u00e1ltat\u00e1sa sajnos megsz\u0171nt.<\/strong><\/span><\/p>\n<\/div>\n<\/div>\n<\/div>\n<\/div>\n","protected":false},"excerpt":{"rendered":"<p>MHOE: Homeop\u00e1ti\u00e1s seg\u00e9lyvonal Egyes\u00fclet\u00fcnk orvosai&nbsp;h\u00e9tv\u00e9g\u00e9n \u00e9s \u00fcnnepnapokon &nbsp;9 \u00e9s 14 \u00f3ra k\u00f6z\u00f6tt ny\u00fajtanak seg\u00edts\u00e9get telefonos tan\u00e1csad\u00e1s form\u00e1j\u00e1ban 1996 \u00f3ta.&nbsp; Az Egyes\u00fcletnek ez a szolg\u00e1ltat\u00e1sa sajnos megsz\u0171nt.<\/p>\n","protected":false},"author":2,"featured_media":0,"parent":0,"menu_order":0,"comment_status":"closed","ping_status":"closed","template":"template\/page\/fullwidth.php","meta":{"bgseo_title":"","bgseo_description":"","bgseo_robots_index":"index","bgseo_robots_follow":"follow","footnotes":""},"class_list":["post-443","page","type-page","status-publish","hentry"],"_links":{"self":[{"href":"http:\/\/www.molnarmariann-homeopatia.eu\/WP\/wp-json\/wp\/v2\/pages\/443","targetHints":{"allow":["GET"]}}],"collection":[{"href":"http:\/\/www.molnarmariann-homeopatia.eu\/WP\/wp-json\/wp\/v2\/pages"}],"about":[{"href":"http:\/\/www.molnarmariann-homeopatia.eu\/WP\/wp-json\/wp\/v2\/types\/page"}],"author":[{"embeddable":true,"href":"http:\/\/www.molnarmariann-homeopatia.eu\/WP\/wp-json\/wp\/v2\/users\/2"}],"replies":[{"embeddable":true,"href":"http:\/\/www.molnarmariann-homeopatia.eu\/WP\/wp-json\/wp\/v2\/comments?post=443"}],"version-history":[{"count":3,"href":"http:\/\/www.molnarmariann-homeopatia.eu\/WP\/wp-json\/wp\/v2\/pages\/443\/revisions"}],"predecessor-version":[{"id":773,"href":"http:\/\/www.molnarmariann-homeopatia.eu\/WP\/wp-json\/wp\/v2\/pages\/443\/revisions\/773"}],"wp:attachment":[{"href":"http:\/\/www.molnarmariann-homeopatia.eu\/WP\/wp-json\/wp\/v2\/media?parent=443"}],"curies":[{"name":"wp","href":"https:\/\/api.w.org\/{rel}","templated":true}]}}