{"id":458,"date":"2020-08-02T13:38:46","date_gmt":"2020-08-02T13:38:46","guid":{"rendered":"http:\/\/www.molnarmariann-homeopatia.eu\/WP\/?page_id=458"},"modified":"2020-08-02T14:05:52","modified_gmt":"2020-08-02T14:05:52","slug":"pihenoszoba","status":"publish","type":"page","link":"http:\/\/www.molnarmariann-homeopatia.eu\/WP\/pihenoszoba\/","title":{"rendered":"Pihen\u0151szoba"},"content":{"rendered":"<div class=\"boldgrid-section\">\n<div class=\"container\">\n<div class=\"row\">\n<div class=\"col-md-12 col-xs-12 col-sm-12\">\n<p><strong>zen\u00e9k:<\/strong><\/p>\n<p>&nbsp;<\/p>\n<table width=\"596\">\n<tbody>\n<tr>\n<td><a href=\"https:\/\/www.youtube.com\/watch?v=IWAd6Ip_-Wc\"><strong>Palya Bea &#8211; Sz\u00fcl\u00e9sdal<\/strong>&nbsp;(How to give birth &#8212; Delivery song)<\/a><\/td>\n<\/tr>\n<tr>\n<td><a href=\"https:\/\/www.youtube.com\/watch?v=nAwDPmalScE\"><strong>Anna and the Barbies<\/strong>&nbsp;feat. Kiss Tibi:&nbsp;<strong>M\u00e1rti dala<\/strong>&nbsp;(official video) FULL<\/a><\/td>\n<\/tr>\n<tr>\n<td><a href=\"https:\/\/www.youtube.com\/watch?v=b055cHvLgtk\" target=\"_blank\" rel=\"noopener noreferrer\"><strong>Esti dal \u2013 Flashmob<\/strong><\/a><\/td>\n<\/tr>\n<tr>\n<td><a href=\"https:\/\/www.youtube.com\/watch?v=CyLaBbFextI\"><strong>Presser G\u00e1bor &#8211; Nagy utaz\u00e1s<\/strong><\/a><\/td>\n<\/tr>\n<tr>\n<td><a href=\"https:\/\/www.youtube.com\/watch?v=f6t40CErnCo\" target=\"_blank\" rel=\"noopener noreferrer\"><strong>Zor\u00e1n &#8211; Kell ott fenn egy orsz\u00e1g<\/strong><\/a><\/td>\n<\/tr>\n<tr>\n<td><a href=\"https:\/\/www.youtube.com\/watch?v=bho4Ipklg3s\"><strong>Jeszenyin &#8211;&nbsp;Kal\u00e1ka: &#8220;A k\u00e9k t\u0171zes\u0151&#8221;<\/strong>&nbsp;\u00e9s a &#8220;K\u00e9keg\u0171 estben&#8221;<\/a><\/td>\n<\/tr>\n<tr>\n<td><a href=\"http:\/\/en.gloria.tv\/?media=479543\"><strong>The Lord&#8217;s Prayer \u2013 Andrea Bocelli<\/strong><\/a><\/td>\n<\/tr>\n<tr>\n<td><a href=\"http:\/\/www.youtube.com\/watch?v=5qrGOi41iwE\"><strong>BOGGIE : PARF\u00dcM<\/strong><\/a><\/td>\n<\/tr>\n<tr>\n<td><a href=\"http:\/\/www.youtube.com\/watch?feature=player_embedded&amp;v=PJNp5UKRtbQ\"><strong>Flashmob Carmina Burana<\/strong><\/a><\/td>\n<\/tr>\n<\/tbody>\n<\/table>\n<p>&nbsp;<\/p>\n<p class=\"\"><strong>id\u0151j\u00e1r\u00e1s, \u2026.<\/strong><\/p>\n<p><a href=\"http:\/\/www.yr.no\/place\/Hungary\/Budapest\/Budapest\/\"><strong>Norv\u00e9g el\u0151rejelz\u00e9s \u2013 hihetetlen\u00fcl megb\u00edzhat\u00f3 r\u00f6vid t\u00e1vra<\/strong><\/a><\/p>\n<p><a href=\"http:\/\/www.idokep.hu\/elorejelzes\/Budapest\"><strong>Id\u0151k\u00e9p<\/strong><\/a><\/p>\n<p><a href=\"http:\/\/koponyeg.hu\/t\/Budapest\"><strong>K\u00f6p\u00f6nyeg<\/strong><\/a><\/p>\n<p><a href=\"http:\/\/www.eumet.hu\/\"><strong>Eumet<\/strong>&nbsp;\u2013 Aigner Szil\u00e1rd<\/a><\/p>\n<p><a href=\"http:\/\/www.maesteszinhaz.hu\/\"><strong>Last minute sz\u00ednh\u00e1zjegy<\/strong><\/a><\/p>\n<p><a href=\"http:\/\/www.mystudios.com\/artgallery\/\"><strong>online m\u00fazeum<\/strong><\/a><\/p>\n<p><a href=\"http:\/\/www.naptarak.com\/\"><strong>napt\u00e1rak<\/strong><\/a><\/p>\n<p>&nbsp;<\/p>\n<p class=\"\"><strong>vide\u00f3k&nbsp;<\/strong><\/p>\n<table style=\"height: 3613px;\" width=\"554\">\n<tbody>\n<tr>\n<td>&nbsp;<\/td>\n<\/tr>\n<tr>\n<td>&nbsp;<\/td>\n<\/tr>\n<tr>\n<td>&nbsp;<\/td>\n<\/tr>\n<tr>\n<td>&nbsp;<\/td>\n<\/tr>\n<tr>\n<td><strong>a tettes visszat\u00e9r<\/strong><\/td>\n<\/tr>\n<tr>\n<td><a href=\"http:\/\/www.youtube.com\/watch?feature=player_embedded&amp;v=FCaflrj7GE4\">http:\/\/www.youtube.com\/watch?feature=player_embedded&amp;v=FCaflrj7GE4<\/a><\/td>\n<\/tr>\n<tr>\n<td><strong>\u00e1rva kisr\u00f3ka \u00e9s p\u00f3tmam\u00e1i<\/strong><\/td>\n<\/tr>\n<tr>\n<td><a href=\"http:\/\/www.youtube.com\/watch?v=JCqAXhQqZXE&amp;feature=player_embedded\">http:\/\/www.youtube.com\/watch?v=JCqAXhQqZXE&amp;feature=player_embedded<\/a><\/td>\n<\/tr>\n<tr>\n<td><strong>bar\u00e1tkoz\u00f3 f\u00f3kababa<\/strong><\/td>\n<\/tr>\n<tr>\n<td><a href=\"http:\/\/www.youtube.com\/watch?v=YNPrUWXVlAY\">http:\/\/www.youtube.com\/watch?v=YNPrUWXVlAY<\/a><\/td>\n<\/tr>\n<tr>\n<td><strong>BBC Planet Earth &#8211; Birds of Paradise mating dance<\/strong><\/td>\n<\/tr>\n<tr>\n<td><a href=\"https:\/\/www.youtube.com\/watch?v=W7QZnwKqopo\">https:\/\/www.youtube.com\/watch?v=W7QZnwKqopo<\/a><\/td>\n<\/tr>\n<tr>\n<td><strong>biztos, ami (egyszerre) biztos :-))<\/strong><\/td>\n<\/tr>\n<tr>\n<td><a href=\"http:\/\/www.youtube.com\/watch?feature=player_embedded&amp;v=3GjF_hbufUg\">http:\/\/www.youtube.com\/watch?feature=player_embedded&amp;v=3GjF_hbufUg#<\/a>!<\/td>\n<\/tr>\n<tr>\n<td><strong>Border Collies Amuse Themselves<\/strong><\/td>\n<\/tr>\n<tr>\n<td><a href=\"http:\/\/www.youtube.com\/watch?v=jaLor7d7NEs#t=47\">http:\/\/www.youtube.com\/watch?v=jaLor7d7NEs#t=47<\/a><\/td>\n<\/tr>\n<tr>\n<td><strong>Brave Bear Cub Against Cougar<\/strong><\/td>\n<\/tr>\n<tr>\n<td><a href=\"https:\/\/www.youtube.com\/watch?v=TjLCJKoot4U\">https:\/\/www.youtube.com\/watch?v=TjLCJKoot4U<\/a><\/td>\n<\/tr>\n<tr>\n<td><a href=\"https:\/\/www.youtube.com\/watch?v=Tr0opSAxsV4\">https:\/\/www.youtube.com\/watch?v=Tr0opSAxsV4<\/a><\/td>\n<\/tr>\n<tr>\n<td><strong>Charlie And The Seal!<\/strong><\/td>\n<\/tr>\n<tr>\n<td><a href=\"http:\/\/www.youtube.com\/watch?v=RoJTbfnCVkA\">http:\/\/www.youtube.com\/watch?v=RoJTbfnCVkA<\/a><\/td>\n<\/tr>\n<tr>\n<td><strong>BBC-What A Wonderful World With David Attenborough<\/strong><\/td>\n<\/tr>\n<tr>\n<td><a href=\"http:\/\/www.youtube.com\/embed\/auSo1MyWf8g\">http:\/\/www.youtube.com\/embed\/auSo1MyWf8g<\/a><\/td>\n<\/tr>\n<tr>\n<td>https:\/\/www.youtube.com\/watch?v=auSo1MyWf8g#t=22<\/td>\n<\/tr>\n<tr>\n<td><strong>Shirley and Jenny: Two Elephants Reunited After More Than 20 years<\/strong><\/td>\n<\/tr>\n<tr>\n<td><a href=\"http:\/\/www.youtube.com\/watch?v=auSo1MyWf8g#t=22\">http:\/\/www.youtube.com\/watch?v=auSo1MyWf8g#t=22<\/a><\/td>\n<\/tr>\n<tr>\n<td><strong>ez a kutyus tudja a fizik\u00e1t<\/strong><\/td>\n<\/tr>\n<tr>\n<td><a href=\"http:\/\/www.youtube.com\/watch?v=deHIpA04SXg&amp;feature=player_embedded\">http:\/\/www.youtube.com\/watch?v=deHIpA04SXg&amp;feature=player_embedded<\/a><\/td>\n<\/tr>\n<tr>\n<td><strong>Polar bears and dogs playing<\/strong><\/td>\n<\/tr>\n<tr>\n<td><a href=\"http:\/\/www.youtube.com\/watch?v=JE-Nyt4Bmi8\">http:\/\/www.youtube.com\/watch?v=JE-Nyt4Bmi8<\/a><\/td>\n<\/tr>\n<tr>\n<td>elk\u00e9peszt\u0151&nbsp;<strong>\u00f6nfel\u00e1ldoz\u00f3 h\u0151siess\u00e9g<\/strong>&nbsp;\u2013 mindk\u00e9t kutyus t\u00fal\u00e9lte!!!<\/td>\n<\/tr>\n<tr>\n<td><a href=\"https:\/\/www.youtube.com\/watch?v=ofpYRITtLSg#t=36\">https:\/\/www.youtube.com\/watch?v=ofpYRITtLSg#t=36<\/a><\/td>\n<\/tr>\n<tr>\n<td><strong>f\u00e9szek<\/strong><\/td>\n<\/tr>\n<tr>\n<td><a href=\"http:\/\/en.gloria.tv\/?media=552899\">http:\/\/en.gloria.tv\/?media=552899<\/a><\/td>\n<\/tr>\n<tr>\n<td><strong>sz\u00f6rf\u00f6z\u0151 hatty\u00fak<\/strong><\/td>\n<\/tr>\n<tr>\n<td><a href=\"http:\/\/www.youtube.com\/watch?v=bsiqdl6vsGQ\">http:\/\/www.youtube.com\/watch?v=bsiqdl6vsGQ<\/a><\/td>\n<\/tr>\n<tr>\n<td><strong>gida-ment\u0151 H\u0150S kismalac<\/strong><\/td>\n<\/tr>\n<tr>\n<td><a href=\"https:\/\/www.youtube.com\/watch?v=NzVfgoTjo50\">https:\/\/www.youtube.com\/watch?v=NzVfgoTjo50<\/a><\/td>\n<\/tr>\n<tr>\n<td><strong>ha csipesz lenne az orrukon \u00e9s mark\u00e1nsabb lenne a sminkj\u00fck, szinkron\u00fasz\u00f3knak n\u00e9zn\u00e9m \u0151ket<\/strong><\/td>\n<\/tr>\n<tr>\n<td><a href=\"http:\/\/www.youtube.com\/watch?v=AfFadhDqF54\">http:\/\/www.youtube.com\/watch?v=AfFadhDqF54<\/a><\/td>\n<\/tr>\n<tr>\n<td><a href=\"http:\/\/www.youtube.com\/watch?v=MyYlYuaj_zU&amp;feature=player_embedded#!\">http:\/\/www.youtube.com\/watch?v=MyYlYuaj_zU&amp;feature=player_embedded#!<\/a><\/td>\n<\/tr>\n<tr>\n<td>&nbsp;<\/td>\n<\/tr>\n<tr>\n<td>&nbsp;<\/td>\n<\/tr>\n<tr>\n<td><strong>hi\u00faz csal\u00e1d<\/strong><\/td>\n<\/tr>\n<tr>\n<td><a href=\"https:\/\/www.youtube.com\/watch?v=w3sgfObUJIM\">https:\/\/www.youtube.com\/watch?v=w3sgfObUJIM<\/a><\/td>\n<\/tr>\n<tr>\n<td><strong>h\u00f3majmocsk\u00e1k<\/strong><\/td>\n<\/tr>\n<tr>\n<td><a href=\"http:\/\/www.youtube.com\/watch?v=xJ0-NTbv75s&amp;feature=player_embedded\">http:\/\/www.youtube.com\/watch?v=xJ0-NTbv75s&amp;feature=player_embedded<\/a><\/td>\n<\/tr>\n<tr>\n<td><a href=\"http:\/\/www.youtube.com\/watch?v=17VKbzVOuqo\">http:\/\/www.youtube.com\/watch?v=17VKbzVOuqo<\/a><\/td>\n<\/tr>\n<tr>\n<td><a href=\"http:\/\/www.youtube.com\/watch?v=I3v4n_78AT0\">http:\/\/www.youtube.com\/watch?v=I3v4n_78AT0<\/a><\/td>\n<\/tr>\n<tr>\n<td><strong>honnan tudja egy koala, hogyan kell eszkim\u00f3-puszit adni???<\/strong><\/td>\n<\/tr>\n<tr>\n<td><a href=\"http:\/\/www.youtube.com\/watch?v=cAsDgKv-4rw&amp;feature=player_embedded\">http:\/\/www.youtube.com\/watch?v=cAsDgKv-4rw&amp;feature=player_embedded#<\/a>!<\/td>\n<\/tr>\n<tr>\n<td><strong>\u00edgy \u00e9p\u00fcl a h\u00f3dv\u00e1r<\/strong><\/td>\n<\/tr>\n<tr>\n<td><a href=\"http:\/\/www.youtube.com\/watch?feature=player_embedded&amp;v=beas8hgBl0k\">http:\/\/www.youtube.com\/watch?feature=player_embedded&amp;v=beas8hgBl0k#<\/a>!<\/td>\n<\/tr>\n<tr>\n<td><strong>j\u00e1t\u00e9kos vidrabab\u00e1k<\/strong><\/td>\n<\/tr>\n<tr>\n<td><a href=\"http:\/\/www.youtube.com\/watch?v=OgQ621oJuFA\">http:\/\/www.youtube.com\/watch?v=OgQ621oJuFA<\/a><\/td>\n<\/tr>\n<tr>\n<td><strong>jegesbocsok \u00e9s boldog, b\u00fcszke anyuk\u00e1ik<\/strong><\/td>\n<\/tr>\n<tr>\n<td><a href=\"http:\/\/www.youtube.com\/watch?v=Xzj8H0y-a9M\">http:\/\/www.youtube.com\/watch?v=Xzj8H0y-a9M<\/a><\/td>\n<\/tr>\n<tr>\n<td><a href=\"https:\/\/www.youtube.com\/watch?v=CbILj_CYqno\">https:\/\/www.youtube.com\/watch?v=CbILj_CYqno<\/a><\/td>\n<\/tr>\n<tr>\n<td><strong>karmos b\u00e9bics\u0151sz\u00f6k<\/strong><\/td>\n<\/tr>\n<tr>\n<td><a href=\"http:\/\/www.youtube.com\/watch?v=9LnTjz3hItk\">http:\/\/www.youtube.com\/watch?v=9LnTjz3hItk<\/a><\/td>\n<\/tr>\n<tr>\n<td><strong>k\u00e9t \u00f6tletes rosszcsont<\/strong><\/td>\n<\/tr>\n<tr>\n<td><a href=\"http:\/\/www.youtube.com\/watch?feature=player_embedded&amp;v=NPX3Azr1TBM#at=18\">http:\/\/www.youtube.com\/watch?feature=player_embedded&amp;v=NPX3Azr1TBM#at=18<\/a><\/td>\n<\/tr>\n<tr>\n<td><strong>kiselef\u00e1nt sz\u00fcletik, anyuk\u00e1ja \u00e9leszti<\/strong><\/td>\n<\/tr>\n<tr>\n<td><a href=\"http:\/\/www.dumpert.nl\/mediabase\/656611\/d1dfcfee\/live_olifant_geboorte_tv.html\">http:\/\/www.dumpert.nl\/mediabase\/656611\/d1dfcfee\/live_olifant_geboorte_tv.html<\/a><\/td>\n<\/tr>\n<tr>\n<td><strong>k\u00f6vetj\u00fck a Kisf\u0151n\u00f6k\u00f6t<\/strong><\/td>\n<\/tr>\n<tr>\n<td><a href=\"http:\/\/www.youtube.com\/watch?list=PLx054xYe7wkXQocDexSgm12b3VEvJIu8B&amp;v=6r4rai4XcQQ#t=16\">http:\/\/www.youtube.com\/watch?list=PLx054xYe7wkXQocDexSgm12b3VEvJIu8B&amp;v=6r4rai4XcQQ#t=16<\/a><\/td>\n<\/tr>\n<tr>\n<td>&nbsp;<\/td>\n<\/tr>\n<tr>\n<td>&nbsp;<\/td>\n<\/tr>\n<tr>\n<td><strong>majdnem jegesmack\u00f3k<\/strong><\/td>\n<\/tr>\n<tr>\n<td><a href=\"http:\/\/www.youtube.com\/watch?v=1pBgPwNiQfU&amp;feature=player_embedded\">http:\/\/www.youtube.com\/watch?v=1pBgPwNiQfU&amp;feature=player_embedded<\/a><\/td>\n<\/tr>\n<tr>\n<td><strong>massage<\/strong><\/td>\n<\/tr>\n<tr>\n<td><a href=\"http:\/\/www.youtube.com\/watch?v=4SUW8wnOOOU&amp;feature=player_embedded\">http:\/\/www.youtube.com\/watch?v=4SUW8wnOOOU&amp;feature=player_embedded#<\/a>!<\/td>\n<\/tr>\n<tr>\n<td><strong>m\u00f3kus koreograf\u00e1lva<\/strong><\/td>\n<\/tr>\n<tr>\n<td><a href=\"http:\/\/www.youtube.com\/watch?v=lNAuwGhHD1I#t=12\">http:\/\/www.youtube.com\/watch?v=lNAuwGhHD1I#t=12<\/a><\/td>\n<\/tr>\n<tr>\n<td><strong>\u00f3ce\u00e1n<\/strong><\/td>\n<\/tr>\n<tr>\n<td><a href=\"http:\/\/www.youtube.com\/embed\/2uUk9K9TQhg\">http:\/\/www.youtube.com\/embed\/2uUk9K9TQhg<\/a><\/td>\n<\/tr>\n<tr>\n<td><strong>vidraszerelem<\/strong><\/td>\n<\/tr>\n<tr>\n<td><a href=\"https:\/\/www.youtube.com\/watch?v=epUk3T2Kfno\">https:\/\/www.youtube.com\/watch?v=epUk3T2Kfno<\/a><\/td>\n<\/tr>\n<tr>\n<td><strong>peacock spider<\/strong><\/td>\n<\/tr>\n<tr>\n<td><a href=\"http:\/\/www.youtube.com\/watch?v=d_yYC5r8xMI\">http:\/\/www.youtube.com\/watch?v=d_yYC5r8xMI<\/a><\/td>\n<\/tr>\n<tr>\n<td><strong>potyautas<\/strong><\/td>\n<\/tr>\n<tr>\n<td><a href=\"http:\/\/www.youtube.com\/watch?feature=player_embedded&amp;v=enz1nlpxe-Y\">http:\/\/www.youtube.com\/watch?feature=player_embedded&amp;v=enz1nlpxe-Y<\/a><\/td>\n<\/tr>\n<tr>\n<td><strong>r\u00f3k\u00e1zzunk egyet<\/strong><\/td>\n<\/tr>\n<tr>\n<td><a href=\"https:\/\/www.youtube.com\/watch?v=rufuJtDZqUY\">https:\/\/www.youtube.com\/watch?v=rufuJtDZqUY<\/a><\/td>\n<\/tr>\n<tr>\n<td><a href=\"https:\/\/www.youtube.com\/watch?v=tAFR0MxXNH8\">https:\/\/www.youtube.com\/watch?v=tAFR0MxXNH8<\/a><\/td>\n<\/tr>\n<tr>\n<td><a href=\"https:\/\/www.youtube.com\/watch?v=XAMLR1kEPBU\">https:\/\/www.youtube.com\/watch?v=XAMLR1kEPBU<\/a><\/td>\n<\/tr>\n<tr>\n<td><a href=\"https:\/\/www.youtube.com\/watch?v=0glBUluF4Yk\">https:\/\/www.youtube.com\/watch?v=0glBUluF4Yk<\/a><\/td>\n<\/tr>\n<tr>\n<td>&nbsp;<\/td>\n<\/tr>\n<tr>\n<td>&nbsp;<\/td>\n<\/tr>\n<tr>\n<td><strong>r\u00fcgyfakad\u00e1s<\/strong><\/td>\n<\/tr>\n<tr>\n<td><a href=\"http:\/\/player.vimeo.com\/video\/27920977?title=0&amp;%3bbyline=0&amp;%3bportrait=0href\">http:\/\/player.vimeo.com\/video\/27920977?title=0&amp;%3bbyline=0&amp;%3bportrait=0href<\/a><\/td>\n<\/tr>\n<tr>\n<td><strong>szem\u00e9rmes vidrababa<\/strong><\/td>\n<\/tr>\n<tr>\n<td><a href=\"http:\/\/www.youtube.com\/watch?v=ap2mhgldYS4#t=13\">http:\/\/www.youtube.com\/watch?v=ap2mhgldYS4#t=13<\/a><\/td>\n<\/tr>\n<tr>\n<td><strong>sz\u00e1rnyalhatsz, ak\u00e1r egy sas<\/strong><\/td>\n<\/tr>\n<tr>\n<td><a href=\"http:\/\/www.youtube.com\/watch?v=G3QrhdfLCO8#t=37\">http:\/\/www.youtube.com\/watch?v=G3QrhdfLCO8#t=37<\/a><\/td>\n<\/tr>\n<tr>\n<td>&nbsp;<\/td>\n<\/tr>\n<tr>\n<td>&nbsp;<\/td>\n<\/tr>\n<tr>\n<td>&nbsp;<\/td>\n<\/tr>\n<tr>\n<td>&nbsp;<\/td>\n<\/tr>\n<tr>\n<td><strong>vegyes alom<\/strong><\/td>\n<\/tr>\n<tr>\n<td><a href=\"https:\/\/www.youtube.com\/watch?v=OfEw44cVJvY\">https:\/\/www.youtube.com\/watch?v=OfEw44cVJvY<\/a><\/td>\n<\/tr>\n<tr>\n<td><strong>I&#8217;m Little&#8230;But I&#8217;m a&nbsp;<\/strong><strong>Great<\/strong><strong>&nbsp;Winner<\/strong><\/td>\n<\/tr>\n<tr>\n<td><a href=\"http:\/\/www.youtube.com\/watch?v=XBEyCr5AoIs\">http:\/\/www.youtube.com\/watch?v=XBEyCr5AoIs<\/a><\/td>\n<\/tr>\n<\/tbody>\n<\/table>\n<\/div>\n<\/div>\n<\/div>\n<\/div>\n","protected":false},"excerpt":{"rendered":"<p>zen\u00e9k: &nbsp; Palya Bea &#8211; Sz\u00fcl\u00e9sdal&nbsp;(How to give birth &#8212; Delivery song) Anna and the Barbies&nbsp;feat. Kiss Tibi:&nbsp;M\u00e1rti dala&nbsp;(official video) FULL Esti dal \u2013 Flashmob Presser G\u00e1bor &#8211; Nagy utaz\u00e1s Zor\u00e1n &#8211; Kell ott fenn egy orsz\u00e1g Jeszenyin &#8211;&nbsp;Kal\u00e1ka: &#8220;A&#8230;<br \/><a class=\"read-more-button\" href=\"http:\/\/www.molnarmariann-homeopatia.eu\/WP\/pihenoszoba\/\">Read more<\/a><\/p>\n","protected":false},"author":2,"featured_media":0,"parent":0,"menu_order":0,"comment_status":"closed","ping_status":"closed","template":"template\/page\/fullwidth.php","meta":{"bgseo_title":"","bgseo_description":"","bgseo_robots_index":"index","bgseo_robots_follow":"follow","footnotes":""},"class_list":["post-458","page","type-page","status-publish","hentry"],"_links":{"self":[{"href":"http:\/\/www.molnarmariann-homeopatia.eu\/WP\/wp-json\/wp\/v2\/pages\/458","targetHints":{"allow":["GET"]}}],"collection":[{"href":"http:\/\/www.molnarmariann-homeopatia.eu\/WP\/wp-json\/wp\/v2\/pages"}],"about":[{"href":"http:\/\/www.molnarmariann-homeopatia.eu\/WP\/wp-json\/wp\/v2\/types\/page"}],"author":[{"embeddable":true,"href":"http:\/\/www.molnarmariann-homeopatia.eu\/WP\/wp-json\/wp\/v2\/users\/2"}],"replies":[{"embeddable":true,"href":"http:\/\/www.molnarmariann-homeopatia.eu\/WP\/wp-json\/wp\/v2\/comments?post=458"}],"version-history":[{"count":3,"href":"http:\/\/www.molnarmariann-homeopatia.eu\/WP\/wp-json\/wp\/v2\/pages\/458\/revisions"}],"predecessor-version":[{"id":482,"href":"http:\/\/www.molnarmariann-homeopatia.eu\/WP\/wp-json\/wp\/v2\/pages\/458\/revisions\/482"}],"wp:attachment":[{"href":"http:\/\/www.molnarmariann-homeopatia.eu\/WP\/wp-json\/wp\/v2\/media?parent=458"}],"curies":[{"name":"wp","href":"https:\/\/api.w.org\/{rel}","templated":true}]}}