{"id":469,"date":"2020-08-02T13:50:37","date_gmt":"2020-08-02T13:50:37","guid":{"rendered":"http:\/\/www.molnarmariann-homeopatia.eu\/WP\/?page_id=469"},"modified":"2020-08-02T13:50:37","modified_gmt":"2020-08-02T13:50:37","slug":"szerzodott-egeszsegenztarak","status":"publish","type":"page","link":"http:\/\/www.molnarmariann-homeopatia.eu\/WP\/szerzodott-egeszsegenztarak\/","title":{"rendered":"Szerz\u0151d\u00f6tt eg\u00e9szs\u00e9g\u00e9nzt\u00e1rak"},"content":{"rendered":"<div class=\"boldgrid-section\">\n<div class=\"container\">\n<div class=\"row\">\n<div class=\"col-md-12 col-xs-12 col-sm-12\">\n<ul class=\"\">\n<li style=\"color: navy; text-align: justify; mso-list: l0 level1 lfo1; tab-stops: list 36.0pt;\"><span style=\"font-family: 'Comic Sans MS';\">Adoszt (NAVOSZ) \u00d6nk\u00e9ntes K\u00f6lcs\u00f6n\u00f6s Eg\u00e9szs\u00e9gp\u00e9nzt\u00e1r<\/span><\/li>\n<li style=\"color: navy; text-align: justify; mso-list: l0 level1 lfo1; tab-stops: list 36.0pt;\"><span style=\"font-family: 'Comic Sans MS';\">Allianz Hung\u00e1ria Eg\u00e9szs\u00e9gp\u00e9nzt\u00e1r<span style=\"mso-spacerun: yes;\">&nbsp; <\/span><a href=\"http:\/\/www.allianz.hu\/\"><span style=\"color: navy;\">www.allianz.hu<\/span><\/a><\/span><\/li>\n<li style=\"color: navy; text-align: justify; mso-list: l0 level1 lfo1; tab-stops: list 36.0pt;\"><span style=\"font-family: 'Comic Sans MS'; mso-ansi-language: PT-BR;\">Aranykor Eg\u00e9szs\u00e9gp\u00e9nzt\u00e1r (volt Medicover)<span style=\"mso-spacerun: yes;\">&nbsp; <\/span><\/span><span style=\"text-decoration: underline;\"><span style=\"font-family: 'Comic Sans MS'; mso-ansi-language: DA;\"><a href=\"http:\/\/www.aranykorep.hu\/\"><span style=\"color: navy; mso-ansi-language: PT-BR;\">www.aranykorep.hu<\/span><\/a><\/span><\/span><\/li>\n<li style=\"color: navy; text-align: justify; mso-list: l0 level1 lfo1; tab-stops: list 36.0pt;\"><span style=\"font-family: 'Comic Sans MS'; mso-ansi-language: PT-BR;\">AXA \u00d6nk\u00e9ntes Eg\u00e9szs\u00e9gp\u00e9nzt\u00e1r (Pr\u00e9mium)<\/span><\/li>\n<li style=\"color: navy; text-align: justify; mso-list: l0 level1 lfo1; tab-stops: list 36.0pt;\"><span style=\"font-family: 'Comic Sans MS'; mso-ansi-language: PT-BR;\">Budai Eg\u00e9szs\u00e9gp\u00e9nzt\u00e1r <\/span><span style=\"font-family: 'Comic Sans MS';\"><a href=\"http:\/\/www.budaiep.hu\/\"><span style=\"color: navy; mso-ansi-language: PT-BR;\">www.budaiep.hu<\/span><\/a><\/span><\/li>\n<li style=\"color: navy; text-align: justify; mso-list: l0 level1 lfo1; tab-stops: list 36.0pt;\"><span style=\"font-family: 'Comic Sans MS'; mso-ansi-language: PT-BR;\">Credit Suisse Life &amp; Pensions \u00d6nk\u00e9ntes Eg\u00e9szs\u00e9gp\u00e9nzt\u00e1r ld. Winterthur &gt;&gt;&gt; AXA<\/span><\/li>\n<li style=\"color: navy; text-align: justify; mso-list: l0 level1 lfo1; tab-stops: list 36.0pt;\"><span style=\"font-family: 'Comic Sans MS'; mso-ansi-language: PT-BR;\">Danubius Gy\u00f3gy\u00fcd\u00fcl\u0151k Orsz\u00e1gos Eg\u00e9szs\u00e9gp\u00e9nzt\u00e1ra<\/span><\/li>\n<li style=\"color: navy; text-align: justify; mso-list: l0 level1 lfo1; tab-stops: list 36.0pt;\"><span style=\"font-family: 'Comic Sans MS'; mso-ansi-language: PT-BR;\">Dimenzi\u00f3 \u00d6nk\u00e9ntes K\u00f6lcs\u00f6n\u00f6s Eg\u00e9szs\u00e9gp\u00e9nzt\u00e1r<span style=\"mso-spacerun: yes;\">&nbsp; <\/span><\/span><span style=\"font-family: 'Comic Sans MS';\"><a href=\"http:\/\/www.dimenziocsoport.hu\/\"><span style=\"color: navy; mso-ansi-language: PT-BR;\">www.dimenziocsoport.hu<\/span><\/a><\/span><\/li>\n<li style=\"color: navy; text-align: justify; mso-list: l0 level1 lfo1; tab-stops: list 36.0pt;\"><span style=\"font-family: 'Comic Sans MS'; mso-ansi-language: PT-BR;\">Dunaferr Region\u00e1lis Eg\u00e9szs\u00e9gp\u00e9nzt\u00e1r<\/span><\/li>\n<li style=\"color: navy; text-align: justify; mso-list: l0 level1 lfo1; tab-stops: list 36.0pt;\"><span style=\"font-family: 'Comic Sans MS'; mso-ansi-language: PT-BR;\">Eg\u00e9szs\u00e9g\u00e9rt Orsz\u00e1gos \u00d6nk\u00e9ntes Eg\u00e9szs\u00e9gp\u00e9nzt\u00e1r<span style=\"mso-spacerun: yes;\">&nbsp;&nbsp; <\/span><\/span><span style=\"font-family: 'Comic Sans MS';\"><a href=\"http:\/\/www.egeszsegert.info\/\"><span style=\"color: navy; mso-ansi-language: PT-BR;\">www.egeszsegert.info<\/span><\/a><\/span><\/li>\n<li style=\"color: navy; text-align: justify; mso-list: l0 level1 lfo1; tab-stops: list 36.0pt;\"><span style=\"font-family: 'Comic Sans MS'; mso-ansi-language: PT-BR;\">Eg\u00e9szs\u00e9gpont Eg\u00e9szs\u00e9gp\u00e9nzt\u00e1r<\/span><\/li>\n<li style=\"color: navy; text-align: justify; mso-list: l0 level1 lfo1; tab-stops: list 36.0pt;\"><span style=\"font-family: 'Comic Sans MS'; mso-ansi-language: PT-BR;\">Erste-Harm\u00f3nia Eg\u00e9szs\u00e9gp\u00e9nzt\u00e1r<\/span><span style=\"font-family: 'Comic Sans MS';\"><a href=\"http:\/\/www.harmonia-ep.hu\/\"><span style=\"color: navy; mso-ansi-language: PT-BR;\">www.harmonia-ep.hu<\/span><\/a><\/span><\/li>\n<li style=\"color: navy; text-align: justify; mso-list: l0 level1 lfo1; tab-stops: list 36.0pt;\"><span style=\"font-family: 'Comic Sans MS'; mso-ansi-language: PT-BR;\">Fitt Orsz\u00e1gos \u00d6nk\u00e9ntes Kieg\u00e9sz\u00edt\u0151 Eg\u00e9szs\u00e9gp\u00e9nzt\u00e1r<span style=\"mso-spacerun: yes;\">&nbsp; <\/span><\/span><span style=\"font-family: 'Comic Sans MS';\"><a href=\"http:\/\/www.fittep.hu\/\"><span style=\"color: navy; mso-ansi-language: PT-BR;\">www.fittep.hu<\/span><\/a><\/span><\/li>\n<li style=\"color: navy; text-align: justify; mso-list: l0 level1 lfo1; tab-stops: list 36.0pt;\"><span style=\"font-family: 'Comic Sans MS'; mso-ansi-language: PT-BR;\">GENERALI K\u00f6lcs\u00f6n\u00f6s Eg\u00e9szs\u00e9gp\u00e9nzt\u00e1r<\/span><\/li>\n<li style=\"color: navy; text-align: justify; mso-list: l0 level1 lfo1; tab-stops: list 36.0pt;\"><span style=\"font-family: 'Comic Sans MS'; mso-ansi-language: PT-BR;\">Gy\u00e9m\u00e1nt Orsz\u00e1gos Eg\u00e9szs\u00e9gp\u00e9nzt\u00e1r<\/span><\/li>\n<li style=\"color: navy; text-align: justify; mso-list: l0 level1 lfo1; tab-stops: list 36.0pt;\"><span style=\"font-family: 'Comic Sans MS'; mso-ansi-language: PT-BR;\">Honv\u00e9d \u00d6nk\u00e9ntes K\u00f6lcs\u00f6n\u00f6s Kieg\u00e9sz\u00edt\u0151 Eg\u00e9szs\u00e9gp\u00e9nzt\u00e1r<span style=\"mso-spacerun: yes;\">&nbsp; <\/span><\/span><span style=\"font-family: 'Comic Sans MS';\"><a href=\"http:\/\/www.honvedep.hu\/\"><span style=\"color: navy; mso-ansi-language: PT-BR;\">www.honvedep.hu<\/span><\/a><\/span><\/li>\n<li style=\"color: navy; text-align: justify; mso-list: l0 level1 lfo1; tab-stops: list 36.0pt;\"><span style=\"font-family: 'Comic Sans MS'; mso-ansi-language: PT-BR;\">K&amp; H Medicina Eg\u00e9szs\u00e9gp\u00e9nzt\u00e1r ld. Medicina<br \/>\n<\/span><\/li>\n<li style=\"color: navy; text-align: justify; mso-list: l0 level1 lfo1; tab-stops: list 36.0pt;\"><span style=\"font-family: 'Comic Sans MS'; mso-ansi-language: PT-BR;\">Krist\u00e1ly \u00d6nk\u00e9ntes K\u00f6lcs\u00f6n\u00f6s Kieg\u00e9sz\u00edt\u0151 Eg\u00e9szs\u00e9gp\u00e9nzt\u00e1r ld. MKB<\/span><\/li>\n<li style=\"color: navy; text-align: justify; mso-list: l0 level1 lfo1; tab-stops: list 36.0pt;\"><span style=\"font-family: 'Comic Sans MS'; mso-ansi-language: PT-BR;\">Medicina Eg\u00e9szs\u00e9gp\u00e9nzt\u00e1r<span style=\"mso-spacerun: yes;\">&nbsp; <\/span><\/span><span style=\"font-family: 'Comic Sans MS';\"><a href=\"http:\/\/www.khmedicina.hu\/\"><span style=\"color: navy; mso-ansi-language: PT-BR;\">www.khmedicina.hu<\/span><\/a><\/span><\/li>\n<li style=\"color: navy; text-align: justify; mso-list: l0 level1 lfo1; tab-stops: list 36.0pt;\"><span style=\"font-family: 'Comic Sans MS'; mso-ansi-language: PT-BR;\">Medicover \u00d6nk\u00e9ntes K\u00f6lcs\u00f6n\u00f6s Eg\u00e9szs\u00e9gp\u00e9nzt\u00e1r ld. Aranykor<\/span><\/li>\n<li style=\"color: navy; text-align: justify; mso-list: l0 level1 lfo1; tab-stops: list 36.0pt;\"><span style=\"font-family: 'Comic Sans MS'; mso-ansi-language: PT-BR;\">MKB Eg\u00e9szs\u00e9gp\u00e9nzt\u00e1r<span style=\"mso-spacerun: yes;\">&nbsp; <\/span><\/span><span style=\"font-family: 'Comic Sans MS';\"><a href=\"http:\/\/www.mkbep.hu\/\"><span style=\"color: navy; mso-ansi-language: PT-BR;\">www.mkbep.hu<\/span><\/a><\/span><\/li>\n<li style=\"color: navy; text-align: justify; mso-list: l0 level1 lfo1; tab-stops: list 36.0pt;\"><span style=\"font-family: 'Comic Sans MS';\">NAVOSZ (ADOSZT) Eg\u00e9szs\u00e9gp\u00e9nzt\u00e1r<\/span><\/li>\n<li style=\"color: navy; text-align: justify; mso-list: l0 level1 lfo1; tab-stops: list 36.0pt;\"><span style=\"font-family: 'Comic Sans MS'; mso-ansi-language: PT-BR;\">OTP Orsz\u00e1gos Eg\u00e9szs\u00e9gp\u00e9nzt\u00e1r<span style=\"mso-spacerun: yes;\">&nbsp; <\/span><\/span><span style=\"font-family: 'Comic Sans MS';\"><a href=\"http:\/\/www.egeszsegprogram.hu\/\"><span style=\"color: navy; mso-ansi-language: PT-BR;\">www.egeszsegprogram.hu<\/span><\/a><\/span><\/li>\n<li style=\"color: navy; text-align: justify; mso-list: l0 level1 lfo1; tab-stops: list 36.0pt;\"><span style=\"font-family: 'Comic Sans MS'; mso-ansi-language: PT-BR;\">Patika Eg\u00e9szs\u00e9gp\u00e9nzt\u00e1r<span style=\"mso-spacerun: yes;\">&nbsp; <\/span><\/span><span style=\"font-family: 'Comic Sans MS';\"><a href=\"http:\/\/www.patikapenztar.hu\">www.patikapenztar.hu<\/a><\/span><\/li>\n<li style=\"color: navy; text-align: justify; mso-list: l0 level1 lfo1; tab-stops: list 36.0pt;\"><span style=\"font-family: 'Comic Sans MS';\"><span style=\"color: navy; mso-ansi-language: PT-BR;\">Pr\u00e9mium <a href=\"https:\/\/premiumegeszsegpenztar.hu\/\">https:\/\/premiumegeszsegpenztar.hu\/<\/a> <\/span><\/span><\/li>\n<li style=\"color: navy; text-align: justify; mso-list: l0 level1 lfo1; tab-stops: list 36.0pt;\"><span style=\"font-family: 'Comic Sans MS'; mso-ansi-language: PT-BR;\">Prov1ta Kieg\u00e9sz\u00edt\u0151 Eg\u00e9szs\u00e9gp\u00e9nzt\u00e1r<span style=\"mso-spacerun: yes;\">&nbsp; <\/span><\/span><span style=\"font-family: 'Comic Sans MS';\"><a href=\"http:\/\/www.prov1ta.hu\/\"><span style=\"color: navy; mso-ansi-language: PT-BR;\">www.prov1ta.hu<\/span><\/a><\/span><\/li>\n<li style=\"color: navy; text-align: justify; mso-list: l0 level1 lfo1; tab-stops: list 36.0pt;\"><span style=\"font-family: 'Comic Sans MS'; mso-ansi-language: PT-BR;\">Quaestor Orsz\u00e1gos Eg\u00e9szs\u00e9gp\u00e9nzt\u00e1r<span style=\"mso-spacerun: yes;\">&nbsp; <\/span><\/span><span style=\"font-family: 'Comic Sans MS';\"><a href=\"http:\/\/www.qrt.hu\/\"><span style=\"color: navy; mso-ansi-language: PT-BR;\">www.quaestor.hu<\/span><\/a><\/span><\/li>\n<li style=\"color: navy; text-align: justify; mso-list: l0 level1 lfo1; tab-stops: list 36.0pt;\"><span style=\"font-family: 'Comic Sans MS'; mso-ansi-language: PT-BR;\"> Talizm\u00e1n Eg\u00e9szs\u00e9gp\u00e9nzt\u00e1r ld. MKB e.p.<\/span><span style=\"font-size: 8.0pt; font-family: 'Comic Sans MS'; mso-ansi-language: PT-BR;\">.<\/span><\/li>\n<li style=\"color: navy; text-align: justify; mso-list: l0 level1 lfo1; tab-stops: list 36.0pt;\"><span style=\"font-family: 'Comic Sans MS'; mso-ansi-language: PT-BR;\">Tempo Orsz\u00e1gos \u00d6nk\u00e9ntes Kieg\u00e9sz\u00edt\u0151 Eg\u00e9szs\u00e9gp\u00e9nzt\u00e1r<span style=\"mso-spacerun: yes;\">&nbsp;&nbsp; <\/span><\/span><span style=\"font-family: 'Comic Sans MS';\"><a href=\"http:\/\/www.egeszsegpenztar.hu\/\"><span style=\"color: navy; mso-ansi-language: PT-BR;\">www.egeszsegpenztar.hu<\/span><\/a><\/span><\/li>\n<li style=\"color: navy; text-align: justify; mso-list: l0 level1 lfo1; tab-stops: list 36.0pt;\"><span style=\"font-family: 'Comic Sans MS'; mso-ansi-language: PT-BR;\">\u00daj Pill\u00e9r \u00d6nk\u00e9ntes K\u00f6lcs\u00f6n\u00f6s Kieg\u00e9sz\u00edt\u0151 Eg\u00e9szs\u00e9gp\u00e9nzt\u00e1r<span style=\"mso-spacerun: yes;\">&nbsp;&nbsp; <\/span><\/span><span style=\"font-family: 'Comic Sans MS';\"><a href=\"http:\/\/www.ujpiller.hu\/\"><span style=\"color: navy; mso-ansi-language: PT-BR;\">www.ujpiller.hu<\/span><\/a><\/span><\/li>\n<li style=\"color: navy; text-align: justify; mso-list: l0 level1 lfo1; tab-stops: list 36.0pt;\"><span style=\"font-family: 'Comic Sans MS'; mso-ansi-language: PL;\">Uniqa \u00d6nk\u00e9ntes K\u00f6lcs\u00f6n\u00f6s Kieg\u00e9sz\u00edt\u0151 Eg\u00e9szs\u00e9gp\u00e9nzt\u00e1r<span style=\"mso-spacerun: yes;\">&nbsp; <\/span><\/span><span style=\"font-family: 'Comic Sans MS';\"><a href=\"http:\/\/www.uniqa-ep.hu\/\"><span style=\"color: navy; mso-ansi-language: PL;\">www.uniqa-ep.hu<\/span><\/a><\/span><\/li>\n<li style=\"color: navy; text-align: justify; mso-list: l0 level1 lfo1; tab-stops: list 36.0pt;\"><span style=\"font-family: 'Comic Sans MS'; mso-ansi-language: PL;\">Vasutas \u00d6nk\u00e9ntes K\u00f6lcs\u00f6n\u00f6s Kieg\u00e9sz\u00edt\u0151 Eg\u00e9szs\u00e9gp\u00e9nzt\u00e1r<\/span><\/li>\n<li style=\"color: navy; text-align: justify; mso-list: l0 level1 lfo1; tab-stops: list 36.0pt;\"><span style=\"font-family: 'Comic Sans MS'; mso-ansi-language: PL;\">Vitamin Eg\u00e9szs\u00e9gp\u00e9nzt\u00e1r<span style=\"mso-spacerun: yes;\">&nbsp; <\/span><\/span><span style=\"font-family: 'Comic Sans MS';\"><a href=\"http:\/\/www.vitaminep.hu\/\"><span style=\"color: navy; mso-ansi-language: PL;\">www.vitaminep.hu<\/span><\/a><\/span><\/li>\n<li style=\"color: navy; text-align: justify; mso-list: l0 level1 lfo1; tab-stops: list 36.0pt;\"><span style=\"font-family: 'Comic Sans MS'; mso-ansi-language: PT-BR;\"> Winterthur Eg\u00e9szs\u00e9gp\u00e9nzt\u00e1r <a href=\"http:\/\/www.cslife.hu\">www.cslife.hu<\/a> &gt;&gt;&gt; AXA<\/span><\/li>\n<li style=\"color: navy; text-align: justify; mso-list: l0 level1 lfo1; tab-stops: list 36.0pt;\"><a href=\"https:\/\/onsegelyezo-penztar.izys.hu\/\"><span style=\"font-family: 'Comic Sans MS'; mso-ansi-language: PT-BR;\">IZYS \u00d6nseg\u00e9lyez\u0151 P\u00e9nzt\u00e1r<\/span><\/a><\/li>\n<\/ul>\n<\/div>\n<\/div>\n<\/div>\n<\/div>\n","protected":false},"excerpt":{"rendered":"<p>Adoszt (NAVOSZ) \u00d6nk\u00e9ntes K\u00f6lcs\u00f6n\u00f6s Eg\u00e9szs\u00e9gp\u00e9nzt\u00e1r Allianz Hung\u00e1ria Eg\u00e9szs\u00e9gp\u00e9nzt\u00e1r&nbsp; www.allianz.hu Aranykor Eg\u00e9szs\u00e9gp\u00e9nzt\u00e1r (volt Medicover)&nbsp; www.aranykorep.hu AXA \u00d6nk\u00e9ntes Eg\u00e9szs\u00e9gp\u00e9nzt\u00e1r (Pr\u00e9mium) Budai Eg\u00e9szs\u00e9gp\u00e9nzt\u00e1r www.budaiep.hu Credit Suisse Life &amp; Pensions \u00d6nk\u00e9ntes Eg\u00e9szs\u00e9gp\u00e9nzt\u00e1r ld. Winterthur &gt;&gt;&gt; AXA Danubius Gy\u00f3gy\u00fcd\u00fcl\u0151k Orsz\u00e1gos Eg\u00e9szs\u00e9gp\u00e9nzt\u00e1ra Dimenzi\u00f3 \u00d6nk\u00e9ntes K\u00f6lcs\u00f6n\u00f6s Eg\u00e9szs\u00e9gp\u00e9nzt\u00e1r&nbsp;&#8230;<br \/><a class=\"read-more-button\" href=\"http:\/\/www.molnarmariann-homeopatia.eu\/WP\/szerzodott-egeszsegenztarak\/\">Read more<\/a><\/p>\n","protected":false},"author":2,"featured_media":0,"parent":0,"menu_order":0,"comment_status":"closed","ping_status":"closed","template":"template\/page\/fullwidth.php","meta":{"bgseo_title":"","bgseo_description":"","bgseo_robots_index":"index","bgseo_robots_follow":"follow","footnotes":""},"class_list":["post-469","page","type-page","status-publish","hentry"],"_links":{"self":[{"href":"http:\/\/www.molnarmariann-homeopatia.eu\/WP\/wp-json\/wp\/v2\/pages\/469","targetHints":{"allow":["GET"]}}],"collection":[{"href":"http:\/\/www.molnarmariann-homeopatia.eu\/WP\/wp-json\/wp\/v2\/pages"}],"about":[{"href":"http:\/\/www.molnarmariann-homeopatia.eu\/WP\/wp-json\/wp\/v2\/types\/page"}],"author":[{"embeddable":true,"href":"http:\/\/www.molnarmariann-homeopatia.eu\/WP\/wp-json\/wp\/v2\/users\/2"}],"replies":[{"embeddable":true,"href":"http:\/\/www.molnarmariann-homeopatia.eu\/WP\/wp-json\/wp\/v2\/comments?post=469"}],"version-history":[{"count":1,"href":"http:\/\/www.molnarmariann-homeopatia.eu\/WP\/wp-json\/wp\/v2\/pages\/469\/revisions"}],"predecessor-version":[{"id":471,"href":"http:\/\/www.molnarmariann-homeopatia.eu\/WP\/wp-json\/wp\/v2\/pages\/469\/revisions\/471"}],"wp:attachment":[{"href":"http:\/\/www.molnarmariann-homeopatia.eu\/WP\/wp-json\/wp\/v2\/media?parent=469"}],"curies":[{"name":"wp","href":"https:\/\/api.w.org\/{rel}","templated":true}]}}