{"id":48,"date":"2020-03-09T15:37:54","date_gmt":"2020-03-09T15:37:54","guid":{"rendered":"https:\/\/molnarmariann-homeopatia.eu\/WP\/?page_id=48"},"modified":"2023-06-12T06:38:28","modified_gmt":"2023-06-12T06:38:28","slug":"elerhetoseg","status":"publish","type":"page","link":"http:\/\/www.molnarmariann-homeopatia.eu\/WP\/elerhetoseg\/","title":{"rendered":"El\u00e9rhet\u0151s\u00e9g"},"content":{"rendered":"<div class=\"boldgrid-section\">\n<div class=\"container\">\n<div class=\"row\">\n<div class=\"col-md-12 col-xs-12 col-sm-12 col-lg-12\">\n<h1 class=\"boldgrid-section\" style=\"text-align: center;\"><strong><span style=\"color: #ff0000;\"><a class=\"\" style=\"color: #ff0000;\" href=\"http:\/\/www.molnarmariann-homeopatia.eu\/WP\/wp-content\/uploads\/2022\/03\/HONLAPRA_majustol_jav.pdf\" target=\"_blank\" rel=\"noopener\">!!!!!V\u00c1LTOZ\u00c1S 2022 M\u00c1JUST\u00d3L!!!!!<\/a><\/span><\/strong><\/h1>\n<p class=\"\">&nbsp;<\/p>\n<p class=\"\"><span style=\"color: #003366;\"><strong>C\u00edm<\/strong><strong>: 1o46.Budapest, Szilas-patak lak\u00f3park, Damjanich J.u.11.<\/strong><\/span><\/p>\n<p class=\"\"><span style=\"color: #003366;\">(Damjanich J. \u00e9s Sz\u0151nyi I. u. sarok)<\/span><\/p>\n<p class=\"\"><span style=\"color: #003366;\">g\u00e9pkocsival parkol\u00e1s a h\u00e1z el\u0151tt ingyenes<\/span><\/p>\n<p class=\"boldgrid-google-maps\"><iframe loading=\"lazy\" style=\"max-width: 100%;\" src=\"https:\/\/maps.google.com\/maps?q=1046+Budapest+Damjanich+J%C3%A1nos+utca+11.&amp;t=m&amp;z=16&amp;output=embed\" width=\"600\" height=\"450\" frameborder=\"0\" data-mce-fragment=\"1\"><\/iframe><\/p>\n<p class=\"\">&nbsp;<\/p>\n<p class=\"\"><span style=\"color: #003366;\">GPS: 47.5770318&nbsp; 19.1101671<\/span><\/p>\n<p class=\"\"><span style=\"color: #003366;\"><strong>telefon: <\/strong><strong>h\u00e9tf\u0151t\u0151l cs\u00fct\u00f6rt\u00f6kig reggel&nbsp; 7.30 \u2013 8.00 :&nbsp; 231-0003 vagy <b><span style=\"font-family: Comic Sans MS;\"><span style=\"font-family: Arial;\">+36 30 9930084<\/span><\/span><\/b><\/strong><\/span><\/p>\n<p class=\"\"><strong><span style=\"color: #003366;\">el\u0151zetes megbesz\u00e9l\u00e9s ut\u00e1n lelet \u00e9s \u00e1llapotjelent\u00e9s k\u00fcld\u00e9s\u00e9re haszn\u00e1lhat\u00f3 e-mail c\u00edmem: <\/span><\/strong><span style=\"color: #003366;\"><a href=\"mailto:golyosdoktorneni.covid19@gmail.com\" target=\"_blank\" rel=\"noopener noreferrer\">golyosdoktorneni@<wbr>gmail.com<\/a><\/span><strong><span style=\"color: #003366;\"><br \/>\n<\/span><\/strong><\/p>\n<p class=\"\" style=\"color: #05306f;\"><strong>Sz\u00e1mlasz\u00e1m:<\/strong> K&amp;H 10400023-50526580-89651015 T\u00c1M Kft.<\/p>\n<p class=\"\"><span style=\"color: #003366;\">Megk\u00f6zel\u00edthet\u0151:<\/span><\/p>\n<p class=\"\" style=\"color: #000000;\"><span style=\"color: #003366;\"><strong>22o-as <\/strong>(r\u00e9gi fekete 2o)<strong> busszal<\/strong> a 3-as, \u201ek\u00e9k\u201d metr\u00f3<\/span><\/p>\n<p class=\"\"><span style=\"color: #003366;\">\u00dajpest k\u00f6zpont v\u00e9g\u00e1llom\u00e1s\u00e1t\u00f3l,<\/span><\/p>\n<p class=\"\"><span style=\"color: #003366;\"><strong>2oE <\/strong>(r\u00e9gi piros 2o)<strong> busszal<\/strong> a Keleti p\u00e1lyaudvart\u00f3l<\/span><\/p>\n<p class=\"\"><span style=\"color: #003366;\">meg\u00e1ll\u00f3ik a Sporttelep \u00e9s Erd\u0151sor utc\u00e1k keresztez\u0151d\u00e9s\u00e9ben<\/span><\/p>\n<p class=\"\">&nbsp;<\/p>\n<p class=\"\"><span style=\"color: #003366;\">+ a t\u00e9li \u00e9s ny\u00e1ri k\u00e9pek a h\u00e1zr\u00f3l \ud83d\ude42<\/span><\/p>\n<p class=\"\"><img loading=\"lazy\" decoding=\"async\" class=\"alignnone wp-image-112\" src=\"https:\/\/molnarmariann-homeopatia.eu\/WP\/wp-content\/uploads\/2020\/03\/nyari-300x168.jpg\" alt=\"\" width=\"416\" height=\"233\" srcset=\"http:\/\/www.molnarmariann-homeopatia.eu\/WP\/wp-content\/uploads\/2020\/03\/nyari-300x168.jpg 300w, http:\/\/www.molnarmariann-homeopatia.eu\/WP\/wp-content\/uploads\/2020\/03\/nyari-1024x574.jpg 1024w, http:\/\/www.molnarmariann-homeopatia.eu\/WP\/wp-content\/uploads\/2020\/03\/nyari-768x430.jpg 768w, http:\/\/www.molnarmariann-homeopatia.eu\/WP\/wp-content\/uploads\/2020\/03\/nyari-1536x860.jpg 1536w, http:\/\/www.molnarmariann-homeopatia.eu\/WP\/wp-content\/uploads\/2020\/03\/nyari-2048x1147.jpg 2048w, http:\/\/www.molnarmariann-homeopatia.eu\/WP\/wp-content\/uploads\/2020\/03\/nyari-1170x655.jpg 1170w, http:\/\/www.molnarmariann-homeopatia.eu\/WP\/wp-content\/uploads\/2020\/03\/nyari-250x140.jpg 250w, http:\/\/www.molnarmariann-homeopatia.eu\/WP\/wp-content\/uploads\/2020\/03\/nyari-550x308.jpg 550w, http:\/\/www.molnarmariann-homeopatia.eu\/WP\/wp-content\/uploads\/2020\/03\/nyari-800x448.jpg 800w, http:\/\/www.molnarmariann-homeopatia.eu\/WP\/wp-content\/uploads\/2020\/03\/nyari-321x180.jpg 321w, http:\/\/www.molnarmariann-homeopatia.eu\/WP\/wp-content\/uploads\/2020\/03\/nyari-536x300.jpg 536w, http:\/\/www.molnarmariann-homeopatia.eu\/WP\/wp-content\/uploads\/2020\/03\/nyari-893x500.jpg 893w\" sizes=\"auto, (max-width: 416px) 100vw, 416px\" \/><\/p>\n<p class=\"\"><img loading=\"lazy\" decoding=\"async\" class=\"alignnone wp-image-113\" src=\"https:\/\/molnarmariann-homeopatia.eu\/WP\/wp-content\/uploads\/2020\/03\/teli-300x225.jpg\" alt=\"\" width=\"420\" height=\"315\" srcset=\"http:\/\/www.molnarmariann-homeopatia.eu\/WP\/wp-content\/uploads\/2020\/03\/teli-300x225.jpg 300w, http:\/\/www.molnarmariann-homeopatia.eu\/WP\/wp-content\/uploads\/2020\/03\/teli-1024x768.jpg 1024w, http:\/\/www.molnarmariann-homeopatia.eu\/WP\/wp-content\/uploads\/2020\/03\/teli-768x576.jpg 768w, http:\/\/www.molnarmariann-homeopatia.eu\/WP\/wp-content\/uploads\/2020\/03\/teli-1536x1152.jpg 1536w, http:\/\/www.molnarmariann-homeopatia.eu\/WP\/wp-content\/uploads\/2020\/03\/teli-2048x1536.jpg 2048w, http:\/\/www.molnarmariann-homeopatia.eu\/WP\/wp-content\/uploads\/2020\/03\/teli-1170x878.jpg 1170w, http:\/\/www.molnarmariann-homeopatia.eu\/WP\/wp-content\/uploads\/2020\/03\/teli-250x188.jpg 250w, http:\/\/www.molnarmariann-homeopatia.eu\/WP\/wp-content\/uploads\/2020\/03\/teli-550x413.jpg 550w, http:\/\/www.molnarmariann-homeopatia.eu\/WP\/wp-content\/uploads\/2020\/03\/teli-800x600.jpg 800w, http:\/\/www.molnarmariann-homeopatia.eu\/WP\/wp-content\/uploads\/2020\/03\/teli-240x180.jpg 240w, http:\/\/www.molnarmariann-homeopatia.eu\/WP\/wp-content\/uploads\/2020\/03\/teli-400x300.jpg 400w, http:\/\/www.molnarmariann-homeopatia.eu\/WP\/wp-content\/uploads\/2020\/03\/teli-667x500.jpg 667w\" sizes=\"auto, (max-width: 420px) 100vw, 420px\" \/><\/p>\n<p class=\"\"><span style=\"color: #003366;\">&nbsp;<\/span><\/p>\n<p class=\"\"><span style=\"color: #003366;\">&nbsp;<\/span><\/p>\n<\/div>\n<\/div>\n<\/div>\n<\/div>\n","protected":false},"excerpt":{"rendered":"<p>!!!!!V\u00c1LTOZ\u00c1S 2022 M\u00c1JUST\u00d3L!!!!! &nbsp; C\u00edm: 1o46.Budapest, Szilas-patak lak\u00f3park, Damjanich J.u.11. (Damjanich J. \u00e9s Sz\u0151nyi I. u. sarok) g\u00e9pkocsival parkol\u00e1s a h\u00e1z el\u0151tt ingyenes &nbsp; GPS: 47.5770318&nbsp; 19.1101671 telefon: h\u00e9tf\u0151t\u0151l cs\u00fct\u00f6rt\u00f6kig reggel&nbsp; 7.30 \u2013 8.00 :&nbsp; 231-0003 vagy +36 30 9930084&#8230;<br \/><a class=\"read-more-button\" href=\"http:\/\/www.molnarmariann-homeopatia.eu\/WP\/elerhetoseg\/\">Read more<\/a><\/p>\n","protected":false},"author":2,"featured_media":0,"parent":0,"menu_order":0,"comment_status":"closed","ping_status":"closed","template":"template-without-title.php","meta":{"bgseo_title":"","bgseo_description":"","bgseo_robots_index":"index","bgseo_robots_follow":"follow","footnotes":""},"class_list":["post-48","page","type-page","status-publish","hentry"],"_links":{"self":[{"href":"http:\/\/www.molnarmariann-homeopatia.eu\/WP\/wp-json\/wp\/v2\/pages\/48","targetHints":{"allow":["GET"]}}],"collection":[{"href":"http:\/\/www.molnarmariann-homeopatia.eu\/WP\/wp-json\/wp\/v2\/pages"}],"about":[{"href":"http:\/\/www.molnarmariann-homeopatia.eu\/WP\/wp-json\/wp\/v2\/types\/page"}],"author":[{"embeddable":true,"href":"http:\/\/www.molnarmariann-homeopatia.eu\/WP\/wp-json\/wp\/v2\/users\/2"}],"replies":[{"embeddable":true,"href":"http:\/\/www.molnarmariann-homeopatia.eu\/WP\/wp-json\/wp\/v2\/comments?post=48"}],"version-history":[{"count":10,"href":"http:\/\/www.molnarmariann-homeopatia.eu\/WP\/wp-json\/wp\/v2\/pages\/48\/revisions"}],"predecessor-version":[{"id":1146,"href":"http:\/\/www.molnarmariann-homeopatia.eu\/WP\/wp-json\/wp\/v2\/pages\/48\/revisions\/1146"}],"wp:attachment":[{"href":"http:\/\/www.molnarmariann-homeopatia.eu\/WP\/wp-json\/wp\/v2\/media?parent=48"}],"curies":[{"name":"wp","href":"https:\/\/api.w.org\/{rel}","templated":true}]}}