{"id":56,"date":"2020-03-09T15:42:21","date_gmt":"2020-03-09T15:42:21","guid":{"rendered":"https:\/\/molnarmariann-homeopatia.eu\/WP\/?page_id=56"},"modified":"2020-08-02T11:44:49","modified_gmt":"2020-08-02T11:44:49","slug":"bemutatkozas","status":"publish","type":"page","link":"http:\/\/www.molnarmariann-homeopatia.eu\/WP\/bemutatkozas-2\/bemutatkozas\/","title":{"rendered":"Hosszabb bemutatkoz\u00e1s"},"content":{"rendered":"<div class=\"boldgrid-section\">\n<div class=\"container\">\n<div class=\"row\">\n<div class=\"col-md-12 col-xs-12 col-sm-12\">\n<p class=\"\"><span style=\"color: #003366;\">1955. augusztus 12-\u00e9n sz\u00fclettem Budapesten. Az I. ker\u00fcleti Attila utcai \u00e1ltal\u00e1nos iskola \u00e9s a Szil\u00e1gyi Erzs\u00e9bet gimn\u00e1zium biol\u00f3gia-k\u00e9mia tagozatos oszt\u00e1ly\u00e1nak befejez\u00e9se, valamint az 1973-as kit\u0171n\u0151 \u00e9retts\u00e9gi ut\u00e1n 1979-ben a Semmelweis Orvostudom\u00e1nyi Egyetem \u00c1ltal\u00e1nos Orvostudom\u00e1nyi kar\u00e1n szereztem \u201esumma cum laude\u201d diplom\u00e1t. 1983-ban szakvizsg\u00e1ztam csecsem\u0151-gyermekgy\u00f3gy\u00e1szatb\u00f3l jeles eredm\u00e9nnyel.<\/span><br \/>\n<span style=\"color: #003366;\">Munkahelyeim:<\/span><br \/>\n<span style=\"color: #003366;\">1974-1978 (egyetem alatt) ORFI \u2013 \u00e9jszak\u00e1s n\u0151v\u00e9r<\/span><br \/>\n<span style=\"color: #003366;\">1978-1979 OMSz &#8211; ment\u0151tiszt<\/span><br \/>\n<span style=\"color: #003366;\">1979-1985 Ajka K\u00f3rh\u00e1z, Csecsem\u0151-gyermekoszt\u00e1ly \u2013 oszt\u00e1lyos orvos<\/span><br \/>\n<span style=\"color: #003366;\">1986-1989 Gy\u00e1l &#8211; k\u00f6rzeti gyermekorvos<\/span><br \/>\n<span style=\"color: #003366;\">1989-1993 R\u00e1kospalotai Le\u00e1nynevel\u0151 Int\u00e9zet \u2013 int\u00e9zeti orvos<\/span><br \/>\n<span style=\"color: #003366;\">1991-1997 \u00c9-Pesti \u00e9jszakai gyermekgy\u00f3gy\u00e1szati \u00fcgyelet<\/span><br \/>\n<span style=\"color: #003366;\">1993- homeop\u00e1ti\u00e1s mag\u00e1nrendel\u00e9s Zugl\u00f3ban, majd 1996-t\u00f3l \u00dajpesten<\/span><br \/>\n<span style=\"color: #003366;\">Homeop\u00e1ti\u00e1s tanulm\u00e1nyok, v\u00e9gzetts\u00e9gek:<\/span><br \/>\n<span style=\"color: #003366;\">1989-199o Meridian Centrum (Tamara Bojko) tanfolyama<\/span><br \/>\n<span style=\"color: #003366;\">1992 Eurosana (Igor Tyimosenko, Irina Styeblucova) k\u00e9pz\u00e9s<\/span><br \/>\n<span style=\"color: #003366;\">1992-t\u0151l a Magyar Homeopata Orvosi Egyes\u00fclet \u00e1ltal szervezett alapk\u00e9pz\u00e9s \u00e9s rendszeresen kieg\u00e9sz\u00edt\u0151 tanfolyamok magyar \u00e9s neves k\u00fclf\u00f6ldi oktat\u00f3kkal, tov\u00e1bb\u00e1 k\u00fclf\u00f6ldi kurzusok \u00e9s kongresszusi r\u00e9szv\u00e9telek<\/span><br \/>\n<span style=\"color: #003366;\">1997 International Diploma in Classical Homoeopathy \u2013 London College of Classical Homoeopathy<\/span><br \/>\n<span style=\"color: #003366;\">2000 Semmelweis Egyetem Licence vizsga<\/span><br \/>\n<span style=\"color: #003366;\">2007 ECH \u201ehonoris causa\u201d Diploma<\/span><br \/>\n<span style=\"color: #003366;\">Homeop\u00e1ti\u00e1s tev\u00e9kenys\u00e9g:<\/span><br \/>\n<span style=\"color: #003366;\">1993-t\u00f3l a Magyar Homeopata Orvosi Egyes\u00fclet alaptanfolyamainak, bevezet\u0151- \u00e9s kieg\u00e9sz\u00edt\u0151 kurzusainak t\u00e1rsaimmal oktat\u00f3ja \u00e9s szervez\u0151je, a tanfolyami jegyzeteknek t\u00e1rsszerz\u0151je voltam.<\/span><br \/>\n<span style=\"color: #003366;\">1993-2001-ig vezet\u0151s\u00e9gi tagk\u00e9nt is r\u00e9szt vettem az Egyes\u00fclet munk\u00e1j\u00e1ban \u00e9s a 2000-es budapesti LIGA-Kongresszus szervez\u00e9s\u00e9ben.<\/span><br \/>\n<span style=\"color: #003366;\">Mintegy t\u00edz allop\u00e1ti\u00e1s kongresszuson tartottam homeop\u00e1ti\u00e1s el\u0151ad\u00e1st.<\/span><br \/>\n<span style=\"color: #003366;\">Rendszeresen tartok ismeretterjeszt\u0151 el\u0151ad\u00e1sokat term\u00e9szetgy\u00f3gy\u00e1szoknak, laikusoknak is, publik\u00e1lok foly\u00f3iratokban, interneten.<\/span><br \/>\n<span style=\"color: #003366;\">A homeop\u00e1tia \u00fatj\u00e1n haladva sokan \u201efogt\u00e1k a kezem\u201d. Az \u00fat kezdetben nagyon r\u00f6g\u00f6s volt, \u00edgy sok seg\u00edts\u00e9gre, szoros k\u00e9zfog\u00e1sra, t\u00e1maszra volt sz\u00fcks\u00e9gem. K\u00f6sz\u00f6n\u00f6m mindazoknak, akik mellettem \u00e1lltak\/\u00e1llnak :<\/span><br \/>\n<span style=\"color: #003366;\">&#8211; sajnos m\u00e1r nem \u00e9l\u0151 sz\u00fcleimnek, akik neh\u00e9z k\u00f6r\u00fclm\u00e9nyek k\u00f6z\u00f6tt is lehet\u0151v\u00e9 tett\u00e9k a tanul\u00e1somat<\/span><br \/>\n<span style=\"color: #003366;\">&#8211; Uhl K\u00e1roly f\u0151orvos \u00farnak, \u00e9s t\u00f6bbi ajkai kolleg\u00e1mnak, akik megfelel\u0151 tud\u00e1ssal \u00e9s szeml\u00e9lettel ind\u00edtottak el szakmai utamon<\/span><br \/>\n<span style=\"color: #003366;\">&#8211; a Magyar Homeopata Orvosi Egyes\u00fclet \u00fatt\u00f6r\u0151 vezet\u0151s\u00e9g\u00e9nek, tags\u00e1g\u00e1nak, akik minden ellen\u00e1rral dacolva vitt\u00e9k a klasszikus homeop\u00e1tia \u00fcgy\u00e9t, lehet\u0151v\u00e9 tett\u00e9k a tanul\u00e1st \u00e9s a munk\u00e1t is, akikkel gy\u00f6trelmes, de csod\u00e1s volt egy\u00fctt dolgozni. Itteni \u201eharcost\u00e1rsaim\u201d k\u00f6z\u00f6tt bar\u00e1tokra is leltem.<\/span><br \/>\n<span style=\"color: #003366;\">&#8211; Dr. Zajta Eriknek, aki b\u00f6lcs, atyai seg\u00edts\u00e9get ny\u00fajtott a kezdetekn\u00e9l, \u00e9s \u201evigy\u00e1z\u00f3 tekintet\u00e9t\u201d az\u00f3ta is \u00e9rezz\u00fck<\/span><br \/>\n<span style=\"color: #003366;\">&#8211; Betegeimnek, akik megtiszteltek a bizalmukkal, szeretet\u00fckkel, v\u00e1llalt\u00e1k a k\u00f6z\u00f6s munk\u00e1t \u2013 \u00e9s szerencs\u00e9re m\u00e1r egyre t\u00f6bben az \u201eEg\u00e9szs\u00e9geseim\u201d<\/span><br \/>\n<span style=\"color: #003366;\">&#8211; v\u00e9g\u00fcl, de nem utols\u00f3 sorban Csal\u00e1domnak, akik t\u00e1mogattak, seg\u00edtettek, elviseltek az elm\u00falt &#8211; id\u0151nk\u00e9nt bizony neh\u00e9z \u2013 \u00e9vekben [\u00e9s teszik most is \u263a ], a honlapon tal\u00e1lhat\u00f3 gy\u00f6ny\u00f6r\u0171 fot\u00f3k egy r\u00e9sze is nekik k\u00f6sz\u00f6nhet\u0151.<\/span><br \/>\n<span style=\"color: #003366;\">Sokszor k\u00e9rdezik \u00e9s magam is gyakran elgondolkozom, \u201ehogy jutottam ide\u201d?<\/span><br \/>\n<span style=\"color: #003366;\">A t\u00f6rt\u00e9net val\u00f3sz\u00edn\u0171leg nagyon r\u00e9gi, apai Nagymam\u00e1m igen neh\u00e9z sors\u00fa, de elk\u00e9peszt\u0151en okos, igazi j\u00f3 Ember \u00e9s \u201ebev\u00e1llal\u00f3s\u201d n\u0151, matematika-fizika szakos tan\u00e1r, falusi tan\u00edt\u00f3 volt. \u0150 aranyozta be a gyermekkoromat, \u00e9s nagyon rem\u00e9lem, hogy csod\u00e1s egy\u00e9nis\u00e9ge nem csak fantasztikus eml\u00e9keket, hanem nyomot is hagyott bennem. A gimn\u00e1ziumi \u00e9vek pedag\u00f3gusai \u00e9s bar\u00e1t-oszt\u00e1lyt\u00e1rsai is er\u0151s\u00edtett\u00e9k a \u201emerj nagyot \u00e1lmodni\u201d \u00e9rz\u00e9s\u00e9t. Egyetemi \u00e9veim alatt a k\u00f6telez\u0151k\u00f6n t\u00fal matematik\u00e1t \u00e9s az akkor m\u00e9g l\u00e1zad\u00e1snak sz\u00e1m\u00edt\u00f3 pszichol\u00f3gi\u00e1t, genetik\u00e1t tanultam, \u00e9s m\u00e1r k\u00f3stolgattam a fitoter\u00e1pi\u00e1t is. Ajk\u00e1n a Gyermekoszt\u00e1ly kem\u00e9ny, de fantasztikus iskola volt. Biztosan nem v\u00e9letlen, hogy, b\u00e1r 27 \u00e9ve m\u00e1r \u00e9n is elj\u00f6ttem onn\u00e9t, \u00e9vente van \u201eoszt\u00e1lytal\u00e1lkoz\u00f3\u201d, ahol r\u00e9gi \u00e9s mostani orvosok, n\u0151v\u00e9rek gy\u0171l\u00fcnk \u00f6ssze, igazi bar\u00e1tokk\u00e9nt, \u00e9s az oszt\u00e1ly orvosai k\u00f6z\u00fcl t\u00f6bben is homeopat\u00e1k lett\u00fcnk. Gy\u00e1l \u00e9s a L\u00e1nynevel\u0151 m\u00e1sk\u00e9nt pr\u00f3b\u00e1lt meg, mindkett\u0151 a \u201ek\u00e1r lett volna kihagyni\u201d eml\u00e9kek k\u00f6z\u00f6tt van. A L\u00e1nynevel\u0151ben az eg\u00e9szs\u00e9g\u00fcgyi ell\u00e1t\u00e1s mellett elind\u00edtottuk az eg\u00e9szs\u00e9gtan \u00e9s a csecsem\u0151gondoz\u00e1s oktat\u00e1s\u00e1t, \u00e9s l\u00e9trehoztuk az orsz\u00e1g els\u0151, sok\u00e1ig egyetlen any\u00e1s csecsem\u0151otthon\u00e1t, szerencs\u00e9re ez az\u00f3ta \u201emozgalomm\u00e1\u201d v\u00e1lt.<\/span><br \/>\n<span style=\"color: #003366;\">K\u00f6zben folyamatosan kerestem az igazi utam\u2026 a hat\u00e1sos \u00e9s k\u00e1rt\u00e9telekt\u0151l legink\u00e1bb mentes gy\u00f3gy\u00edt\u00e1s lehet\u0151s\u00e9g\u00e9t. Nagyon sok alternat\u00edv m\u00f3dszert (reflexol\u00f3gia, akupressz\u00fara, radieszt\u00e9zia, \u00edriszdiagnosztika, kineziol\u00f3gia, agykontroll, Reiki, fitoter\u00e1pia\u2026) pr\u00f3b\u00e1ltam megismerni. \u00c9lveztem ezeket a tanulm\u00e1nyokat, de \u00e9reztem, m\u00e9g tov\u00e1bb kell keresnem. Akkoriban a homeop\u00e1tia Magyarorsz\u00e1gon m\u00e9g tiltott tudom\u00e1ny volt, \u00edgy csak innen-onnan hallottam, olvastam r\u00f3la. Vonz\u00f3, ugyanakkor nagyon zavaros dolognak t\u0171nt\u2026 Azt\u00e1n siker\u00fclt h\u00e9tv\u00e9g\u00e9ken P\u00e1rk\u00e1nyba \u00e1tkompozva, a tiltott z\u00f3n\u00e1b\u00f3l kiker\u00fclve, egy homeop\u00e1ti\u00e1s k\u00e9pz\u00e9sen r\u00e9szt vennem. Amikor erre a tanfolyamra indultam, azt mondtam a f\u00e9rjemnek: \u201eMegl\u00e1tjuk, siker\u00fcl-e ezt a h\u00fclyes\u00e9get beetetni velem?!\u201d Siker\u00fclt \ud83d\ude42 Az\u00f3ta folyamatosan tanulom ezt a csod\u00e1t \u00e9s b\u00edzom benne, hogy m\u00e9g sok \u00e9vig tehetem ezt! (\u00fagy eml\u00e9kszem, Pascal mondta, hogy tud\u00e1sunk olyan, mint egy l\u00e9gg\u00f6mb, min\u00e9l nagyobb, ann\u00e1l nagyobb fel\u00fcleten \u00e9rintkezik a nem-tud\u00e1ssal. Szerencs\u00e9re volt lehet\u0151s\u00e9gem sok hazai \u00e9s k\u00fclf\u00f6ldi homeopata el\u0151ad\u00e1sait meghallgatni, \u00e9s megtapasztalni, hogy bizony nagy az fel\u00fclet\u2026)<\/span><br \/>\n<span style=\"color: #003366;\">Mi\u00e9rt j\u00f3 nekem, hogy r\u00e1tal\u00e1ltam a homeop\u00e1ti\u00e1ra? R\u00f6viden az\u00e9rt, mert a helyemen \u00e9rzem magam, ez az \u00e9n utam. Enn\u00e9l hosszabban, meg szinte v\u00e9gtelen az \u00e9rvek sora:<\/span><br \/>\n<span style=\"color: #003366;\">\u00e9lvezem, hogy<\/span><br \/>\n<span style=\"color: #003366;\">&#8211; a szakma szab\u00e1lyainak betart\u00e1sa mellett, t\u00e9nyleg nem kell mell\u00e9khat\u00e1sokt\u00f3l tartanom<\/span><br \/>\n<span style=\"color: #003366;\">&#8211; egy t\u00f6bb, mint 2oo \u00e9ve bizony\u00edt\u00f3, term\u00e9szetes m\u00f3dszert alkalmazhatok<\/span><br \/>\n<span style=\"color: #003366;\">&#8211; nincsenek s\u00e9m\u00e1k, \u00e1lland\u00f3an kreat\u00edvnak kell lennem (\u00edgy k\u00fczd\u00f6k az Alzheimer k\u00f3r ellen?)<\/span><br \/>\n<span style=\"color: #003366;\">&#8211; a p\u00e1ciensek bizalommal fordulnak hozz\u00e1m, itt nincs kiszolg\u00e1ltatotts\u00e1g, utas\u00edt\u00e1s, csak a bizalom megmarad\u00e1s\u00e1t er\u0151s\u00edt\u0151 k\u00f6z\u00f6s munka, tan\u00e1csok<\/span><br \/>\n<span style=\"color: #003366;\">&#8211; csak a magam munk\u00e1j\u00e1\u00e9rt vagyok felel\u0151s \u00e9s nem vagyok kiszolg\u00e1ltatva az \u00e1llami eg\u00e9szs\u00e9g\u00fcgy mindenfajta neh\u00e9zs\u00e9g\u00e9nek<\/span><br \/>\n<span style=\"color: #003366;\">&#8211; \u00fatt\u00f6r\u0151 lehettem egy j\u00f3 \u00fcgy szolg\u00e1lat\u00e1ban<\/span><br \/>\n<span style=\"color: #003366;\">&#8211; \u2026<\/span><br \/>\n<span style=\"color: #003366;\">\u00c9s v\u00e9g\u00fcl, szeretn\u00e9m megmagyar\u00e1zni\u2026, ha nem is a bizony\u00edtv\u00e1nyomat, csak a \u201eT\u00c1M\u201d nevet, melyet a kicsi Kft. visel, melyben dolgozom. Amikor 23 \u00e9ve f\u00e9rjemmel felv\u00e1llaltuk, hogy a kiszolg\u00e1ltatott biztons\u00e1got mindketten \u00e9s r\u00e1ad\u00e1sul szinte egyszerre felcser\u00e9lj\u00fck a bizonytalanra, \u00e9s buktat\u00f3kkal tark\u00edtott \u00f6n\u00e1ll\u00f3s\u00e1g szabads\u00e1g\u00e1ra, akkor c\u00e9gnevet kellett keresn\u00fcnk, r\u00e1ad\u00e1sul el\u00e9g sz\u00e9les tev\u00e9kenys\u00e9gi palett\u00e1hoz (Tam\u00e1s m\u00e9rn\u00f6k-k\u00fclkeresked\u0151). \u00c9n r\u00f6gt\u00f6n a \u201ebar-mol\u201d nevet javasoltam (t\u00e9nyleg!!!), mivel f\u00e9rjem vezet\u00e9kneve Baranyai, \u00e9n meg Moln\u00e1r vagyok. Az els\u0151 mosoly<\/span><br \/>\n<span style=\"color: #003366;\">ut\u00e1n d\u00f6bbent csend k\u00f6vetkezett,\u2026 F\u00e9rjem azt mondta, hogy a betegeim nyilv\u00e1n er\u0151s idegzet\u0171 \u00e9s j\u00f3 humor\u00fa emberek, de az \u0150 \u00fczletfelei nem mind ilyenek. \u00cdgy javasolta a T\u00c1M nevet, ami szint\u00e9n bet\u0171sz\u00f3, a neveink eleje Tam\u00e1s a f\u00e9rjem, \u00c1gi a l\u00e1nyunk, \u00e9n pedig Mariann vagyok. Teh\u00e1t nem t\u00e1masz, b\u00e1r rem\u00e9lj\u00fck, hogy t\u00f6bbnyire ennek az \u00e9rtelmez\u00e9snek is meg tudunk felelni!<\/span><\/p>\n<p class=\"\"><img loading=\"lazy\" decoding=\"async\" class=\"alignnone size-medium wp-image-93\" src=\"https:\/\/molnarmariann-homeopatia.eu\/WP\/wp-content\/uploads\/2020\/03\/kep1-300x234.jpg\" alt=\"\" width=\"300\" height=\"234\" srcset=\"http:\/\/www.molnarmariann-homeopatia.eu\/WP\/wp-content\/uploads\/2020\/03\/kep1-300x234.jpg 300w, http:\/\/www.molnarmariann-homeopatia.eu\/WP\/wp-content\/uploads\/2020\/03\/kep1-1024x798.jpg 1024w, http:\/\/www.molnarmariann-homeopatia.eu\/WP\/wp-content\/uploads\/2020\/03\/kep1-768x598.jpg 768w, http:\/\/www.molnarmariann-homeopatia.eu\/WP\/wp-content\/uploads\/2020\/03\/kep1-250x195.jpg 250w, http:\/\/www.molnarmariann-homeopatia.eu\/WP\/wp-content\/uploads\/2020\/03\/kep1-550x428.jpg 550w, http:\/\/www.molnarmariann-homeopatia.eu\/WP\/wp-content\/uploads\/2020\/03\/kep1-800x623.jpg 800w, http:\/\/www.molnarmariann-homeopatia.eu\/WP\/wp-content\/uploads\/2020\/03\/kep1-231x180.jpg 231w, http:\/\/www.molnarmariann-homeopatia.eu\/WP\/wp-content\/uploads\/2020\/03\/kep1-385x300.jpg 385w, http:\/\/www.molnarmariann-homeopatia.eu\/WP\/wp-content\/uploads\/2020\/03\/kep1-642x500.jpg 642w, http:\/\/www.molnarmariann-homeopatia.eu\/WP\/wp-content\/uploads\/2020\/03\/kep1.jpg 1144w\" sizes=\"auto, (max-width: 300px) 100vw, 300px\" \/><\/p>\n<p class=\"\"><span style=\"color: #003366;\">A www.molnarmariann-homeopatai.eu honlap (melyet most \u00e9ppen olvas) logo-ja \u00c1gi l\u00e1nyom kez\u00e9ben egy osztriga h\u00e9ja, mely a Calcium carbonicum homeop\u00e1ti\u00e1s gy\u00f3gyszer alapanyaga. A honlapot is \u00c1gi l\u00e1nyom k\u00e9sz\u00edtette\/k\u00e9sz\u00edti, ez is az \u0150 \u201ekez\u00e9ben van\u201d \ud83d\ude42<img loading=\"lazy\" decoding=\"async\" class=\"alignnone size-medium wp-image-94\" src=\"https:\/\/molnarmariann-homeopatia.eu\/WP\/wp-content\/uploads\/2020\/03\/kep2-300x197.jpg\" alt=\"\" width=\"300\" height=\"197\" srcset=\"http:\/\/www.molnarmariann-homeopatia.eu\/WP\/wp-content\/uploads\/2020\/03\/kep2-300x197.jpg 300w, http:\/\/www.molnarmariann-homeopatia.eu\/WP\/wp-content\/uploads\/2020\/03\/kep2-1024x673.jpg 1024w, http:\/\/www.molnarmariann-homeopatia.eu\/WP\/wp-content\/uploads\/2020\/03\/kep2-768x505.jpg 768w, http:\/\/www.molnarmariann-homeopatia.eu\/WP\/wp-content\/uploads\/2020\/03\/kep2-1536x1010.jpg 1536w, http:\/\/www.molnarmariann-homeopatia.eu\/WP\/wp-content\/uploads\/2020\/03\/kep2-2048x1346.jpg 2048w, http:\/\/www.molnarmariann-homeopatia.eu\/WP\/wp-content\/uploads\/2020\/03\/kep2-1170x769.jpg 1170w, http:\/\/www.molnarmariann-homeopatia.eu\/WP\/wp-content\/uploads\/2020\/03\/kep2-250x164.jpg 250w, http:\/\/www.molnarmariann-homeopatia.eu\/WP\/wp-content\/uploads\/2020\/03\/kep2-550x362.jpg 550w, http:\/\/www.molnarmariann-homeopatia.eu\/WP\/wp-content\/uploads\/2020\/03\/kep2-800x526.jpg 800w, http:\/\/www.molnarmariann-homeopatia.eu\/WP\/wp-content\/uploads\/2020\/03\/kep2-274x180.jpg 274w, http:\/\/www.molnarmariann-homeopatia.eu\/WP\/wp-content\/uploads\/2020\/03\/kep2-456x300.jpg 456w, http:\/\/www.molnarmariann-homeopatia.eu\/WP\/wp-content\/uploads\/2020\/03\/kep2-761x500.jpg 761w\" sizes=\"auto, (max-width: 300px) 100vw, 300px\" \/><\/span><\/p>\n<\/div>\n<\/div>\n<\/div>\n<\/div>\n","protected":false},"excerpt":{"rendered":"<p>1955. augusztus 12-\u00e9n sz\u00fclettem Budapesten. Az I. ker\u00fcleti Attila utcai \u00e1ltal\u00e1nos iskola \u00e9s a Szil\u00e1gyi Erzs\u00e9bet gimn\u00e1zium biol\u00f3gia-k\u00e9mia tagozatos oszt\u00e1ly\u00e1nak befejez\u00e9se, valamint az 1973-as kit\u0171n\u0151 \u00e9retts\u00e9gi ut\u00e1n 1979-ben a Semmelweis Orvostudom\u00e1nyi Egyetem \u00c1ltal\u00e1nos Orvostudom\u00e1nyi kar\u00e1n szereztem \u201esumma cum laude\u201d diplom\u00e1t&#8230;.<br \/><a class=\"read-more-button\" href=\"http:\/\/www.molnarmariann-homeopatia.eu\/WP\/bemutatkozas-2\/bemutatkozas\/\">Read more<\/a><\/p>\n","protected":false},"author":2,"featured_media":0,"parent":306,"menu_order":0,"comment_status":"closed","ping_status":"closed","template":"template-without-title.php","meta":{"bgseo_title":"","bgseo_description":"","bgseo_robots_index":"index","bgseo_robots_follow":"follow","footnotes":""},"class_list":["post-56","page","type-page","status-publish","hentry"],"_links":{"self":[{"href":"http:\/\/www.molnarmariann-homeopatia.eu\/WP\/wp-json\/wp\/v2\/pages\/56","targetHints":{"allow":["GET"]}}],"collection":[{"href":"http:\/\/www.molnarmariann-homeopatia.eu\/WP\/wp-json\/wp\/v2\/pages"}],"about":[{"href":"http:\/\/www.molnarmariann-homeopatia.eu\/WP\/wp-json\/wp\/v2\/types\/page"}],"author":[{"embeddable":true,"href":"http:\/\/www.molnarmariann-homeopatia.eu\/WP\/wp-json\/wp\/v2\/users\/2"}],"replies":[{"embeddable":true,"href":"http:\/\/www.molnarmariann-homeopatia.eu\/WP\/wp-json\/wp\/v2\/comments?post=56"}],"version-history":[{"count":5,"href":"http:\/\/www.molnarmariann-homeopatia.eu\/WP\/wp-json\/wp\/v2\/pages\/56\/revisions"}],"predecessor-version":[{"id":304,"href":"http:\/\/www.molnarmariann-homeopatia.eu\/WP\/wp-json\/wp\/v2\/pages\/56\/revisions\/304"}],"up":[{"embeddable":true,"href":"http:\/\/www.molnarmariann-homeopatia.eu\/WP\/wp-json\/wp\/v2\/pages\/306"}],"wp:attachment":[{"href":"http:\/\/www.molnarmariann-homeopatia.eu\/WP\/wp-json\/wp\/v2\/media?parent=56"}],"curies":[{"name":"wp","href":"https:\/\/api.w.org\/{rel}","templated":true}]}}