{"id":61,"date":"2020-03-09T15:43:26","date_gmt":"2020-03-09T15:43:26","guid":{"rendered":"https:\/\/molnarmariann-homeopatia.eu\/WP\/?page_id=61"},"modified":"2020-08-02T12:07:40","modified_gmt":"2020-08-02T12:07:40","slug":"letoltesek","status":"publish","type":"page","link":"http:\/\/www.molnarmariann-homeopatia.eu\/WP\/letoltesek\/","title":{"rendered":"Let\u00f6lt\u00e9sek"},"content":{"rendered":"<div class=\"boldgrid-section\">\n<div class=\"container\">\n<div class=\"row\">\n<div class=\"col-md-12 col-xs-12 col-sm-12\">\n<p class=\"mod-reset\"><a href=\"https:\/\/molnarmariann-homeopatia.eu\/WP\/wp-content\/uploads\/2020\/03\/anamlapgy_2o16.pdf\" target=\"_blank\" rel=\"noopener noreferrer\">Gyermek anamn\u00e9zis lap<\/a><\/p>\n<p class=\"mod-reset\"><a href=\"https:\/\/molnarmariann-homeopatia.eu\/WP\/wp-content\/uploads\/2020\/03\/anamlapf_2o16.pdf\" target=\"_blank\" rel=\"noopener noreferrer\">Feln\u0151tt anamn\u00e9zis lap<\/a><\/p>\n<p class=\"\"><a href=\"https:\/\/molnarmariann-homeopatia.eu\/WP\/wp-content\/uploads\/2020\/03\/HOM_TAN.pdf\" target=\"_blank\" rel=\"noopener noreferrer\">Bev\u00e9teli szab\u00e1lyok<\/a><\/p>\n<p class=\"\"><a href=\"http:\/\/www.molnarmariann-homeopatia.eu\/WP\/wp-content\/uploads\/2020\/07\/adatvedelmi_tajekoztato.pdf\" target=\"_blank\" rel=\"noopener noreferrer\">Adatav\u00e9delmi t\u00e1j\u00e9koztat\u00f3<\/a><\/p>\n<p class=\"\"><a href=\"http:\/\/www.molnarmariann-homeopatia.eu\/WP\/wp-content\/uploads\/2020\/08\/tajekoztato.pdf\" target=\"_blank\" rel=\"noopener noreferrer\">GDPR &#8211; adatkezel\u00e9si szab\u00e1lyzat<\/a><\/p>\n<p class=\"\"><a href=\"http:\/\/www.molnarmariann-homeopatia.eu\/WP\/wp-content\/uploads\/2020\/08\/Nyilatkozat.pdf\" target=\"_blank\" rel=\"noopener noreferrer\">Nyilatkozat&nbsp;a homeop\u00e1ti\u00e1s gy\u00f3gym\u00f3d tudatos v\u00e1laszt\u00e1s\u00e1r\u00f3l<\/a><\/p>\n<p class=\"\"><a href=\"http:\/\/www.molnarmariann-homeopatia.eu\/WP\/wp-content\/uploads\/2020\/08\/osszefoglalo.pdf\">\u00d6sszefoglal\u00f3 &#8211; Szegedi Gyermekorvos-tov\u00e1bbk\u00e9pz\u00e9s (2001.12.04.)<\/a><\/p>\n<p>&nbsp;<\/p>\n<\/div>\n<\/div>\n<\/div>\n<\/div>\n","protected":false},"excerpt":{"rendered":"<p>Gyermek anamn\u00e9zis lap Feln\u0151tt anamn\u00e9zis lap Bev\u00e9teli szab\u00e1lyok Adatav\u00e9delmi t\u00e1j\u00e9koztat\u00f3 GDPR &#8211; adatkezel\u00e9si szab\u00e1lyzat Nyilatkozat&nbsp;a homeop\u00e1ti\u00e1s gy\u00f3gym\u00f3d tudatos v\u00e1laszt\u00e1s\u00e1r\u00f3l \u00d6sszefoglal\u00f3 &#8211; Szegedi Gyermekorvos-tov\u00e1bbk\u00e9pz\u00e9s (2001.12.04.) &nbsp;<\/p>\n","protected":false},"author":2,"featured_media":0,"parent":0,"menu_order":0,"comment_status":"closed","ping_status":"closed","template":"template-without-title.php","meta":{"bgseo_title":"","bgseo_description":"","bgseo_robots_index":"index","bgseo_robots_follow":"follow","footnotes":""},"class_list":["post-61","page","type-page","status-publish","hentry"],"_links":{"self":[{"href":"http:\/\/www.molnarmariann-homeopatia.eu\/WP\/wp-json\/wp\/v2\/pages\/61","targetHints":{"allow":["GET"]}}],"collection":[{"href":"http:\/\/www.molnarmariann-homeopatia.eu\/WP\/wp-json\/wp\/v2\/pages"}],"about":[{"href":"http:\/\/www.molnarmariann-homeopatia.eu\/WP\/wp-json\/wp\/v2\/types\/page"}],"author":[{"embeddable":true,"href":"http:\/\/www.molnarmariann-homeopatia.eu\/WP\/wp-json\/wp\/v2\/users\/2"}],"replies":[{"embeddable":true,"href":"http:\/\/www.molnarmariann-homeopatia.eu\/WP\/wp-json\/wp\/v2\/comments?post=61"}],"version-history":[{"count":6,"href":"http:\/\/www.molnarmariann-homeopatia.eu\/WP\/wp-json\/wp\/v2\/pages\/61\/revisions"}],"predecessor-version":[{"id":337,"href":"http:\/\/www.molnarmariann-homeopatia.eu\/WP\/wp-json\/wp\/v2\/pages\/61\/revisions\/337"}],"wp:attachment":[{"href":"http:\/\/www.molnarmariann-homeopatia.eu\/WP\/wp-json\/wp\/v2\/media?parent=61"}],"curies":[{"name":"wp","href":"https:\/\/api.w.org\/{rel}","templated":true}]}}