{"id":618,"date":"2020-08-05T06:51:46","date_gmt":"2020-08-05T06:51:46","guid":{"rendered":"http:\/\/www.molnarmariann-homeopatia.eu\/WP\/?page_id=618"},"modified":"2020-08-05T06:57:36","modified_gmt":"2020-08-05T06:57:36","slug":"oltasok","status":"publish","type":"page","link":"http:\/\/www.molnarmariann-homeopatia.eu\/WP\/oltasok\/","title":{"rendered":"Olt\u00e1sok"},"content":{"rendered":"<div class=\"boldgrid-section\">\n<div class=\"container\">\n<div class=\"row\">\n<div class=\"col-md-12 col-xs-12 col-sm-12\">\n<p class=\"\"><strong>Gondolatok az olt\u00e1sokr\u00f3l<\/strong><\/p>\n<p>&nbsp;<\/p>\n<p class=\"\"><strong>Neb\u00e1ncsvir\u00e1g Egyes\u00fclet<\/strong>: <a href=\"https:\/\/nebancs.hu\/\">https:\/\/nebancs.hu\/<\/a><\/p>\n<p><strong>K\u00f6telez\u0151 helyett v\u00e1laszhat\u00f3 mozgalom<\/strong>: <a href=\"http:\/\/www.valaszthato-oltas.hu\/\">http:\/\/www.valaszthato-oltas.hu\/<\/a><\/p>\n<p><strong>Robert F. Kennedy oldala<\/strong>: <a href=\"https:\/\/childrenshealthdefense.org\/kennedy-news-views\/\">https:\/\/childrenshealthdefense.org\/kennedy-news-views\/<\/a><\/p>\n<p><strong>Ty and Charlene Bollinger<\/strong>: <a href=\"https:\/\/thetruthaboutvaccines.com\/about\/\">https:\/\/thetruthaboutvaccines.com\/about\/<\/a><\/p>\n<p class=\"\"><strong>Szendi G\u00e1bor oldal\u00e1n<\/strong>: <a href=\"https:\/\/www.tenyek-tevhitek.hu\/vedooltas-vakcina-csecsemo.htm\">https:\/\/www.tenyek-tevhitek.hu\/vedooltas-vakcina-csecsemo.htm<\/a> ,<\/p>\n<p class=\"\">&nbsp;&nbsp;&nbsp;&nbsp;&nbsp;&nbsp;&nbsp;&nbsp;&nbsp;&nbsp;&nbsp;&nbsp;&nbsp;&nbsp;&nbsp;&nbsp;&nbsp;&nbsp;&nbsp;&nbsp;&nbsp;&nbsp;&nbsp;&nbsp;&nbsp;&nbsp;&nbsp;&nbsp;&nbsp;&nbsp;&nbsp;&nbsp;&nbsp;&nbsp;&nbsp;&nbsp;&nbsp; &nbsp;&nbsp;<a href=\"https:\/\/www.tenyek-tevhitek.hu\/higgadtan_az_oltasokrol.htm\">https:\/\/www.tenyek-tevhitek.hu\/higgadtan_az_oltasokrol.htm<\/a><\/p>\n<p>&nbsp;<\/p>\n<p class=\"\"><strong>m\u00f3dszertani lev\u00e9l 2o2o<\/strong>: <a href=\"https:\/\/www.antsz.hu\/felso_menu\/temaink\/jarvany\/modszertani_levelek\/VML_2020.html\">https:\/\/www.antsz.hu\/felso_menu\/temaink\/jarvany\/modszertani_levelek\/VML_2020.html<\/a><\/p>\n<p class=\"\"><a href=\"https:\/\/www.publichealth.hscni.net\/sites\/default\/files\/Immunisation%20for%20babies%20up%20to%201%20year%20old%2006_17_HUNGARIAN_Final-title.pdf\">https:\/\/www.publichealth.hscni.net\/sites\/default\/files\/Immunisation%20for%20babies%20up%20to%201%20year%20old%2006_17_HUNGARIAN_Final-title.pdf<\/a><\/p>\n<p class=\"\"><a href=\"https:\/\/oltokozpont.hu\/hu\/oltas\">https:\/\/oltokozpont.hu\/hu\/oltas<\/a><\/p>\n<p class=\"\"><a href=\"http:\/\/www.molnarmariann-homeopatia.eu\/WP\/wp-content\/uploads\/2020\/08\/oltas_illuzio.pdf\" target=\"_blank\" rel=\"noopener noreferrer\">Olt\u00e1s-ill\u00fazi\u00f3<\/a><\/p>\n<p class=\"\">&nbsp;<\/p>\n<\/div>\n<\/div>\n<\/div>\n<\/div>\n","protected":false},"excerpt":{"rendered":"<p>Gondolatok az olt\u00e1sokr\u00f3l &nbsp; Neb\u00e1ncsvir\u00e1g Egyes\u00fclet: https:\/\/nebancs.hu\/ K\u00f6telez\u0151 helyett v\u00e1laszhat\u00f3 mozgalom: http:\/\/www.valaszthato-oltas.hu\/ Robert F. Kennedy oldala: https:\/\/childrenshealthdefense.org\/kennedy-news-views\/ Ty and Charlene Bollinger: https:\/\/thetruthaboutvaccines.com\/about\/ Szendi G\u00e1bor oldal\u00e1n: https:\/\/www.tenyek-tevhitek.hu\/vedooltas-vakcina-csecsemo.htm , &nbsp;&nbsp;&nbsp;&nbsp;&nbsp;&nbsp;&nbsp;&nbsp;&nbsp;&nbsp;&nbsp;&nbsp;&nbsp;&nbsp;&nbsp;&nbsp;&nbsp;&nbsp;&nbsp;&nbsp;&nbsp;&nbsp;&nbsp;&nbsp;&nbsp;&nbsp;&nbsp;&nbsp;&nbsp;&nbsp;&nbsp;&nbsp;&nbsp;&nbsp;&nbsp;&nbsp;&nbsp; &nbsp;&nbsp;https:\/\/www.tenyek-tevhitek.hu\/higgadtan_az_oltasokrol.htm &nbsp; m\u00f3dszertani lev\u00e9l 2o2o: https:\/\/www.antsz.hu\/felso_menu\/temaink\/jarvany\/modszertani_levelek\/VML_2020.html https:\/\/www.publichealth.hscni.net\/sites\/default\/files\/Immunisation%20for%20babies%20up%20to%201%20year%20old%2006_17_HUNGARIAN_Final-title.pdf https:\/\/oltokozpont.hu\/hu\/oltas Olt\u00e1s-ill\u00fazi\u00f3 &nbsp;<\/p>\n","protected":false},"author":2,"featured_media":0,"parent":0,"menu_order":0,"comment_status":"closed","ping_status":"closed","template":"template\/page\/fullwidth.php","meta":{"bgseo_title":"","bgseo_description":"","bgseo_robots_index":"index","bgseo_robots_follow":"follow","footnotes":""},"class_list":["post-618","page","type-page","status-publish","hentry"],"_links":{"self":[{"href":"http:\/\/www.molnarmariann-homeopatia.eu\/WP\/wp-json\/wp\/v2\/pages\/618","targetHints":{"allow":["GET"]}}],"collection":[{"href":"http:\/\/www.molnarmariann-homeopatia.eu\/WP\/wp-json\/wp\/v2\/pages"}],"about":[{"href":"http:\/\/www.molnarmariann-homeopatia.eu\/WP\/wp-json\/wp\/v2\/types\/page"}],"author":[{"embeddable":true,"href":"http:\/\/www.molnarmariann-homeopatia.eu\/WP\/wp-json\/wp\/v2\/users\/2"}],"replies":[{"embeddable":true,"href":"http:\/\/www.molnarmariann-homeopatia.eu\/WP\/wp-json\/wp\/v2\/comments?post=618"}],"version-history":[{"count":3,"href":"http:\/\/www.molnarmariann-homeopatia.eu\/WP\/wp-json\/wp\/v2\/pages\/618\/revisions"}],"predecessor-version":[{"id":625,"href":"http:\/\/www.molnarmariann-homeopatia.eu\/WP\/wp-json\/wp\/v2\/pages\/618\/revisions\/625"}],"wp:attachment":[{"href":"http:\/\/www.molnarmariann-homeopatia.eu\/WP\/wp-json\/wp\/v2\/media?parent=618"}],"curies":[{"name":"wp","href":"https:\/\/api.w.org\/{rel}","templated":true}]}}