{"id":885,"date":"2022-03-26T13:34:58","date_gmt":"2022-03-26T13:34:58","guid":{"rendered":"http:\/\/www.molnarmariann-homeopatia.eu\/WP\/newsletter\/"},"modified":"2022-04-10T09:31:43","modified_gmt":"2022-04-10T09:31:43","slug":"newsletter","status":"publish","type":"page","link":"http:\/\/www.molnarmariann-homeopatia.eu\/WP\/newsletter\/","title":{"rendered":"H\u00edrlev\u00e9l"},"content":{"rendered":"<div class=\"boldgrid-section\">\n<div class=\"container\">\n<div class=\"row\">\n<div class=\"col-md-12 col-xs-12 col-sm-12\">\n<div class=\"tnp tnp-subscription \">\n<form method=\"post\" action=\"http:\/\/www.molnarmariann-homeopatia.eu\/WP\/wp-admin\/admin-ajax.php?action=tnp&amp;na=s\">\n<input type=\"hidden\" name=\"nlang\" value=\"\">\n<div class=\"tnp-field tnp-field-firstname\"><label for=\"tnp-1\">N\u00e9v<\/label>\n<input class=\"tnp-name\" type=\"text\" name=\"nn\" id=\"tnp-1\" value=\"\" placeholder=\"\"><\/div>\n<div class=\"tnp-field tnp-field-email\"><label for=\"tnp-2\">Email<\/label>\n<input class=\"tnp-email\" type=\"email\" name=\"ne\" id=\"tnp-2\" value=\"\" placeholder=\"\" required><\/div>\n<div class=\"tnp-field tnp-privacy-field\"><label><input type=\"checkbox\" name=\"ny\" required class=\"tnp-privacy\"> <a target=\"_blank\" href=\"http:\/\/www.molnarmariann-homeopatia.eu\/WP\/gdpr-adatkezelesi-tajekoztato\/\">A folytat\u00e1ssal elfogadja adatkezel\u00e9si t\u00e1j\u00e9koztat\u00f3nkat<\/a><\/label><\/div><div class=\"tnp-field tnp-field-button\" style=\"text-align: left\"><input class=\"tnp-submit\" type=\"submit\" value=\"Feliratkoz\u00e1s\" style=\"\">\n<\/div>\n<\/form>\n<\/div>\n\n<\/div>\n<\/div>\n<\/div>\n<\/div>\n","protected":false},"excerpt":{"rendered":"","protected":false},"author":2,"featured_media":0,"parent":0,"menu_order":0,"comment_status":"closed","ping_status":"closed","template":"","meta":{"bgseo_title":"","bgseo_description":"","bgseo_robots_index":"index","bgseo_robots_follow":"follow","footnotes":""},"class_list":["post-885","page","type-page","status-publish","hentry"],"_links":{"self":[{"href":"http:\/\/www.molnarmariann-homeopatia.eu\/WP\/wp-json\/wp\/v2\/pages\/885","targetHints":{"allow":["GET"]}}],"collection":[{"href":"http:\/\/www.molnarmariann-homeopatia.eu\/WP\/wp-json\/wp\/v2\/pages"}],"about":[{"href":"http:\/\/www.molnarmariann-homeopatia.eu\/WP\/wp-json\/wp\/v2\/types\/page"}],"author":[{"embeddable":true,"href":"http:\/\/www.molnarmariann-homeopatia.eu\/WP\/wp-json\/wp\/v2\/users\/2"}],"replies":[{"embeddable":true,"href":"http:\/\/www.molnarmariann-homeopatia.eu\/WP\/wp-json\/wp\/v2\/comments?post=885"}],"version-history":[{"count":1,"href":"http:\/\/www.molnarmariann-homeopatia.eu\/WP\/wp-json\/wp\/v2\/pages\/885\/revisions"}],"predecessor-version":[{"id":898,"href":"http:\/\/www.molnarmariann-homeopatia.eu\/WP\/wp-json\/wp\/v2\/pages\/885\/revisions\/898"}],"wp:attachment":[{"href":"http:\/\/www.molnarmariann-homeopatia.eu\/WP\/wp-json\/wp\/v2\/media?parent=885"}],"curies":[{"name":"wp","href":"https:\/\/api.w.org\/{rel}","templated":true}]}}