{"id":904,"date":"2022-04-18T13:27:25","date_gmt":"2022-04-18T13:27:25","guid":{"rendered":"http:\/\/www.molnarmariann-homeopatia.eu\/WP\/?page_id=904"},"modified":"2026-03-29T10:17:26","modified_gmt":"2026-03-29T10:17:26","slug":"hirlevelek","status":"publish","type":"page","link":"http:\/\/www.molnarmariann-homeopatia.eu\/WP\/hirlevelek\/","title":{"rendered":"H\u00edrlevelek"},"content":{"rendered":"<div class=\"boldgrid-section\">\n<div class=\"container\">\n<div class=\"row\">\n<div class=\"col-md-12 col-xs-12 col-sm-12 col-lg-12\">\n<p class=\"\">Itt megtal\u00e1lj\u00e1k az eddig kik\u00fcld\u00f6tt h\u00edrleveleket.<\/p>\n<p class=\"\"><a href=\"http:\/\/www.molnarmariann-homeopatia.eu\/WP\/wp-content\/uploads\/2026\/03\/60.-hatvanadik-hirlevel-26o33o.pdf\" target=\"_blank\" rel=\"noopener\">60. h\u00edrlev\u00e9l &#8211; 2026.03.29.<\/a><\/p>\n<p class=\"\"><a href=\"http:\/\/www.molnarmariann-homeopatia.eu\/WP\/wp-content\/uploads\/2026\/03\/59.-otvenkilencedik-hirlevel-26o317.pdf\" target=\"_blank\" rel=\"noopener\">59. h\u00edrlev\u00e9l &#8211; 2026.03.17<\/a><\/p>\n<p class=\"\"><a href=\"http:\/\/www.molnarmariann-homeopatia.eu\/WP\/wp-content\/uploads\/2026\/02\/58.-otvennyolcadik-hirlevel-26o212.pdf\" target=\"_blank\" rel=\"noopener\">58. h\u00edrlev\u00e9l &#8211; 2026.02.12<\/a><\/p>\n<p class=\"\"><a href=\"http:\/\/www.molnarmariann-homeopatia.eu\/WP\/wp-content\/uploads\/2026\/01\/57.-otvenhetedik-hirlevel-26o13o.pdf\">57. h\u00edrlev\u00e9l &#8211; 2026.01.31.<\/a><\/p>\n<p class=\"\"><a href=\"http:\/\/www.molnarmariann-homeopatia.eu\/WP\/wp-content\/uploads\/2026\/01\/56.-otvenhatodik-hirlevel-26o1o5.pdf\" target=\"_blank\" rel=\"noopener\">56. h\u00edrlev\u00e9l &#8211; 2026.01.05.<\/a><\/p>\n<p class=\"\"><a href=\"http:\/\/www.molnarmariann-homeopatia.eu\/WP\/wp-content\/uploads\/2025\/12\/55.-otvenotodik-hirlevel-251212.pdf\" target=\"_blank\" rel=\"noopener\">55.h\u00edrlev\u00e9l &#8211; 2025.12.13.<\/a><\/p>\n<p class=\"\"><a href=\"http:\/\/www.molnarmariann-homeopatia.eu\/WP\/wp-content\/uploads\/2025\/11\/54.-otvennegyedik-hirlevel-251123.pdf\" target=\"_blank\" rel=\"noopener\">54. h\u00edrlev\u00e9l &#8211; 2025.11.22.<\/a><\/p>\n<p class=\"\"><a href=\"http:\/\/www.molnarmariann-homeopatia.eu\/WP\/wp-content\/uploads\/2025\/10\/53.-otvenharmadik-hirlevel-251oo3.pdf\" target=\"_blank\" rel=\"noopener\">53. h\u00edrlev\u00e9l &#8211; 2025.10.03.<\/a><\/p>\n<p class=\"\"><a href=\"http:\/\/www.molnarmariann-homeopatia.eu\/WP\/wp-content\/uploads\/2025\/08\/52.-otvenkettedik-hirlevel-25o831.pdf\" target=\"_blank\" rel=\"noopener\">52. h\u00edrlev\u00e9l &#8211; 2025.08.30<\/a><\/p>\n<p class=\"\"><a href=\"http:\/\/www.molnarmariann-homeopatia.eu\/WP\/wp-content\/uploads\/2025\/08\/51.-25o827.pdf\" target=\"_blank\" rel=\"noopener\">51. h\u00edrlev\u00e9l &#8211; 2025.08.28.<\/a><\/p>\n<p class=\"\"><a href=\"http:\/\/www.molnarmariann-homeopatia.eu\/WP\/wp-content\/uploads\/2025\/06\/50.-otvenedik-hirlevel-25o628.pdf\" target=\"_blank\" rel=\"noopener\">50. h\u00edrlev\u00e9l &#8211; 2025.06.28<\/a><\/p>\n<p class=\"\"><a href=\"http:\/\/www.molnarmariann-homeopatia.eu\/WP\/wp-content\/uploads\/2025\/05\/49.-negyvenkilencedik-hirlevel-25o527.pdf\" target=\"_blank\" rel=\"noopener\">49. h\u00edrlev\u00e9l &#8211; 2025.05.28.<\/a><\/p>\n<p class=\"\"><a href=\"http:\/\/www.molnarmariann-homeopatia.eu\/WP\/wp-content\/uploads\/2025\/05\/48.negyvennyolcadik-hirlevel-25o5o5.pdf\" target=\"_blank\" rel=\"noopener\">48.h\u00edrlev\u00e9l &#8211; 2025.05.05.<\/a><\/p>\n<p class=\"\"><a href=\"http:\/\/www.molnarmariann-homeopatia.eu\/WP\/wp-content\/uploads\/2025\/04\/47.-negyvenhetedik-hirlevel-25o427.pdf\" target=\"_blank\" rel=\"noopener\">47. h\u00edrlev\u00e9l &#8211; 2025.04.29.<\/a><\/p>\n<p class=\"\"><a href=\"http:\/\/www.molnarmariann-homeopatia.eu\/WP\/wp-content\/uploads\/2025\/04\/46.-negyvenhatodik-hirlevel-25o416.pdf\" target=\"_blank\" rel=\"noopener\">46. h\u00edrlev\u00e9l &#8211; 2025.04.17.<\/a><\/p>\n<p class=\"\"><a href=\"http:\/\/www.molnarmariann-homeopatia.eu\/WP\/wp-content\/uploads\/2025\/03\/45.-negyvenotodik-hirlevel-25o33o.pdf\" target=\"_blank\" rel=\"noopener\">45. h\u00edrlev\u00e9l &#8211; 2025.03.31<\/a><\/p>\n<p class=\"\"><a href=\"http:\/\/www.molnarmariann-homeopatia.eu\/WP\/wp-content\/uploads\/2025\/03\/44.-25o315.pdf\" target=\"_blank\" rel=\"noopener\">44. h\u00edrlev\u00e9l &#8211; 2025.03.15.<\/a><\/p>\n<p class=\"\"><a href=\"http:\/\/www.molnarmariann-homeopatia.eu\/WP\/wp-content\/uploads\/2025\/02\/bucsuzunk_TGy.pdf\" target=\"_blank\" rel=\"noopener\">b\u00facs\u00fa Tak\u00e1cs Gy\u00f6rgyit\u0151l, az \u00fajj\u00e1sz\u00fcletett magyar homeop\u00e1tia \u00fatt\u00f6r\u0151j\u00e9t\u0151l<\/a><\/p>\n<p class=\"\"><a href=\"http:\/\/www.molnarmariann-homeopatia.eu\/WP\/wp-content\/uploads\/2025\/02\/43.-negyvenharmadik-hirlevel-25o214.pdf\" target=\"_blank\" rel=\"noopener\">43. h\u00edrlev\u00e9l &#8211; 2025.02.14.<\/a><\/p>\n<p class=\"\"><a href=\"http:\/\/www.molnarmariann-homeopatia.eu\/WP\/wp-content\/uploads\/2025\/01\/42.-negyvenkettedik-hirlevel-25o119.pdf\" target=\"_blank\" rel=\"noopener\">42. h\u00edrlev\u00e9l &#8211; 2025.01.19.<\/a><\/p>\n<p class=\"\"><a href=\"http:\/\/www.molnarmariann-homeopatia.eu\/WP\/wp-content\/uploads\/2024\/12\/41.-negyvenegyedik-hirlevel-241218.pdf\" target=\"_blank\" rel=\"noopener\">Negyvenegyedik h\u00edrlev\u00e9l &#8211; 2024.12.18.<\/a><\/p>\n<p class=\"\"><a href=\"http:\/\/www.molnarmariann-homeopatia.eu\/WP\/wp-content\/uploads\/2024\/11\/40.-negyvenedik-hirlevel-241124.pdf\" target=\"_blank\" rel=\"noopener\">Negyvenedik h\u00edrlev\u00e9l &#8211; 2024.11.26.<\/a><\/p>\n<p class=\"\"><a href=\"http:\/\/www.molnarmariann-homeopatia.eu\/WP\/wp-content\/uploads\/2024\/10\/39.-harminckilencedik-hirlevel-241o16.pdf\" target=\"_blank\" rel=\"noopener\">Harminckilencedik h\u00edrlev\u00e9l &#8211; 2024.10.16.<\/a><\/p>\n<p class=\"\"><a href=\"http:\/\/www.molnarmariann-homeopatia.eu\/WP\/wp-content\/uploads\/2024\/10\/38.-harmincnyolcadik-hirlevel-241oo5-.pdf\" target=\"_blank\" rel=\"noopener\">Harmincnyolcadik h\u00edrlev\u00e9l &#8211; 2024.10.06.<\/a><\/p>\n<p class=\"\"><a href=\"http:\/\/www.molnarmariann-homeopatia.eu\/WP\/wp-content\/uploads\/2024\/08\/37.-harminchetedik-hirlevel-24o822.pdf\" target=\"_blank\" rel=\"noopener\">Harminchetedik h\u00edrlev\u00e9l &#8211; 2024.08.23.<\/a><\/p>\n<p class=\"\"><a href=\"http:\/\/www.molnarmariann-homeopatia.eu\/WP\/wp-content\/uploads\/2024\/07\/36.-harminchatodik-hirlevel-24o7o5-5-eves-az-IM.pdf\" target=\"_blank\" rel=\"noopener\">Harminchatodik h\u00edrlev\u00e9l &#8211; 2024.07.05.<\/a><\/p>\n<p class=\"\"><a href=\"http:\/\/www.molnarmariann-homeopatia.eu\/WP\/wp-content\/uploads\/2024\/06\/35.-harmincotodik-hirlevel-24o63o.pdf\" target=\"_blank\" rel=\"noopener\">Harminc\u00f6t\u00f6dik h\u00edrlev\u00e9l &#8211; 2024.06.30.<\/a><\/p>\n<p class=\"\"><a href=\"http:\/\/www.molnarmariann-homeopatia.eu\/WP\/wp-content\/uploads\/2024\/06\/34.-harmincnegyedik-hirlevel-24o531.pdf\">Harmincnegyedik h\u00edrlev\u00e9l &#8211; 2024.06.01.<\/a><\/p>\n<p class=\"\"><a href=\"http:\/\/www.molnarmariann-homeopatia.eu\/WP\/wp-content\/uploads\/2024\/05\/33.-harmincharmadik-hirlevel-24o52o.pdf\" target=\"_blank\" rel=\"noopener\">Harmincharmadik h\u00edrlev\u00e9l &#8211; 2024.05.20.<\/a><\/p>\n<p class=\"\"><a href=\"http:\/\/www.molnarmariann-homeopatia.eu\/WP\/wp-content\/uploads\/2024\/05\/32.-harminckettedik-hirleves-24o512.pdf\">Harminckettedik h\u00edrlev\u00e9l &#8211; 2024.05.13.<\/a><\/p>\n<p class=\"\"><a href=\"http:\/\/www.molnarmariann-homeopatia.eu\/WP\/wp-content\/uploads\/2024\/04\/a-Bringas-sztori.pdf\" target=\"_blank\" rel=\"noopener\">a Bring\u00e1s sztori<\/a><\/p>\n<p class=\"\"><a href=\"http:\/\/www.molnarmariann-homeopatia.eu\/WP\/wp-content\/uploads\/2024\/04\/31.-harmincegyedik-hirlevel-24o4o7.pdf\" target=\"_blank\" rel=\"noopener\">Harmincegyedik h\u00edrlev\u00e9l &#8211; 2024.04.08.<\/a><\/p>\n<p class=\"\"><a href=\"http:\/\/www.molnarmariann-homeopatia.eu\/WP\/wp-content\/uploads\/2024\/03\/30.-harmincadik-hrlevel-24o327.pdf\" target=\"_blank\" rel=\"noopener\">Harmincadik h\u00edrlev\u00e9l &#8211; 2024.03.27.<\/a><\/p>\n<p class=\"\"><a href=\"http:\/\/www.molnarmariann-homeopatia.eu\/WP\/wp-content\/uploads\/2024\/03\/29.-huszonkilencedik-hirlevel-24o315.pdf\" target=\"_blank\" rel=\"noopener\">Huszonkilencedik h\u00edrlev\u00e9l &#8211; 2024.03.15.<\/a><\/p>\n<p class=\"\"><a href=\"http:\/\/www.molnarmariann-homeopatia.eu\/WP\/wp-content\/uploads\/2024\/02\/28.-huszonnyolcadik-hirlevel-24o2o5.pdf\" target=\"_blank\" rel=\"noopener\">Huszonnyolcadik h\u00edrlev\u00e9l &#8211; 2024.02.04.<\/a><\/p>\n<p class=\"\"><a href=\"http:\/\/www.molnarmariann-homeopatia.eu\/WP\/wp-content\/uploads\/2024\/01\/27.-huszonhetedik-hirlevel-24o116.pdf\" target=\"_blank\" rel=\"noopener\">Huszonhetedik h\u00edrlev\u00e9l &#8211; 2024.01.16.<\/a><\/p>\n<p class=\"\"><a href=\"http:\/\/www.molnarmariann-homeopatia.eu\/WP\/wp-content\/uploads\/2023\/12\/26.-huszonhatodik-hirlevel-231212.pdf\" target=\"_blank\" rel=\"noopener\">Huszonhatodik h\u00edrlev\u00e9l &#8211; 2023.12.11.<\/a><\/p>\n<p class=\"\"><a href=\"http:\/\/www.molnarmariann-homeopatia.eu\/WP\/wp-content\/uploads\/2023\/10\/25.-huszonotodik-hirlevel-231oo3.pdf\" target=\"_blank\" rel=\"noopener\">Huszon\u00f6t\u00f6dik h\u00edrlev\u00e9l &#8211; 2023.10.03.<\/a><\/p>\n<p class=\"\"><a href=\"http:\/\/www.molnarmariann-homeopatia.eu\/WP\/wp-content\/uploads\/2023\/09\/24.-huszonnegyedik-hirlevel-23o9o1.pdf\" target=\"_blank\" rel=\"noopener\">Huszonnegyedik h\u00edrlev\u00e9l &#8211; 2023.09.01.<\/a><\/p>\n<p class=\"\"><a href=\"http:\/\/www.molnarmariann-homeopatia.eu\/WP\/wp-content\/uploads\/2023\/08\/23.-huszonharmadik-hirlevel-23o8o5.pdf\" target=\"_blank\" rel=\"noopener\">Huszonharmadik h\u00edrlev\u00e9l &#8211; 2023.08.05.<\/a><\/p>\n<p class=\"\"><a href=\"http:\/\/www.molnarmariann-homeopatia.eu\/WP\/wp-content\/uploads\/2023\/07\/22.-huszonkettedik-hirlevel-23o7o2.pdf\" target=\"_blank\" rel=\"noopener\">Huszonkettedik h\u00edrlev\u00e9l &#8211; 2023.07.02.<\/a><\/p>\n<p class=\"\"><a href=\"http:\/\/www.molnarmariann-homeopatia.eu\/WP\/wp-content\/uploads\/2023\/06\/21.-23o62o.pdf\" target=\"_blank\" rel=\"noopener\">Huszonegyedik h\u00edrlev\u00e9l &#8211; 2023.06.20.<\/a><\/p>\n<p class=\"\"><a href=\"http:\/\/www.molnarmariann-homeopatia.eu\/WP\/wp-content\/uploads\/2023\/06\/20.-huszadik-hirlevel-23o612.pdf\" target=\"_blank\" rel=\"noopener\">Huszadik h\u00edrlev\u00e9l &#8211; 2023.06.12.<\/a><\/p>\n<p class=\"\"><a href=\"http:\/\/www.molnarmariann-homeopatia.eu\/WP\/wp-content\/uploads\/2023\/05\/19.-tizenkilencedik-hirlevel1-23o526.pdf\" target=\"_blank\" rel=\"noopener\">Tizenkilencedik h\u00edrlev\u00e9l &#8211; 2023.05.26.<\/a><\/p>\n<p class=\"\"><a href=\"http:\/\/www.molnarmariann-homeopatia.eu\/WP\/wp-content\/uploads\/2023\/05\/18.-23o519.pdf\" target=\"_blank\" rel=\"noopener\">Tizennyolcadik h\u00edrlev\u00e9l &#8211; 2023.05.19.<\/a><\/p>\n<p class=\"\"><a href=\"http:\/\/www.molnarmariann-homeopatia.eu\/WP\/wp-content\/uploads\/2023\/04\/17.tizenhetedik-hirlevel-jav-23o411.pdf\" target=\"_blank\" rel=\"noopener\">Tizenhetedik h\u00edrlev\u00e9l &#8211; 2023.04.11<\/a><\/p>\n<p class=\"\"><a href=\"http:\/\/www.molnarmariann-homeopatia.eu\/WP\/wp-content\/uploads\/2023\/04\/16.-tizenhatodik-hirlevel-23o4o2.pdf\" target=\"_blank\" rel=\"noopener\">Tizenhatodik h\u00edrlev\u00e9l &#8211; 2023.04.02<\/a><\/p>\n<p class=\"\"><a href=\"http:\/\/www.molnarmariann-homeopatia.eu\/WP\/wp-content\/uploads\/2023\/03\/15.-tizenotodik-hirlevel-23o32o.pdf\" target=\"_blank\" rel=\"noopener\">Tizen\u00f6t\u00f6dik h\u00edrlev\u00e9l &#8211; 2023.03.20<\/a><\/p>\n<p class=\"\"><a href=\"http:\/\/www.molnarmariann-homeopatia.eu\/WP\/wp-content\/uploads\/2023\/03\/14.-tizennegyedik-hirlevel-23o312.pdf\" target=\"_blank\" rel=\"noopener\">Tizennegyedik h\u00edrlev\u00e9l &#8211; 2023.03.12<\/a><\/p>\n<p class=\"\"><a href=\"http:\/\/www.molnarmariann-homeopatia.eu\/WP\/hirlevelek\/\" target=\"_blank\" rel=\"noopener\">Tizenharmadik h\u00edrlev\u00e9l &#8211; 2023.02.16<\/a><\/p>\n<p class=\"\"><a href=\"http:\/\/www.molnarmariann-homeopatia.eu\/WP\/wp-content\/uploads\/2023\/01\/11.-tizenegyedik-hirlevel-23o1o9.pdf\" target=\"_blank\" rel=\"noopener\">Tizenegyedik h\u00edrlev\u00e9l &#8211; 2023.01.09<\/a><\/p>\n<p class=\"\"><a href=\"http:\/\/www.molnarmariann-homeopatia.eu\/WP\/wp-content\/uploads\/2022\/12\/10.-tizedik-hirlevel-221212.pdf\" target=\"_blank\" rel=\"noopener\">Tizedik h\u00edrlev\u00e9l &#8211; 2022.12.11.<\/a><\/p>\n<p class=\"\"><a href=\"http:\/\/www.molnarmariann-homeopatia.eu\/WP\/wp-content\/uploads\/2022\/10\/9.-kilencedik-hirlevel-221o18.1.pdf\" target=\"_blank\" rel=\"noopener\">Kilencedik h\u00edrlev\u00e9l &#8211; 2022.10.18.<\/a><\/p>\n<p class=\"\"><a href=\"http:\/\/www.molnarmariann-homeopatia.eu\/WP\/wp-content\/uploads\/2022\/10\/8.-Nyolcadik-hirlevel-221oo7.pdf\" target=\"_blank\" rel=\"noopener\">Nyolcadik h\u00edrlev\u00e9l &#8211; 2022.10.07<\/a><\/p>\n<p class=\"\"><a href=\"http:\/\/www.molnarmariann-homeopatia.eu\/WP\/newsletter\/\" target=\"_blank\" rel=\"noopener\">Hetedik h\u00edrlev\u00e9l &#8211; 2022.08.27<\/a><\/p>\n<p class=\"\"><a href=\"http:\/\/www.molnarmariann-homeopatia.eu\/WP\/wp-content\/uploads\/2022\/08\/6.-Hatodik-hirlevel-22o8o1.pdf\" target=\"_blank\" rel=\"noopener\">Hatodik h\u00edrlev\u00e9l &#8211; 2022.08.01<\/a><\/p>\n<p class=\"\"><a href=\"http:\/\/www.molnarmariann-homeopatia.eu\/WP\/wp-content\/uploads\/2022\/06\/5.-Otodik-hirlevel-22o616.pdf\" target=\"_blank\" rel=\"noopener\">\u00d6t\u00f6dik h\u00edrlev\u00e9l &#8211; 2022.o6.16<\/a><\/p>\n<p class=\"\"><a href=\"http:\/\/www.molnarmariann-homeopatia.eu\/WP\/wp-content\/uploads\/2022\/05\/4.-Negyedik-hirlevel-22o531.pdf\" target=\"_blank\" rel=\"noopener\">Negyedik h\u00edrlev\u00e9l &#8211; 2022.05.31.<\/a><\/p>\n<p class=\"\"><a href=\"http:\/\/www.molnarmariann-homeopatia.eu\/WP\/wp-content\/uploads\/2022\/05\/3.-Harmadik-hirlevel-22o52o.pdf\" target=\"_blank\" rel=\"noopener\">Harmadik h\u00edrlev\u00e9l &#8211; 2022.05.20.<\/a><\/p>\n<p class=\"\"><a href=\"http:\/\/www.molnarmariann-homeopatia.eu\/WP\/wp-content\/uploads\/2022\/04\/2.-Masodik-hirlevel-22o429.pdf\" target=\"_blank\" rel=\"noopener\">M\u00e1sodik h\u00edrlev\u00e9l &#8211; 2022.04.29<\/a><\/p>\n<p class=\"\"><a href=\"http:\/\/www.molnarmariann-homeopatia.eu\/WP\/wp-content\/uploads\/2022\/04\/Elso_hirlevel_22o413.pdf\" target=\"_blank\" rel=\"noopener\">Els\u0151 h\u00edrlev\u00e9l &#8211; 2022.04.13<\/a><\/p>\n<h3 class=\"\"><a href=\"http:\/\/www.molnarmariann-homeopatia.eu\/WP\/newsletter\/\" target=\"_blank\" rel=\"noopener\"><strong><span style=\"color: #ff0000;\">FELIRATKOZ\u00c1S A H\u00cdRLEV\u00c9LRE<\/span><\/strong><\/a><\/h3>\n<\/div>\n<\/div>\n<\/div>\n<\/div>\n","protected":false},"excerpt":{"rendered":"<p>Itt megtal\u00e1lj\u00e1k az eddig kik\u00fcld\u00f6tt h\u00edrleveleket. 60. h\u00edrlev\u00e9l &#8211; 2026.03.29. 59. h\u00edrlev\u00e9l &#8211; 2026.03.17 58. h\u00edrlev\u00e9l &#8211; 2026.02.12 57. h\u00edrlev\u00e9l &#8211; 2026.01.31. 56. h\u00edrlev\u00e9l &#8211; 2026.01.05. 55.h\u00edrlev\u00e9l &#8211; 2025.12.13. 54. h\u00edrlev\u00e9l &#8211; 2025.11.22. 53. h\u00edrlev\u00e9l &#8211; 2025.10.03. 52. h\u00edrlev\u00e9l &#8211;&#8230;<br \/><a class=\"read-more-button\" href=\"http:\/\/www.molnarmariann-homeopatia.eu\/WP\/hirlevelek\/\">Read more<\/a><\/p>\n","protected":false},"author":2,"featured_media":0,"parent":0,"menu_order":0,"comment_status":"closed","ping_status":"closed","template":"template\/page\/fullwidth.php","meta":{"bgseo_title":"","bgseo_description":"","bgseo_robots_index":"index","bgseo_robots_follow":"follow","footnotes":""},"class_list":["post-904","page","type-page","status-publish","hentry"],"_links":{"self":[{"href":"http:\/\/www.molnarmariann-homeopatia.eu\/WP\/wp-json\/wp\/v2\/pages\/904","targetHints":{"allow":["GET"]}}],"collection":[{"href":"http:\/\/www.molnarmariann-homeopatia.eu\/WP\/wp-json\/wp\/v2\/pages"}],"about":[{"href":"http:\/\/www.molnarmariann-homeopatia.eu\/WP\/wp-json\/wp\/v2\/types\/page"}],"author":[{"embeddable":true,"href":"http:\/\/www.molnarmariann-homeopatia.eu\/WP\/wp-json\/wp\/v2\/users\/2"}],"replies":[{"embeddable":true,"href":"http:\/\/www.molnarmariann-homeopatia.eu\/WP\/wp-json\/wp\/v2\/comments?post=904"}],"version-history":[{"count":10,"href":"http:\/\/www.molnarmariann-homeopatia.eu\/WP\/wp-json\/wp\/v2\/pages\/904\/revisions"}],"predecessor-version":[{"id":1683,"href":"http:\/\/www.molnarmariann-homeopatia.eu\/WP\/wp-json\/wp\/v2\/pages\/904\/revisions\/1683"}],"wp:attachment":[{"href":"http:\/\/www.molnarmariann-homeopatia.eu\/WP\/wp-json\/wp\/v2\/media?parent=904"}],"curies":[{"name":"wp","href":"https:\/\/api.w.org\/{rel}","templated":true}]}}